{"id":865,"date":"2018-07-05T16:33:11","date_gmt":"2018-07-05T16:33:11","guid":{"rendered":"https:\/\/mercadoernc.minenergia.cl\/?page_id=865"},"modified":"2021-12-01T12:51:48","modified_gmt":"2021-12-01T12:51:48","slug":"6-5-servicios-complementarios-y-ernc","status":"publish","type":"page","link":"https:\/\/mercadoernc.minenergia.cl\/?page_id=865","title":{"rendered":"6.5 Servicios complementarios y ERNC"},"content":{"rendered":"<p>[vc_row][vc_column width=\u00bb1\/4&#8243;][vc_tta_accordion active_section=\u00bb1&#8243; collapsible_all=\u00bbtrue\u00bb][vc_tta_section i_icon_fontawesome=\u00bbfa fa-plus\u00bb add_icon=\u00bbtrue\u00bb title=\u00bbOperaci\u00f3n Comercial\u00bb tab_id=\u00bb1638363002425-be6fb2c1-929a\u00bb][vc_column_text]<\/p>\n<ul>\n<li style=\"text-align: left;\"><span class=\"outer\"><span class=\"inner\"><a href=\"https:\/\/mercadoernc.minenergia.cl\/?page_id=823\" rel=\"noopener\">6. Operaci\u00f3n comercial en el mercado<\/a><\/span><\/span><\/li>\n<li style=\"text-align: left;\"><span class=\"outer\"><span class=\"inner\"><a href=\"https:\/\/mercadoernc.minenergia.cl\/?page_id=832\" rel=\"noopener\">6.1 Descripci\u00f3n general de alternativas de comercializaci\u00f3n<\/a><\/span><\/span><\/li>\n<li style=\"text-align: left;\"><span class=\"outer\"><span class=\"inner\"><a href=\"https:\/\/mercadoernc.minenergia.cl\/?page_id=842\" rel=\"noopener\">6.2 Las alternativas de comercializaci\u00f3n<\/a><\/span><\/span><\/li>\n<li style=\"text-align: left;\"><span class=\"outer\"><span class=\"inner\"><a href=\"https:\/\/mercadoernc.minenergia.cl\/?page_id=845\" rel=\"noopener\">6.3 Pago por uso de las redes<\/a><\/span><\/span><\/li>\n<li style=\"text-align: left;\"><span class=\"outer\"><span class=\"inner\"><a href=\"https:\/\/mercadoernc.minenergia.cl\/?page_id=862\" rel=\"noopener\">6.4 Exenci\u00f3n de peajes<\/a><\/span><\/span><\/li>\n<li style=\"text-align: left;\"><span class=\"outer\"><span class=\"inner\"><a href=\"https:\/\/mercadoernc.minenergia.cl\/?page_id=865\" rel=\"noopener\">6.5 Servicios complementarios y ERNC<\/a><\/span><\/span><\/li>\n<\/ul>\n<p>[\/vc_column_text][\/vc_tta_section][\/vc_tta_accordion][\/vc_column][vc_column width=\u00bb3\/4&#8243;][vc_column_text]<\/p>\n<h1>6.5 Servicios complementarios y ERNC<\/h1>\n<p>Como se describe en la <a href=\"https:\/\/mercadoernc.minenergia.cl\/?page_id=675#servicioscomplementarios\" target=\"_blank\" rel=\"noopener\">secci\u00f3n 3.5.2<\/a>., en el nuevo reglamento de servicios complementarios (D.S. N\u00b0113 de 2019) se especifica la remuneraci\u00f3n de dichos servicios, los cuales ser\u00e1n adjudicados en subastas, licitaciones o ser\u00e1n prestados y\/o instalados directamente.<\/p>\n<p>La remuneraci\u00f3n deber\u00e1 considerar las componentes asociadas a la inversi\u00f3n, operaci\u00f3n y\/o mantenimiento de las instalaciones para la prestaci\u00f3n de dichos servicios o, alternativamente, componentes asociados a la disponibilidad y\/o activaci\u00f3n de los mismos. En el caso de servicios de control de frecuencia que no sean prestados por producto de una licitaci\u00f3n, la remuneraci\u00f3n deber\u00e1 contemplar la disponibilidad del recurso t\u00e9cnico y\/o la activaci\u00f3n de dicho servicio. La prestaci\u00f3n del servicio que involucre la inyecci\u00f3n de energ\u00eda al sistema el\u00e9ctrico, la remuneraci\u00f3n por activaci\u00f3n corresponder\u00e1 a la energ\u00eda inyectada valorizada al costo marginal.<\/p>\n<p>Cabe destacar que la NTSyCS impone exigencias para las tecnolog\u00edas solar y e\u00f3lica en cuanto a su participaci\u00f3n en el control de frecuencia y en el control de tensi\u00f3n. Por lo que estas tecnolog\u00edas est\u00e1n participando cada vez m\u00e1s en los servicios complementarios.[\/vc_column_text][vc_row_inner][vc_column_inner width=\u00bb1\/2&#8243;][vc_btn title=\u00bbAnterior\u00bb color=\u00bbgreen\u00bb align=\u00bbleft\u00bb i_icon_fontawesome=\u00bbfa fa-chevron-left\u00bb add_icon=\u00bbtrue\u00bb link=\u00bburl:https%3A%2F%2Fmercadoernc.minenergia.cl%2F%3Fpage_id%3D862|||\u00bb][\/vc_column_inner][vc_column_inner width=\u00bb1\/2&#8243;][\/vc_column_inner][\/vc_row_inner][\/vc_column][\/vc_row]<\/p>\n","protected":false},"excerpt":{"rendered":"<p>[vc_row][vc_column width=\u00bb1\/4&#8243;][vc_tta_accordion active_section=\u00bb1&#8243; collapsible_all=\u00bbtrue\u00bb][vc_tta_section i_icon_fontawesome=\u00bbfa fa-plus\u00bb add_icon=\u00bbtrue\u00bb title=\u00bbOperaci\u00f3n Comercial\u00bb tab_id=\u00bb1638363002425-be6fb2c1-929a\u00bb][vc_column_text] 6. Operaci\u00f3n comercial en el mercado 6.1 Descripci\u00f3n general de alternativas de comercializaci\u00f3n 6.2 Las alternativas de comercializaci\u00f3n 6.3 Pago por uso de las redes 6.4 Exenci\u00f3n de peajes 6.5 Servicios complementarios y ERNC [\/vc_column_text][\/vc_tta_section][\/vc_tta_accordion][\/vc_column][vc_column width=\u00bb3\/4&#8243;][vc_column_text] 6.5 Servicios complementarios y ERNC Como se describe en [&hellip;]<\/p>\n","protected":false},"author":3,"featured_media":0,"parent":823,"menu_order":0,"comment_status":"closed","ping_status":"closed","template":"","meta":{"_acf_changed":false,"footnotes":""},"class_list":["post-865","page","type-page","status-publish","hentry"],"acf":[],"_links":{"self":[{"href":"https:\/\/mercadoernc.minenergia.cl\/index.php?rest_route=\/wp\/v2\/pages\/865","targetHints":{"allow":["GET"]}}],"collection":[{"href":"https:\/\/mercadoernc.minenergia.cl\/index.php?rest_route=\/wp\/v2\/pages"}],"about":[{"href":"https:\/\/mercadoernc.minenergia.cl\/index.php?rest_route=\/wp\/v2\/types\/page"}],"author":[{"embeddable":true,"href":"https:\/\/mercadoernc.minenergia.cl\/index.php?rest_route=\/wp\/v2\/users\/3"}],"replies":[{"embeddable":true,"href":"https:\/\/mercadoernc.minenergia.cl\/index.php?rest_route=%2Fwp%2Fv2%2Fcomments&post=865"}],"version-history":[{"count":7,"href":"https:\/\/mercadoernc.minenergia.cl\/index.php?rest_route=\/wp\/v2\/pages\/865\/revisions"}],"predecessor-version":[{"id":4197,"href":"https:\/\/mercadoernc.minenergia.cl\/index.php?rest_route=\/wp\/v2\/pages\/865\/revisions\/4197"}],"up":[{"embeddable":true,"href":"https:\/\/mercadoernc.minenergia.cl\/index.php?rest_route=\/wp\/v2\/pages\/823"}],"wp:attachment":[{"href":"https:\/\/mercadoernc.minenergia.cl\/index.php?rest_route=%2Fwp%2Fv2%2Fmedia&parent=865"}],"curies":[{"name":"wp","href":"https:\/\/api.w.org\/{rel}","templated":true}]}}