{"id":862,"date":"2018-07-05T16:31:19","date_gmt":"2018-07-05T16:31:19","guid":{"rendered":"https:\/\/mercadoernc.minenergia.cl\/?page_id=862"},"modified":"2021-12-01T12:50:47","modified_gmt":"2021-12-01T12:50:47","slug":"6-4-exencion-de-peajes","status":"publish","type":"page","link":"https:\/\/mercadoernc.minenergia.cl\/?page_id=862","title":{"rendered":"6.4 Exenci\u00f3n de peajes"},"content":{"rendered":"<p>[vc_row][vc_column width=\u00bb1\/4&#8243;][vc_tta_accordion active_section=\u00bb1&#8243; collapsible_all=\u00bbtrue\u00bb][vc_tta_section i_icon_fontawesome=\u00bbfa fa-plus\u00bb add_icon=\u00bbtrue\u00bb title=\u00bbOperaci\u00f3n Comercial\u00bb tab_id=\u00bb1638362944741-85a2511b-17e6&#8243;][vc_column_text]<\/p>\n<ul>\n<li style=\"text-align: left;\"><span class=\"outer\"><span class=\"inner\"><a href=\"https:\/\/mercadoernc.minenergia.cl\/?page_id=823\" rel=\"noopener\">6. Operaci\u00f3n comercial en el mercado<\/a><\/span><\/span><\/li>\n<li style=\"text-align: left;\"><span class=\"outer\"><span class=\"inner\"><a href=\"https:\/\/mercadoernc.minenergia.cl\/?page_id=832\" rel=\"noopener\">6.1 Descripci\u00f3n general de alternativas de comercializaci\u00f3n<\/a><\/span><\/span><\/li>\n<li style=\"text-align: left;\"><span class=\"outer\"><span class=\"inner\"><a href=\"https:\/\/mercadoernc.minenergia.cl\/?page_id=842\" rel=\"noopener\">6.2 Las alternativas de comercializaci\u00f3n<\/a><\/span><\/span><\/li>\n<li style=\"text-align: left;\"><span class=\"outer\"><span class=\"inner\"><a href=\"https:\/\/mercadoernc.minenergia.cl\/?page_id=845\" rel=\"noopener\">6.3 Pago por uso de las redes<\/a><\/span><\/span><\/li>\n<li style=\"text-align: left;\"><span class=\"outer\"><span class=\"inner\"><a href=\"https:\/\/mercadoernc.minenergia.cl\/?page_id=862\" rel=\"noopener\">6.4 Exenci\u00f3n de peajes<\/a><\/span><\/span><\/li>\n<li style=\"text-align: left;\"><span class=\"outer\"><span class=\"inner\"><a href=\"https:\/\/mercadoernc.minenergia.cl\/?page_id=865\" rel=\"noopener\">6.5 Servicios complementarios y ERNC<\/a><\/span><\/span><\/li>\n<\/ul>\n<p>[\/vc_column_text][\/vc_tta_section][\/vc_tta_accordion][\/vc_column][vc_column width=\u00bb3\/4&#8243;][vc_column_text]<\/p>\n<h1>6.4 Exenci\u00f3n de peajes<\/h1>\n<p>Existe una exenci\u00f3n de peajes por uso del sistema de transmisi\u00f3n nacional para los medios de generaci\u00f3n no convencionales de hasta 20 MW. La exenci\u00f3n de peajes por uso del sistema de transmisi\u00f3n nacional es completa para aquellos MGNC con potencia inferior a 9 MW, y para aquellos entre 9 y 20 MW, se realiza un ajuste proporcional dependiendo de los excedentes de potencia inyectados al sistema. Por ejemplo, a un MGNC de 15 MW le corresponder\u00eda pagar el 55% del valor total del peaje, mientras que uno de 9 MW no pagar\u00eda peaje por uso del sistema nacional.<\/p>\n<p>Adem\u00e1s de la exenci\u00f3n de peajes anterior orientada a generaci\u00f3n no convencional, para el per\u00edodo comprendido entre el 1 de enero de 2019 y el 31 de diciembre de 2034, los propietarios de las centrales generadoras de cualquier tipo podr\u00e1n sujetarse a un mecanismo de eliminaci\u00f3n del pago peaje de inyecci\u00f3n. Para ello, las empresas generadoras, distribuidoras y clientes libres que tengan contratos vigentes de suministro al momento de la publicaci\u00f3n de la Ley de Transmisi\u00f3n y Coordinador Independiente del Sistema (julio de 2016) pueden optar a modificar estos contratos y acceder a la rebaja del pago de transmisi\u00f3n, si es que descuentan del precio del suministro de energ\u00eda el monto por uso de transmisi\u00f3n nacional. El descuento del precio de suministro de energ\u00eda que debe hacer la generadora es determinado por la Comisi\u00f3n Nacional de Energ\u00eda y el pago de peaje de transmisi\u00f3n eliminado es absorbido por todos los consumidores finales <span class=\"tooltips \" style=\"\" title=\"Art\u00edculo transitorio vigesimoquinto Letra E, &lt;a href=&quot;https:\/\/www.bcn.cl\/leychile\/navegar?i=1092695&amp;amp;f=2016-07-&quot; target=&quot;_blank&quot; rel=&quot;noopener&quot;&gt;Ley 20.936 de 2016&lt;\/a&gt;.\"><span style=\"color: #3366ff; cursor: pointer;\">[40]<\/span><\/span>.[\/vc_column_text][vc_row_inner][vc_column_inner width=\u00bb1\/2&#8243;][vc_btn title=\u00bbAnterior\u00bb color=\u00bbgreen\u00bb align=\u00bbleft\u00bb i_icon_fontawesome=\u00bbfa fa-chevron-left\u00bb add_icon=\u00bbtrue\u00bb link=\u00bburl:https%3A%2F%2Fmercadoernc.minenergia.cl%2F%3Fpage_id%3D845|||\u00bb][\/vc_column_inner][vc_column_inner width=\u00bb1\/2&#8243;][vc_btn title=\u00bbSiguiente\u00bb color=\u00bbgreen\u00bb align=\u00bbright\u00bb i_icon_fontawesome=\u00bbfa fa-chevron-right\u00bb add_icon=\u00bbtrue\u00bb link=\u00bburl:https%3A%2F%2Fmercadoernc.minenergia.cl%2F%3Fpage_id%3D865|||\u00bb][\/vc_column_inner][\/vc_row_inner][\/vc_column][\/vc_row]<\/p>\n","protected":false},"excerpt":{"rendered":"<p>[vc_row][vc_column width=\u00bb1\/4&#8243;][vc_tta_accordion active_section=\u00bb1&#8243; collapsible_all=\u00bbtrue\u00bb][vc_tta_section i_icon_fontawesome=\u00bbfa fa-plus\u00bb add_icon=\u00bbtrue\u00bb title=\u00bbOperaci\u00f3n Comercial\u00bb tab_id=\u00bb1638362944741-85a2511b-17e6&#8243;][vc_column_text] 6. Operaci\u00f3n comercial en el mercado 6.1 Descripci\u00f3n general de alternativas de comercializaci\u00f3n 6.2 Las alternativas de comercializaci\u00f3n 6.3 Pago por uso de las redes 6.4 Exenci\u00f3n de peajes 6.5 Servicios complementarios y ERNC [\/vc_column_text][\/vc_tta_section][\/vc_tta_accordion][\/vc_column][vc_column width=\u00bb3\/4&#8243;][vc_column_text] 6.4 Exenci\u00f3n de peajes Existe una exenci\u00f3n de peajes [&hellip;]<\/p>\n","protected":false},"author":3,"featured_media":0,"parent":823,"menu_order":0,"comment_status":"closed","ping_status":"closed","template":"","meta":{"_acf_changed":false,"footnotes":""},"class_list":["post-862","page","type-page","status-publish","hentry"],"acf":[],"_links":{"self":[{"href":"https:\/\/mercadoernc.minenergia.cl\/index.php?rest_route=\/wp\/v2\/pages\/862","targetHints":{"allow":["GET"]}}],"collection":[{"href":"https:\/\/mercadoernc.minenergia.cl\/index.php?rest_route=\/wp\/v2\/pages"}],"about":[{"href":"https:\/\/mercadoernc.minenergia.cl\/index.php?rest_route=\/wp\/v2\/types\/page"}],"author":[{"embeddable":true,"href":"https:\/\/mercadoernc.minenergia.cl\/index.php?rest_route=\/wp\/v2\/users\/3"}],"replies":[{"embeddable":true,"href":"https:\/\/mercadoernc.minenergia.cl\/index.php?rest_route=%2Fwp%2Fv2%2Fcomments&post=862"}],"version-history":[{"count":6,"href":"https:\/\/mercadoernc.minenergia.cl\/index.php?rest_route=\/wp\/v2\/pages\/862\/revisions"}],"predecessor-version":[{"id":4196,"href":"https:\/\/mercadoernc.minenergia.cl\/index.php?rest_route=\/wp\/v2\/pages\/862\/revisions\/4196"}],"up":[{"embeddable":true,"href":"https:\/\/mercadoernc.minenergia.cl\/index.php?rest_route=\/wp\/v2\/pages\/823"}],"wp:attachment":[{"href":"https:\/\/mercadoernc.minenergia.cl\/index.php?rest_route=%2Fwp%2Fv2%2Fmedia&parent=862"}],"curies":[{"name":"wp","href":"https:\/\/api.w.org\/{rel}","templated":true}]}}