{"id":845,"date":"2018-07-05T15:25:11","date_gmt":"2018-07-05T15:25:11","guid":{"rendered":"https:\/\/mercadoernc.minenergia.cl\/?page_id=845"},"modified":"2021-12-01T12:49:49","modified_gmt":"2021-12-01T12:49:49","slug":"6-3-pago-por-uso-de-las-redes","status":"publish","type":"page","link":"https:\/\/mercadoernc.minenergia.cl\/?page_id=845","title":{"rendered":"6.3 Pago por uso de las redes"},"content":{"rendered":"<p>[vc_row][vc_column width=\u00bb1\/4&#8243;][vc_tta_accordion active_section=\u00bb1&#8243; collapsible_all=\u00bbtrue\u00bb][vc_tta_section i_icon_fontawesome=\u00bbfa fa-plus\u00bb add_icon=\u00bbtrue\u00bb title=\u00bbOperaci\u00f3n Comercial\u00bb tab_id=\u00bb1638362883722-f0730c6b-d0ec\u00bb][vc_column_text]<\/p>\n<ul>\n<li style=\"text-align: left;\"><span class=\"outer\"><span class=\"inner\"><a href=\"https:\/\/mercadoernc.minenergia.cl\/?page_id=823\" rel=\"noopener\">6. Operaci\u00f3n comercial en el mercado<\/a><\/span><\/span><\/li>\n<li style=\"text-align: left;\"><span class=\"outer\"><span class=\"inner\"><a href=\"https:\/\/mercadoernc.minenergia.cl\/?page_id=832\" rel=\"noopener\">6.1 Descripci\u00f3n general de alternativas de comercializaci\u00f3n<\/a><\/span><\/span><\/li>\n<li style=\"text-align: left;\"><span class=\"outer\"><span class=\"inner\"><a href=\"https:\/\/mercadoernc.minenergia.cl\/?page_id=842\" rel=\"noopener\">6.2 Las alternativas de comercializaci\u00f3n<\/a><\/span><\/span><\/li>\n<li style=\"text-align: left;\"><span class=\"outer\"><span class=\"inner\"><a href=\"https:\/\/mercadoernc.minenergia.cl\/?page_id=845\" rel=\"noopener\">6.3 Pago por uso de las redes<\/a><\/span><\/span><\/li>\n<li style=\"text-align: left;\"><span class=\"outer\"><span class=\"inner\"><a href=\"https:\/\/mercadoernc.minenergia.cl\/?page_id=862\" rel=\"noopener\">6.4 Exenci\u00f3n de peajes<\/a><\/span><\/span><\/li>\n<li style=\"text-align: left;\"><span class=\"outer\"><span class=\"inner\"><a href=\"https:\/\/mercadoernc.minenergia.cl\/?page_id=865\" rel=\"noopener\">6.5 Servicios complementarios y ERNC<\/a><\/span><\/span><\/li>\n<\/ul>\n<p>[\/vc_column_text][\/vc_tta_section][\/vc_tta_accordion][\/vc_column][vc_column width=\u00bb3\/4&#8243;][vc_column_text]<\/p>\n<h1>6.3 Pago por uso de las redes<\/h1>\n<p>Tal como se describi\u00f3 en la secci\u00f3n 2.4.2.2, la remuneraci\u00f3n de la transmisi\u00f3n es un aspecto que fue recientemente modificado por la nueva Ley 20.936 de 2016. El principio de esta modificaci\u00f3n legal se bas\u00f3 en la necesidad de pasar de un sistema de remuneraci\u00f3n basado en la asignaci\u00f3n de costos y complejo de calcular, a un sistema m\u00e1s simple y transparente de estampillado a la demanda. Debido al gran cambio que esto significa para el mercado y los agentes, se estableci\u00f3 un r\u00e9gimen de transici\u00f3n que se detalla a continuaci\u00f3n y que pretende realizar una transici\u00f3n m\u00e1s suave y arm\u00f3nica, a la vez que evitar dobles pagos por parte de los consumidores.[\/vc_column_text][vc_tta_accordion active_section=\u00bb9&#8243; collapsible_all=\u00bbtrue\u00bb][vc_tta_section i_icon_fontawesome=\u00bbfa fa-compress\u00bb add_icon=\u00bbtrue\u00bb title=\u00bb6.3.1 Pago de peajes por uso del sistema de transmisi\u00f3n nacional (anteriormente troncal)\u00bb tab_id=\u00bbpagodepeajes\u00bb][vc_column_text]Hasta diciembre de 2018, el r\u00e9gimen de pago de la transmisi\u00f3n nacional mantuvo los principios del sistema antiguo. Es decir, bajo los siguientes criterios:<\/p>\n<ul>\n<li>El peaje del sistema de transmisi\u00f3n considera los siguientes dos componentes: pago por uso de las instalaciones correspondientes al \u00e1rea de influencia com\u00fan y por las instalaciones fuera de esta.<\/li>\n<li>En los tramos pertenecientes al \u00e1rea de influencia com\u00fan, los propietarios de centrales de generaci\u00f3n financiar\u00e1n el 80% del peaje total de los tramos, a prorrata del uso esperado que sus inyecciones hacen de cada tramo. El 20% restante es pagado por los retiros.<\/li>\n<li>En los tramos no pertenecientes al \u00e1rea de influencia com\u00fan, en los tramos en que el flujo se dirija hacia el \u00e1rea de influencia com\u00fan, el pago del peaje se asignar\u00e1 a los propietarios de centrales ubicados aguas arriba de los flujos, a prorrata del uso que sus inyecciones hacen del tramo. Si por el contrario el flujo no se dirige hacia el \u00e1rea de influencia com\u00fan, el pago del peaje total del tramo se asignar\u00e1 a las empresas que efect\u00faen retiros aguas abajo del flujo, a prorrata del uso que sus retiros hacen del tramo.<\/li>\n<\/ul>\n<p>Durante el per\u00edodo que medie entre el 1 de enero de 2019 y el 31 de diciembre de 2034, el sistema de pagos por uso del sistema de transmisi\u00f3n nacional por parte de las empresas generadoras diferenciar\u00e1 entre las inyecciones y retiros seg\u00fan la fecha del contrato asociado.<\/p>\n<p>Para las inyecciones y retiros asociados a contratos de suministro celebrados con anterioridad a la entrada en vigencia de la Ley 20.936 (julio de 2016), se le aplicar\u00e1 los mismos principios del sistema antiguo pero con algunas adecuaciones. Una de las adecuaciones m\u00e1s relevantes corresponde a un ajuste del peaje a pagar por las inyecciones para cada a\u00f1o, que provocar\u00e1 una disminuci\u00f3n progresiva del pago hasta eliminarlo completamente el a\u00f1o 2034, seg\u00fan se indica en la Figura 34. La diferencia ser\u00e1 absorbida por los clientes finales a trav\u00e9s de un cargo \u00fanico. Asimismo, para el c\u00e1lculo de peajes durante este per\u00edodo no se considerar\u00e1n las instalaciones del sistema nacional cuya fecha de entrada en operaci\u00f3n sea posterior al 31 de diciembre de 2018, ni tampoco las instalaciones asociados a la interconexi\u00f3n SIC \u2013 SING. Ambas ser\u00e1n \u00edntegramente pagadas por los clientes finales a trav\u00e9s de un cargo \u00fanico. El detalle de otras adecuaciones para el pago de peajes de inyecciones asociadas a contratos anteriores a per\u00edodo de transici\u00f3n se encuentra en el Art\u00edculo transitorio vigesimoquinto de la Ley 20.936.<\/p>\n<p><img loading=\"lazy\" decoding=\"async\" class=\"aligncenter wp-image-3683 \" src=\"https:\/\/mercadoernc.minenergia.cl\/wp-content\/uploads\/2021\/10\/Figura-34.png\" alt=\"\" width=\"545\" height=\"512\" srcset=\"https:\/\/mercadoernc.minenergia.cl\/wp-content\/uploads\/2021\/10\/Figura-34.png 879w, https:\/\/mercadoernc.minenergia.cl\/wp-content\/uploads\/2021\/10\/Figura-34-300x282.png 300w, https:\/\/mercadoernc.minenergia.cl\/wp-content\/uploads\/2021\/10\/Figura-34-768x722.png 768w, https:\/\/mercadoernc.minenergia.cl\/wp-content\/uploads\/2021\/10\/Figura-34-660x620.png 660w\" sizes=\"auto, (max-width: 545px) 100vw, 545px\" \/><\/p>\n<p>Las inyecciones asociadas a contratos de suministro posteriores a la entrada en vigencia de la Ley no se afectaron por el pago de peajes por uso de la transmisi\u00f3n nacional a partir del 1 de enero de 2019.[\/vc_column_text][\/vc_tta_section][vc_tta_section i_icon_fontawesome=\u00bbfa fa-compress\u00bb add_icon=\u00bbtrue\u00bb title=\u00bb6.3.2 Pago de peajes por uso del sistema zonal (anteriormente subtransmisi\u00f3n) \u00bb tab_id=\u00bbporusodelsistemazonal\u00bb][vc_column_text]Con la modificaci\u00f3n de la LGSE en el a\u00f1o 2016, el uso de los sistemas de transmisi\u00f3n zonal es cargado en un 100% a los clientes finales y por tanto los generadores son liberados de este pago<span class=\"tooltips \" style=\"\" title=\"Fuente: Art\u00edculo transitorio und\u00e9cimo, &lt;a href=&quot;https:\/\/www.bcn.cl\/leychile\/navegar?i=1092695&amp;amp;f=2016-07-&quot; target=&quot;_blank&quot; rel=&quot;noopener&quot;&gt;Ley 20.936 de 2016&lt;\/a&gt;.\"><span style=\"color: #3366ff; cursor: pointer;\">[37]<\/span><\/span>.[\/vc_column_text][\/vc_tta_section][vc_tta_section i_icon_fontawesome=\u00bbfa fa-compress\u00bb add_icon=\u00bbtrue\u00bb title=\u00bb6.3.3 Pago de peajes por uso de los polos de desarrollo\u00bb tab_id=\u00bbporusodelospolosdedesarrollo\u00bb][vc_column_text]La Ley 20.936 de 2016 establece que la capacidad no utilizada de los sistemas de transmisi\u00f3n para polos de desarrollo ser\u00e1 remunerada por el cargo \u00fanico, y el valor anual no cubierto por este cargo, es decir, la capacidad utilizada del polo de desarrollo ser\u00e1 remunerada por los generadores que inyectaron en este sistema.<span class=\"tooltips \" style=\"\" title=\"Fuente: Art\u00edculo 114\u00b0, &lt;a href=&quot;https:\/\/www.bcn.cl\/leychile\/navegar?i=1092695&amp;amp;f=2016-07-&quot; target=&quot;_blank&quot; rel=&quot;noopener&quot;&gt;Ley 20.936 de 2016&lt;\/a&gt;.\"><span style=\"color: #3366ff; cursor: pointer;\">[38]<\/span><\/span><\/p>\n<p>El cargo \u00fanico se determina con la capacidad instalada de generaci\u00f3n y de transmisi\u00f3n, y se calcular\u00e1 hasta por siete periodos tarifarios, a partir de entonces se calcular\u00e1 la capacidad de generaci\u00f3n existente.<span class=\"tooltips \" style=\"\" title=\"Fuente: Art\u00edculo 116\u00b0, &lt;a href=&quot;https:\/\/www.bcn.cl\/leychile\/navegar?i=1092695&amp;amp;f=2016-07-&quot; target=&quot;_blank&quot; rel=&quot;noopener&quot;&gt;Ley 20.936 de 2016&lt;\/a&gt;.\"><span style=\"color: #3366ff; cursor: pointer;\">[39]<\/span><\/span>[\/vc_column_text][\/vc_tta_section][vc_tta_section i_icon_fontawesome=\u00bbfa fa-compress\u00bb add_icon=\u00bbtrue\u00bb title=\u00bb6.3.4 Pago de peajes por uso del sistema de distribuci\u00f3n\u00bb tab_id=\u00bbporusodelsistemadedistribucion\u00bb][vc_column_text]El pago de peajes por uso del sistema de distribuci\u00f3n s\u00f3lo es aplicable para el caso en que un generador tenga establecido un contrato de suministro con un cliente libre ubicado en el \u00e1rea de concesi\u00f3n de una empresa de distribuci\u00f3n. Este cliente libre se constituye en un retiro para el generador ERNC. En este caso, el valor del peaje corresponder\u00e1 al componente que pagan los usuarios regulados por el uso de las instalaciones de distribuci\u00f3n. Esta componente es conocida con el nombre de Valor Agregado de Distribuci\u00f3n (VAD), y se determina cada 4 a\u00f1os. El valor de estos peajes est\u00e1 reglamentado en el D.S. 99\/2005, en el que se establecen las f\u00f3rmulas para determinar su monto.<\/p>\n<p>Es importante se\u00f1alar que los proyectos de generaci\u00f3n distribuida de hasta 300 kW (Ley 21.118), no pagan peajes de distribuci\u00f3n.[\/vc_column_text][\/vc_tta_section][\/vc_tta_accordion][vc_row_inner][vc_column_inner width=\u00bb1\/2&#8243;][vc_btn title=\u00bbAnterior\u00bb color=\u00bbgreen\u00bb align=\u00bbleft\u00bb i_icon_fontawesome=\u00bbfa fa-chevron-left\u00bb add_icon=\u00bbtrue\u00bb link=\u00bburl:https%3A%2F%2Fmercadoernc.minenergia.cl%2F%3Fpage_id%3D842|||\u00bb][\/vc_column_inner][vc_column_inner width=\u00bb1\/2&#8243;][vc_btn title=\u00bbSiguiente\u00bb color=\u00bbgreen\u00bb align=\u00bbright\u00bb i_icon_fontawesome=\u00bbfa fa-chevron-right\u00bb add_icon=\u00bbtrue\u00bb link=\u00bburl:https%3A%2F%2Fmercadoernc.minenergia.cl%2F%3Fpage_id%3D862|||\u00bb][\/vc_column_inner][\/vc_row_inner][\/vc_column][\/vc_row]<\/p>\n","protected":false},"excerpt":{"rendered":"<p>[vc_row][vc_column width=\u00bb1\/4&#8243;][vc_tta_accordion active_section=\u00bb1&#8243; collapsible_all=\u00bbtrue\u00bb][vc_tta_section i_icon_fontawesome=\u00bbfa fa-plus\u00bb add_icon=\u00bbtrue\u00bb title=\u00bbOperaci\u00f3n Comercial\u00bb tab_id=\u00bb1638362883722-f0730c6b-d0ec\u00bb][vc_column_text] 6. Operaci\u00f3n comercial en el mercado 6.1 Descripci\u00f3n general de alternativas de comercializaci\u00f3n 6.2 Las alternativas de comercializaci\u00f3n 6.3 Pago por uso de las redes 6.4 Exenci\u00f3n de peajes 6.5 Servicios complementarios y ERNC [\/vc_column_text][\/vc_tta_section][\/vc_tta_accordion][\/vc_column][vc_column width=\u00bb3\/4&#8243;][vc_column_text] 6.3 Pago por uso de las redes Tal como [&hellip;]<\/p>\n","protected":false},"author":3,"featured_media":0,"parent":823,"menu_order":0,"comment_status":"closed","ping_status":"closed","template":"","meta":{"_acf_changed":false,"footnotes":""},"class_list":["post-845","page","type-page","status-publish","hentry"],"acf":[],"_links":{"self":[{"href":"https:\/\/mercadoernc.minenergia.cl\/index.php?rest_route=\/wp\/v2\/pages\/845","targetHints":{"allow":["GET"]}}],"collection":[{"href":"https:\/\/mercadoernc.minenergia.cl\/index.php?rest_route=\/wp\/v2\/pages"}],"about":[{"href":"https:\/\/mercadoernc.minenergia.cl\/index.php?rest_route=\/wp\/v2\/types\/page"}],"author":[{"embeddable":true,"href":"https:\/\/mercadoernc.minenergia.cl\/index.php?rest_route=\/wp\/v2\/users\/3"}],"replies":[{"embeddable":true,"href":"https:\/\/mercadoernc.minenergia.cl\/index.php?rest_route=%2Fwp%2Fv2%2Fcomments&post=845"}],"version-history":[{"count":13,"href":"https:\/\/mercadoernc.minenergia.cl\/index.php?rest_route=\/wp\/v2\/pages\/845\/revisions"}],"predecessor-version":[{"id":4195,"href":"https:\/\/mercadoernc.minenergia.cl\/index.php?rest_route=\/wp\/v2\/pages\/845\/revisions\/4195"}],"up":[{"embeddable":true,"href":"https:\/\/mercadoernc.minenergia.cl\/index.php?rest_route=\/wp\/v2\/pages\/823"}],"wp:attachment":[{"href":"https:\/\/mercadoernc.minenergia.cl\/index.php?rest_route=%2Fwp%2Fv2%2Fmedia&parent=845"}],"curies":[{"name":"wp","href":"https:\/\/api.w.org\/{rel}","templated":true}]}}