{"id":842,"date":"2018-07-05T15:23:05","date_gmt":"2018-07-05T15:23:05","guid":{"rendered":"https:\/\/mercadoernc.minenergia.cl\/?page_id=842"},"modified":"2021-12-01T12:48:39","modified_gmt":"2021-12-01T12:48:39","slug":"6-2-las-alternativas-de-comercializacion","status":"publish","type":"page","link":"https:\/\/mercadoernc.minenergia.cl\/?page_id=842","title":{"rendered":"6.2 Las alternativas de comercializaci\u00f3n"},"content":{"rendered":"<p>[vc_row][vc_column width=\u00bb1\/4&#8243;][vc_tta_accordion active_section=\u00bb1&#8243; collapsible_all=\u00bbtrue\u00bb][vc_tta_section i_icon_fontawesome=\u00bbfa fa-plus\u00bb add_icon=\u00bbtrue\u00bb title=\u00bbOperaci\u00f3n Comercial\u00bb tab_id=\u00bb1638362811296-f3aa9036-206f\u00bb][vc_column_text]<\/p>\n<ul>\n<li style=\"text-align: left;\"><span class=\"outer\"><span class=\"inner\"><a href=\"https:\/\/mercadoernc.minenergia.cl\/?page_id=823\" rel=\"noopener\">6. Operaci\u00f3n comercial en el mercado<\/a><\/span><\/span><\/li>\n<li style=\"text-align: left;\"><span class=\"outer\"><span class=\"inner\"><a href=\"https:\/\/mercadoernc.minenergia.cl\/?page_id=832\" rel=\"noopener\">6.1 Descripci\u00f3n general de alternativas de comercializaci\u00f3n<\/a><\/span><\/span><\/li>\n<li style=\"text-align: left;\"><span class=\"outer\"><span class=\"inner\"><a href=\"https:\/\/mercadoernc.minenergia.cl\/?page_id=842\" rel=\"noopener\">6.2 Las alternativas de comercializaci\u00f3n<\/a><\/span><\/span><\/li>\n<li style=\"text-align: left;\"><span class=\"outer\"><span class=\"inner\"><a href=\"https:\/\/mercadoernc.minenergia.cl\/?page_id=845\" rel=\"noopener\">6.3 Pago por uso de las redes<\/a><\/span><\/span><\/li>\n<li style=\"text-align: left;\"><span class=\"outer\"><span class=\"inner\"><a href=\"https:\/\/mercadoernc.minenergia.cl\/?page_id=862\" rel=\"noopener\">6.4 Exenci\u00f3n de peajes<\/a><\/span><\/span><\/li>\n<li style=\"text-align: left;\"><span class=\"outer\"><span class=\"inner\"><a href=\"https:\/\/mercadoernc.minenergia.cl\/?page_id=865\" rel=\"noopener\">6.5 Servicios complementarios y ERNC<\/a><\/span><\/span><\/li>\n<\/ul>\n<p>[\/vc_column_text][\/vc_tta_section][\/vc_tta_accordion][\/vc_column][vc_column width=\u00bb3\/4&#8243;][vc_column_text]<\/p>\n<h1>6.2 Las alternativas de comercializaci\u00f3n<\/h1>\n<p>[\/vc_column_text][vc_tta_accordion active_section=\u00bb9&#8243; collapsible_all=\u00bbtrue\u00bb][vc_tta_section i_icon_fontawesome=\u00bbfa fa-compress\u00bb add_icon=\u00bbtrue\u00bb title=\u00bb6.2.1 Alternativa 1: Venta de energ\u00eda y potencia en el mercado spot\u00bb tab_id=\u00bbalternativa1&#8243;][vc_column_text]Esta alternativa hace referencia a que el generador ERNC s\u00f3lo participa en las transferencias de energ\u00eda y potencia del mercado <em>spot<\/em>. Esto significa que participar\u00e1 de un mercado cerrado s\u00f3lo para los generadores, y sus inyecciones de energ\u00eda se valorar\u00e1n a costo marginal, mientras que su potencia ser\u00e1 valorada a precio de nudo de potencia.<\/p>\n<p>Para el caso de las ventas de energ\u00eda, el Coordinador mensualmente realizar\u00e1 un balance en el que cuantificar\u00e1 la energ\u00eda inyectada por el generador al sistema y la valorar\u00e1 a costo marginal horario calculado para el generador ERNC. El costo marginal horario del que se hace menci\u00f3n es calculado para toda la red de transmisi\u00f3n nacional y zonal. En el caso de que el generador se encuentre operando en un sistema de distribuci\u00f3n, es decir, se trate de un PMGD, el costo marginal de su inyecci\u00f3n se valorar\u00e1 de acuerdo a lo establecido en el D.S. N\u00b088. En este caso, el D.S. N\u00b088 plantea que las inyecciones de un PMGD se \u201crefieren\u201d a la subestaci\u00f3n primaria m\u00e1s cercana del punto de conexi\u00f3n, es decir, se multiplican por un factor, para reflejar que se est\u00e1 ubicado m\u00e1s all\u00e1 del sistema de transmisi\u00f3n nacional o zonal.<\/p>\n<p>Es importante mencionar que aquellos medios de generaci\u00f3n con potencia inferior a 9 MW (PMGD) pueden optar por un r\u00e9gimen de precio estabilizado. Esto hace referencia a que en vez de cuantificar sus inyecciones a costo marginal, el Coordinador las valora a un precio que presenta menor variaci\u00f3n, en este caso el precio estabilizado corresponde al precio de nudo de las inyecciones de la energ\u00eda en los distintos intervalos temporales (6 bloques) que representa la proyecci\u00f3n de los costos marginales en un horizonte de 4 a\u00f1os, ajustado por una banda entorno al precio medio de mercado (seg\u00fan contratos informados por las empresas generadores a la CNE). Cabe se\u00f1alar que el precio de nudo de inyecci\u00f3n no coincide necesariamente con el precio de nudo aplicado en los consumos. Ambos precios deben ser publicados en los decretos tarifarios elaborados semestralmente por la CNE. El r\u00e9gimen estabilizado, as\u00ed como las ventas a costo marginal, tienen un tiempo de permanencia m\u00ednima y corresponde a 4 a\u00f1os. Si se desea cambiar de r\u00e9gimen, se debe avisar al Coordinador con una antelaci\u00f3n de al menos 6 meses.<\/p>\n<p>Para finalizar, en el caso de las transferencias de potencia (intercambios), \u00e9stas se realizan a precio de nudo de la potencia. Los precios de nudo de la potencia son determinados por la CNE cada seis meses y solamente para el sistema de transmisi\u00f3n nacional. Si el generador ERNC se encuentra en redes de transmisi\u00f3n zonal o distribuci\u00f3n, la determinaci\u00f3n del precio de nudo aplicable se realiza mediante la aplicaci\u00f3n de factores multiplicadores al precio de nudo de la barra del sistema nacional m\u00e1s cercano, los que consideran el efecto de las p\u00e9rdidas \u00f3hmicas en el sistema. Estos multiplicadores son fijados en el decreto de fijaci\u00f3n de precios de nudo. Una mayor descripci\u00f3n del c\u00e1lculo de los balances de energ\u00eda y de la operaci\u00f3n del mercado mayorista se encuentra en el <a href=\"https:\/\/mercadoernc.minenergia.cl\/?page_id=1109\" target=\"_blank\" rel=\"noopener\">Anexo 2<\/a>.<\/p>\n<p>Cabe se\u00f1alar que en esta alternativa de mercado s\u00f3lo se transa la energ\u00eda y potencia que puede producir el medio de generaci\u00f3n y no existe obligaci\u00f3n de tener un nivel de producci\u00f3n preestablecido.[\/vc_column_text][\/vc_tta_section][vc_tta_section i_icon_fontawesome=\u00bbfa fa-compress\u00bb add_icon=\u00bbtrue\u00bb title=\u00bb6.2.2 Alternativa 2: Combinaci\u00f3n entre mercado spot y contrato con un cliente libre\u00bb tab_id=\u00bbalternativa2&#8243;][vc_column_text]En este caso, la participaci\u00f3n del generador ERNC no s\u00f3lo est\u00e1 compuesta por sus ventas al mercado <em>spot<\/em>, sino que tambi\u00e9n tiene vigente un contrato con un cliente libre. La operaci\u00f3n del mercado en este caso es similar al anterior, puesto que sus ventas al mercado <em>spot<\/em> seguir\u00e1n valor\u00e1ndose de igual manera. Sin embargo, al acordar un contrato con un cliente libre se establece una obligaci\u00f3n de \u00edndole financiera al determinar un precio de venta por la energ\u00eda suministrada con el cliente libre.<\/p>\n<p>Una vez que el generador declara un contrato, \u00e9ste es considerado por el Coordinador y le ser\u00e1 incluido en su respectivo balance mensual, en el cual se le descontar\u00e1 la energ\u00eda consumida por el cliente libre multiplicada por el costo marginal calculado para el consumo. As\u00ed, en el caso de que el generador ERNC no cuente con la energ\u00eda suficiente para dar suministro al consumo, \u00e9ste igualmente ser\u00e1 suministrado por otros generadores, lo que da lugar a transferencias en el mercado <em>spot<\/em> entre los generadores. Es importante notar que, de todas formas el generador contar\u00e1 con un ingreso fijo correspondiente al precio de venta acordado con el cliente libre multiplicado por el consumo de este. Tambi\u00e9n se realiza un balance de potencia mensual, en el cual se descuenta la potencia que consume el cliente libre por el precio nudo, y al igual que la energ\u00eda, esto genera transferencias en el mercado spot.[\/vc_column_text][\/vc_tta_section][vc_tta_section i_icon_fontawesome=\u00bbfa fa-compress\u00bb add_icon=\u00bbtrue\u00bb title=\u00bb6.2.3 Alternativa 3: Combinaci\u00f3n entre mercado spot y mercado de contratos con clientes regulados \u00bb tab_id=\u00bbalternativa3&#8243;][vc_column_text]De manera similar a la alternativa anterior, esta alternativa se encuentra compuesta por la participaci\u00f3n en el mercado <em>spot<\/em> (descrita con anterioridad) y contrato con clientes regulados. En realidad, esto hace referencia al establecimiento de un contrato con una empresa distribuidora, como representante de clientes regulados.<\/p>\n<p>Los contratos de suministro con empresas distribuidoras son fijados mediante licitaciones p\u00fablicas en las que se realiza una subasta, en la cual la distribuidora presenta diferentes bloques de energ\u00eda necesarios para el suministro de sus clientes regulados. Los generadores, a su vez, presentan ofertas por los diferentes bloques y finalmente, se asignan a la mejor oferta. El proceso de licitaci\u00f3n es dirigido y llevado a cabo por la CNE, centralizando las necesidades de las diversas distribuidoras.[\/vc_column_text][\/vc_tta_section][vc_tta_section i_icon_fontawesome=\u00bbfa fa-compress\u00bb add_icon=\u00bbtrue\u00bb title=\u00bb6.2.4 Alternativa 4: Contrato directo con empresa de generaci\u00f3n \u00bb tab_id=\u00bbalternativa4&#8243;][vc_column_text]Un proyecto ERNC puede suscribir un contrato con una empresa de generaci\u00f3n que participe en el mercado mayorista (transferencias de energ\u00eda y potencia en un contrato de largo plazo). En esta modalidad, la empresa de generaci\u00f3n ERNC pacta en forma bilateral los precios de venta de energ\u00eda y de potencia, y las caracter\u00edsticas de la producci\u00f3n con la empresa de generaci\u00f3n, y \u00e9sta \u00faltima incorpora estos productos en su oferta de comercializaci\u00f3n. [\/vc_column_text][\/vc_tta_section][vc_tta_section i_icon_fontawesome=\u00bbfa fa-compress\u00bb add_icon=\u00bbtrue\u00bb title=\u00bb6.2.5 Alternativa 5: Fuera de mercado mayorista (contrato directo con empresa distribuidora) \u00bb tab_id=\u00bbalternativa5&#8243;][vc_column_text]El marco normativo permite la operaci\u00f3n de unidades de generaci\u00f3n el\u00e9ctrica menores a 9 MW en redes de media tensi\u00f3n en sistemas de distribuci\u00f3n. Este tipo de generaci\u00f3n se coordina, y puede establecer relaciones contractuales directamente con la empresa concesionaria de distribuci\u00f3n. A su vez, la empresa distribuidora se mantiene como responsable de la calidad de suministro y de servicio del sistema. En este esquema, usualmente aplicado para control de los consumos en horas de punta de la empresa de distribuci\u00f3n, la empresa de generaci\u00f3n ERNC pacta en forma bilateral los precios de venta de energ\u00eda y potencia.[\/vc_column_text][\/vc_tta_section][\/vc_tta_accordion][vc_row_inner][vc_column_inner width=\u00bb1\/2&#8243;][vc_btn title=\u00bbAnterior\u00bb color=\u00bbgreen\u00bb align=\u00bbleft\u00bb i_icon_fontawesome=\u00bbfa fa-chevron-left\u00bb add_icon=\u00bbtrue\u00bb link=\u00bburl:https%3A%2F%2Fmercadoernc.minenergia.cl%2F%3Fpage_id%3D832|||\u00bb][\/vc_column_inner][vc_column_inner width=\u00bb1\/2&#8243;][vc_btn title=\u00bbSiguiente\u00bb color=\u00bbgreen\u00bb align=\u00bbright\u00bb i_icon_fontawesome=\u00bbfa fa-chevron-right\u00bb add_icon=\u00bbtrue\u00bb link=\u00bburl:https%3A%2F%2Fmercadoernc.minenergia.cl%2F%3Fpage_id%3D845|||\u00bb][\/vc_column_inner][\/vc_row_inner][\/vc_column][\/vc_row]<\/p>\n","protected":false},"excerpt":{"rendered":"<p>[vc_row][vc_column width=\u00bb1\/4&#8243;][vc_tta_accordion active_section=\u00bb1&#8243; collapsible_all=\u00bbtrue\u00bb][vc_tta_section i_icon_fontawesome=\u00bbfa fa-plus\u00bb add_icon=\u00bbtrue\u00bb title=\u00bbOperaci\u00f3n Comercial\u00bb tab_id=\u00bb1638362811296-f3aa9036-206f\u00bb][vc_column_text] 6. Operaci\u00f3n comercial en el mercado 6.1 Descripci\u00f3n general de alternativas de comercializaci\u00f3n 6.2 Las alternativas de comercializaci\u00f3n 6.3 Pago por uso de las redes 6.4 Exenci\u00f3n de peajes 6.5 Servicios complementarios y ERNC [\/vc_column_text][\/vc_tta_section][\/vc_tta_accordion][\/vc_column][vc_column width=\u00bb3\/4&#8243;][vc_column_text] 6.2 Las alternativas de comercializaci\u00f3n [\/vc_column_text][vc_tta_accordion active_section=\u00bb9&#8243; collapsible_all=\u00bbtrue\u00bb][vc_tta_section i_icon_fontawesome=\u00bbfa [&hellip;]<\/p>\n","protected":false},"author":3,"featured_media":0,"parent":823,"menu_order":0,"comment_status":"closed","ping_status":"closed","template":"","meta":{"_acf_changed":false,"footnotes":""},"class_list":["post-842","page","type-page","status-publish","hentry"],"acf":[],"_links":{"self":[{"href":"https:\/\/mercadoernc.minenergia.cl\/index.php?rest_route=\/wp\/v2\/pages\/842","targetHints":{"allow":["GET"]}}],"collection":[{"href":"https:\/\/mercadoernc.minenergia.cl\/index.php?rest_route=\/wp\/v2\/pages"}],"about":[{"href":"https:\/\/mercadoernc.minenergia.cl\/index.php?rest_route=\/wp\/v2\/types\/page"}],"author":[{"embeddable":true,"href":"https:\/\/mercadoernc.minenergia.cl\/index.php?rest_route=\/wp\/v2\/users\/3"}],"replies":[{"embeddable":true,"href":"https:\/\/mercadoernc.minenergia.cl\/index.php?rest_route=%2Fwp%2Fv2%2Fcomments&post=842"}],"version-history":[{"count":5,"href":"https:\/\/mercadoernc.minenergia.cl\/index.php?rest_route=\/wp\/v2\/pages\/842\/revisions"}],"predecessor-version":[{"id":4194,"href":"https:\/\/mercadoernc.minenergia.cl\/index.php?rest_route=\/wp\/v2\/pages\/842\/revisions\/4194"}],"up":[{"embeddable":true,"href":"https:\/\/mercadoernc.minenergia.cl\/index.php?rest_route=\/wp\/v2\/pages\/823"}],"wp:attachment":[{"href":"https:\/\/mercadoernc.minenergia.cl\/index.php?rest_route=%2Fwp%2Fv2%2Fmedia&parent=842"}],"curies":[{"name":"wp","href":"https:\/\/api.w.org\/{rel}","templated":true}]}}