{"id":798,"date":"2018-07-05T14:32:23","date_gmt":"2018-07-05T14:32:23","guid":{"rendered":"https:\/\/mercadoernc.minenergia.cl\/?page_id=798"},"modified":"2021-12-01T12:41:53","modified_gmt":"2021-12-01T12:41:53","slug":"5-3-costos-de-conexion","status":"publish","type":"page","link":"https:\/\/mercadoernc.minenergia.cl\/?page_id=798","title":{"rendered":"5.3 Costos de conexi\u00f3n"},"content":{"rendered":"<p>[vc_row][vc_column width=\u00bb1\/4&#8243;][vc_tta_accordion active_section=\u00bb1&#8243; collapsible_all=\u00bbtrue\u00bb][vc_tta_section i_icon_fontawesome=\u00bbfa fa-plus\u00bb add_icon=\u00bbtrue\u00bb title=\u00bbIntegraci\u00f3n ERNC\u00bb tab_id=\u00bb1638362400383-ac4ce9fa-74e1&#8243;][vc_column_text]<\/p>\n<ul>\n<li style=\"text-align: left;\"><span class=\"outer\"><span class=\"inner\"><a href=\"https:\/\/mercadoernc.minenergia.cl\/?page_id=783\" rel=\"noopener\">5. Integraci\u00f3n al mercado de ERNC<\/a><\/span><\/span><\/li>\n<li style=\"text-align: left;\"><span class=\"outer\"><span class=\"inner\"><a href=\"https:\/\/mercadoernc.minenergia.cl\/?page_id=787\" rel=\"noopener\">5.1 Alternativas de integraci\u00f3n a un sistema el\u00e9ctrico<\/a><\/span><\/span><\/li>\n<li style=\"text-align: left;\"><span class=\"outer\"><span class=\"inner\"><a href=\"https:\/\/mercadoernc.minenergia.cl\/?page_id=793\" rel=\"noopener\">5.2 Tramitaci\u00f3n de permisos t\u00e9cnicos<\/a><\/span><\/span><\/li>\n<li style=\"text-align: left;\"><span class=\"outer\"><span class=\"inner\"><a href=\"https:\/\/mercadoernc.minenergia.cl\/?page_id=798\" rel=\"noopener\">5.3 Costos de conexi\u00f3n<\/a><\/span><\/span><\/li>\n<\/ul>\n<p>[\/vc_column_text][\/vc_tta_section][\/vc_tta_accordion][\/vc_column][vc_column width=\u00bb3\/4&#8243;][vc_column_text]<\/p>\n<h1>5.3 Costos de conexi\u00f3n<\/h1>\n<p>En t\u00e9rminos generales, como parte de un proyecto de generaci\u00f3n debe considerarse un \u00edtem de costos de conexi\u00f3n relacionado con los equipos de transmisi\u00f3n, subestaci\u00f3n, sistemas de protecci\u00f3n, control y medida. Estos equipos son los necesarios para inyectar la energ\u00eda de la planta de generaci\u00f3n a un sistema el\u00e9ctrico en condiciones seguras, respetando y cumpliendo los requerimientos t\u00e9cnicos m\u00ednimos establecidos en los reglamentos y normas (plazos, exigencias m\u00ednimas para dise\u00f1o de instalaciones, est\u00e1ndares de seguridad y calidad de servicio, habilitaci\u00f3n y monitoreo de instalaciones). Estos costos forman parte del proyecto y los montos asociados dependen de cada proyecto en particular.<\/p>\n<p>Adicionalmente, en el caso de las conexiones a redes de distribuci\u00f3n, la normativa contempla posibles costos de conexi\u00f3n que se detallan a continuaci\u00f3n.[\/vc_column_text][vc_tta_accordion active_section=\u00bb9&#8243; collapsible_all=\u00bbtrue\u00bb][vc_tta_section i_icon_fontawesome=\u00bbfa fa-compress\u00bb add_icon=\u00bbtrue\u00bb title=\u00bb5.3.1 Costos de conexi\u00f3n a redes de distribuci\u00f3n \u00bb tab_id=\u00bbcostosdeconexionaredes\u00bb][vc_column_text]Tanto los PMGD como los proyectos acogidos a la Ley de Facturaci\u00f3n Neta (<em>Netbilling)<\/em> deben pagar costos de conexi\u00f3n para acceder a las redes de distribuci\u00f3n.[\/vc_column_text][\/vc_tta_section][vc_tta_section i_icon_fontawesome=\u00bbfa fa-compress\u00bb add_icon=\u00bbtrue\u00bb title=\u00bb5.3.1.1 Costos de conexi\u00f3n de los PMGD a las redes de distribuci\u00f3n\u00bb tab_id=\u00bbconexionaredespmgd\u00bb][vc_column_text]El texto que regula esta materia en lo referente a los PMGD, es el DFL N\u00b0 4 de 2007 en su art\u00edculo 149\u00b0, se\u00f1ala en su sexto inciso que todas las obras adicionales que sean necesarias para permitir la inyecci\u00f3n de potencia a las redes de distribuci\u00f3n son de cargo de los propietarios de los medios de generaci\u00f3n. Espec\u00edficamente, el mencionado art\u00edculo indica lo siguiente:<\/p>\n<blockquote><p><em>\u201cLos concesionarios de servicio p\u00fablico de distribuci\u00f3n de electricidad, as\u00ed como aquellas empresas que posean l\u00edneas de distribuci\u00f3n de energ\u00eda el\u00e9ctrica que utilicen bienes nacionales de uso p\u00fablico, deber\u00e1n permitir la conexi\u00f3n a sus instalaciones de distribuci\u00f3n correspondientes de los medios de generaci\u00f3n cuyos excedentes de potencia suministrables al sistema el\u00e9ctrico no superen los 9.000 kilowatts, sin perjuicio del cumplimiento de las exigencias de seguridad y calidad de servicio vigentes. Las obras adicionales que sean necesarias para permitir la inyecci\u00f3n de dichos excedentes de potencia deber\u00e1n ser ejecutadas por los propietarios de los sistemas de distribuci\u00f3n correspondientes y sus costos ser\u00e1n de cargo de los propietarios de los medios de generaci\u00f3n indicados, conforme a las modalidades que establezca el reglamento. Para el c\u00e1lculo de estos costos se considerar\u00e1n tanto los costos adicionales en las zonas adyacentes a los puntos de inyecci\u00f3n, como los ahorros de costos en el resto de la red de distribuci\u00f3n, conforme a los procedimientos que para ello establezca el reglamento. El valor de estas instalaciones adicionales no se considerar\u00e1 parte del valor nuevo de reemplazo de la empresa distribuidora correspondiente\u201d.<\/em><\/p><\/blockquote>\n<p>De acuerdo con el D.S. N\u00b088\/2019, las obras adicionales, adecuaciones o ajustes que sean necesarias para permitir la inyecci\u00f3n de los excedentes de potencia de los PMGD deber\u00e1n ser ejecutadas por las distribuidoras correspondientes. Los costos de dichas obras deber\u00e1n quedar consignados en un informe de costos de conexi\u00f3n y ser\u00e1n de cargo del propietario de un PMGD. La CNE por resoluci\u00f3n definir\u00e1 los costos unitarios de los diversos componentes que conforman las obras de esa naturaleza, as\u00ed como sus condiciones de aplicaci\u00f3n. Previo a esto, la CNE deber\u00e1 emitir un informe t\u00e9cnico con los c\u00e1lculos para la definici\u00f3n de dichos costos.[\/vc_column_text][\/vc_tta_section][vc_tta_section i_icon_fontawesome=\u00bbfa fa-compress\u00bb add_icon=\u00bbtrue\u00bb title=\u00bb5.3.1.2 Costos de conexi\u00f3n de los proyectos acogidos a Ley de Facturaci\u00f3n Neta (Netbilling) a las redes de distribuci\u00f3n\u00bb tab_id=\u00bbcostosconexionproyectosacogidos\u00bb][vc_column_text]Los costos de conexi\u00f3n de los proyectos acogidos a la Ley de Facturaci\u00f3n Neta (<em>Netbilling)\u00a0<\/em>son solventados por los propietarios de los sistemas de generaci\u00f3n. Sin embargo, estos costos debieran, en general, ser bastantes menores a los costos de conexi\u00f3n de un PMGD.<\/p>\n<p>En el caso de requerirse obras adicionales para la conexi\u00f3n, la empresa distribuidora deber\u00e1 se\u00f1alar mediante estudios el\u00e9ctricos aquellas obras adicionales y\/o adecuaciones necesarias t\u00e9cnicamente para una correcta conexi\u00f3n del equipamiento de generaci\u00f3n a la red de distribuci\u00f3n. La CNE emitir\u00e1 un informe t\u00e9cnico con los c\u00e1lculos de costos unitarios de los diversos componentes que conforman estas obras, y ser\u00e1n definidos por resoluci\u00f3n. La valorizaci\u00f3n de las obras debe calcularse considerando los requerimientos necesarios para mantener los est\u00e1ndares de seguridad y calidad de suministro en la norma vigente.<\/p>\n<p>Dicho c\u00e1lculo deber\u00e1 considerar los valores de cada uno de los componentes de las obras adicionales y\/o adecuaciones, los costos de montaje asociados, y los recargos establecidos en el procedimiento de determinaci\u00f3n del Valor Nuevo de Reemplazo (VNR) de las instalaciones de distribuci\u00f3n fijado por la Superintendencia.<\/p>\n<p>Asimismo, de requerir la conexi\u00f3n de adecuaci\u00f3n del empalme, los costos asociados a su ampliaci\u00f3n y recambio ser\u00e1n de cargo del propietario del equipamiento de generaci\u00f3n.[\/vc_column_text][\/vc_tta_section][vc_tta_section i_icon_fontawesome=\u00bbfa fa-compress\u00bb add_icon=\u00bbtrue\u00bb title=\u00bb5.3.2 Costos de conexi\u00f3n a un sistema de transmisi\u00f3n\u00bb tab_id=\u00bbcostosconexionsistematransmision\u00bb][vc_column_text]La normativa vigente no contempla costos de conexi\u00f3n a los sistemas de transmisi\u00f3n. Los costos imputables a un proyecto de generaci\u00f3n se establecen en los peajes que \u00e9ste debe pagar por el uso de los sistemas de transmisi\u00f3n (ver <a href=\"https:\/\/mercadoernc.minenergia.cl\/?page_id=845\" target=\"_blank\" rel=\"noopener\">Secci\u00f3n 6.3<\/a>). Sin embargo, las instalaciones de transmisi\u00f3n necesarias para conectar el proyecto de generaci\u00f3n al sistema son de responsabilidad y costo de los mismos propietarios de los proyectos de generaci\u00f3n. Adem\u00e1s, cabe mencionar que el Coordinador define un conjunto de requerimientos t\u00e9cnicos necesarios para la integraci\u00f3n de nuevas fuentes de generaci\u00f3n, lo que puede traducirse en ampliaciones de los sistemas de transmisi\u00f3n, las que en caso que est\u00e9n contempladas como obras necesarias de expansi\u00f3n, ser\u00e1n financiadas por todos los usuarios (v\u00e9ase Secci\u00f3n <a href=\"https:\/\/mercadoernc.minenergia.cl\/?page_id=387\" target=\"_blank\" rel=\"noopener\">2.4.2.2<\/a> para revisar los principios de remuneraci\u00f3n de la red de transmisi\u00f3n). En el caso de los sistemas de transmisi\u00f3n dedicados, sus ampliaciones son objeto de negociaci\u00f3n entre el propietario y el usuario.[\/vc_column_text][\/vc_tta_section][\/vc_tta_accordion][vc_row_inner][vc_column_inner width=\u00bb1\/2&#8243;][vc_btn title=\u00bbAnterior\u00bb color=\u00bbgreen\u00bb align=\u00bbleft\u00bb i_icon_fontawesome=\u00bbfa fa-chevron-left\u00bb add_icon=\u00bbtrue\u00bb link=\u00bburl:https%3A%2F%2Fmercadoernc.minenergia.cl%2F%3Fpage_id%3D793|||\u00bb][\/vc_column_inner][vc_column_inner width=\u00bb1\/2&#8243;][vc_btn title=\u00bbSiguiente\u00bb color=\u00bbgreen\u00bb align=\u00bbright\u00bb i_icon_fontawesome=\u00bbfa fa-chevron-right\u00bb add_icon=\u00bbtrue\u00bb link=\u00bburl:https%3A%2F%2Fmercadoernc.minenergia.cl%2F%3Fpage_id%3D823|||\u00bb][\/vc_column_inner][\/vc_row_inner][\/vc_column][\/vc_row]<\/p>\n","protected":false},"excerpt":{"rendered":"<p>[vc_row][vc_column width=\u00bb1\/4&#8243;][vc_tta_accordion active_section=\u00bb1&#8243; collapsible_all=\u00bbtrue\u00bb][vc_tta_section i_icon_fontawesome=\u00bbfa fa-plus\u00bb add_icon=\u00bbtrue\u00bb title=\u00bbIntegraci\u00f3n ERNC\u00bb tab_id=\u00bb1638362400383-ac4ce9fa-74e1&#8243;][vc_column_text] 5. Integraci\u00f3n al mercado de ERNC 5.1 Alternativas de integraci\u00f3n a un sistema el\u00e9ctrico 5.2 Tramitaci\u00f3n de permisos t\u00e9cnicos 5.3 Costos de conexi\u00f3n [\/vc_column_text][\/vc_tta_section][\/vc_tta_accordion][\/vc_column][vc_column width=\u00bb3\/4&#8243;][vc_column_text] 5.3 Costos de conexi\u00f3n En t\u00e9rminos generales, como parte de un proyecto de generaci\u00f3n debe considerarse un \u00edtem de costos [&hellip;]<\/p>\n","protected":false},"author":3,"featured_media":0,"parent":783,"menu_order":0,"comment_status":"closed","ping_status":"closed","template":"","meta":{"_acf_changed":false,"footnotes":""},"class_list":["post-798","page","type-page","status-publish","hentry"],"acf":[],"_links":{"self":[{"href":"https:\/\/mercadoernc.minenergia.cl\/index.php?rest_route=\/wp\/v2\/pages\/798","targetHints":{"allow":["GET"]}}],"collection":[{"href":"https:\/\/mercadoernc.minenergia.cl\/index.php?rest_route=\/wp\/v2\/pages"}],"about":[{"href":"https:\/\/mercadoernc.minenergia.cl\/index.php?rest_route=\/wp\/v2\/types\/page"}],"author":[{"embeddable":true,"href":"https:\/\/mercadoernc.minenergia.cl\/index.php?rest_route=\/wp\/v2\/users\/3"}],"replies":[{"embeddable":true,"href":"https:\/\/mercadoernc.minenergia.cl\/index.php?rest_route=%2Fwp%2Fv2%2Fcomments&post=798"}],"version-history":[{"count":9,"href":"https:\/\/mercadoernc.minenergia.cl\/index.php?rest_route=\/wp\/v2\/pages\/798\/revisions"}],"predecessor-version":[{"id":4191,"href":"https:\/\/mercadoernc.minenergia.cl\/index.php?rest_route=\/wp\/v2\/pages\/798\/revisions\/4191"}],"up":[{"embeddable":true,"href":"https:\/\/mercadoernc.minenergia.cl\/index.php?rest_route=\/wp\/v2\/pages\/783"}],"wp:attachment":[{"href":"https:\/\/mercadoernc.minenergia.cl\/index.php?rest_route=%2Fwp%2Fv2%2Fmedia&parent=798"}],"curies":[{"name":"wp","href":"https:\/\/api.w.org\/{rel}","templated":true}]}}