{"id":787,"date":"2018-07-05T14:10:51","date_gmt":"2018-07-05T14:10:51","guid":{"rendered":"https:\/\/mercadoernc.minenergia.cl\/?page_id=787"},"modified":"2021-12-01T12:39:31","modified_gmt":"2021-12-01T12:39:31","slug":"5-1-alternativas-de-integracion-a-un-sistema-electrico","status":"publish","type":"page","link":"https:\/\/mercadoernc.minenergia.cl\/?page_id=787","title":{"rendered":"5.1 Alternativas de integraci\u00f3n a un sistema el\u00e9ctrico"},"content":{"rendered":"<p>[vc_row][vc_column width=\u00bb1\/4&#8243;][vc_tta_accordion active_section=\u00bb1&#8243; collapsible_all=\u00bbtrue\u00bb][vc_tta_section i_icon_fontawesome=\u00bbfa fa-plus\u00bb add_icon=\u00bbtrue\u00bb title=\u00bbIntegraci\u00f3n ERNC\u00bb tab_id=\u00bb1638362155660-eb991ce6-3c12&#8243;][vc_column_text]<\/p>\n<ul>\n<li style=\"text-align: left;\"><span class=\"outer\"><span class=\"inner\"><a href=\"https:\/\/mercadoernc.minenergia.cl\/?page_id=783\" rel=\"noopener\">5. Integraci\u00f3n al mercado de ERNC<\/a><\/span><\/span><\/li>\n<li style=\"text-align: left;\"><span class=\"outer\"><span class=\"inner\"><a href=\"https:\/\/mercadoernc.minenergia.cl\/?page_id=787\" rel=\"noopener\">5.1 Alternativas de integraci\u00f3n a un sistema el\u00e9ctrico<\/a><\/span><\/span><\/li>\n<li style=\"text-align: left;\"><span class=\"outer\"><span class=\"inner\"><a href=\"https:\/\/mercadoernc.minenergia.cl\/?page_id=793\" rel=\"noopener\">5.2 Tramitaci\u00f3n de permisos t\u00e9cnicos<\/a><\/span><\/span><\/li>\n<li style=\"text-align: left;\"><span class=\"outer\"><span class=\"inner\"><a href=\"https:\/\/mercadoernc.minenergia.cl\/?page_id=798\" rel=\"noopener\">5.3 Costos de conexi\u00f3n<\/a><\/span><\/span><\/li>\n<\/ul>\n<p>[\/vc_column_text][\/vc_tta_section][\/vc_tta_accordion][\/vc_column][vc_column width=\u00bb3\/4&#8243;][vc_column_text]<\/p>\n<h1>5.1 Alternativas de integraci\u00f3n a un sistema el\u00e9ctrico<\/h1>\n<p>La integraci\u00f3n a los sistemas el\u00e9ctricos parte por la identificaci\u00f3n del tipo de subsistema en el cual se pretende lograr la conexi\u00f3n del proyecto ERNC, pues la normativa t\u00e9cnica aplicable a la conexi\u00f3n y operaci\u00f3n del generador ERNC difiere seg\u00fan sea el sistema de conexi\u00f3n seleccionado. La Figura 29 presenta la normativa aplicable al proyecto ERNC en funci\u00f3n de su conexi\u00f3n a un sistema de distribuci\u00f3n o transmisi\u00f3n.<\/p>\n<p>Si el proyecto se acoge a la Ley de Facturaci\u00f3n Neta (<em>Netbilling)<\/em> estar\u00e1 habilitado para conectarse a los sistemas de distribuci\u00f3n de baja o media tensi\u00f3n. En el primer caso, la normativa aplicable es la Norma T\u00e9cnica de Conexi\u00f3n y Operaci\u00f3n de equipamiento de generaci\u00f3n en baja tensi\u00f3n. Si el proyecto pretende conectarse a media tensi\u00f3n, no hay una norma espec\u00edfica y se debe guiar por los oficios e indicaciones de la Superintendencia de Electricidad y Combustibles (SEC). Es importante destacar que, en estos casos, los sistemas no deben constituirse como empresas con giro el\u00e9ctrico para vender su energ\u00eda a la red, ni son coordinados por el Coordinador Independiente del Sistema El\u00e9ctrico Nacional.<\/p>\n<p>Si el proyecto es un PMGD que pretende la conexi\u00f3n a un sistema de distribuci\u00f3n en media tensi\u00f3n, la normativa aplicable son el reglamento para Medios de Generaci\u00f3n No Convencionales y Peque\u00f1os Medios de Generaci\u00f3n establecidos en la Ley General de Servicios El\u00e9ctricos y la respectiva Norma T\u00e9cnica de Conexi\u00f3n y Operaci\u00f3n en media tensi\u00f3n.<\/p>\n<p>En relaci\u00f3n con los PMG y su conexi\u00f3n a los sistemas de transmisi\u00f3n, se aplica el reglamento D.S. N\u00b088 de 2020y la normativa t\u00e9cnica es la que se encuentra en la NTSyCS, pese a que aplica el mismo reglamento que en el caso anterior, siendo las exigencias t\u00e9cnicas diferentes para cada caso. Una clara distinci\u00f3n entre los sistemas de distribuci\u00f3n y los otros se logra identificando el voltaje de operaci\u00f3n de la red, ya que las redes de distribuci\u00f3n son todas aquellas que operan a voltajes menores o iguales a 23 kV.<\/p>\n<p style=\"text-align: center;\"><img loading=\"lazy\" decoding=\"async\" class=\"aligncenter wp-image-3922 size-full\" src=\"https:\/\/mercadoernc.minenergia.cl\/wp-content\/uploads\/2021\/11\/Figura-29.png\" alt=\"\" width=\"1503\" height=\"692\" srcset=\"https:\/\/mercadoernc.minenergia.cl\/wp-content\/uploads\/2021\/11\/Figura-29.png 1503w, https:\/\/mercadoernc.minenergia.cl\/wp-content\/uploads\/2021\/11\/Figura-29-300x138.png 300w, https:\/\/mercadoernc.minenergia.cl\/wp-content\/uploads\/2021\/11\/Figura-29-1024x471.png 1024w, https:\/\/mercadoernc.minenergia.cl\/wp-content\/uploads\/2021\/11\/Figura-29-768x354.png 768w, https:\/\/mercadoernc.minenergia.cl\/wp-content\/uploads\/2021\/11\/Figura-29-660x304.png 660w\" sizes=\"auto, (max-width: 1503px) 100vw, 1503px\" \/><\/p>\n<p>[\/vc_column_text][vc_row_inner][vc_column_inner width=\u00bb1\/2&#8243;][vc_btn title=\u00bbAnterior\u00bb color=\u00bbgreen\u00bb align=\u00bbleft\u00bb i_icon_fontawesome=\u00bbfa fa-chevron-left\u00bb add_icon=\u00bbtrue\u00bb link=\u00bburl:https%3A%2F%2Fmercadoernc.minenergia.cl%2F%3Fpage_id%3D783|||\u00bb][\/vc_column_inner][vc_column_inner width=\u00bb1\/2&#8243;][vc_btn title=\u00bbSiguiente\u00bb color=\u00bbgreen\u00bb align=\u00bbright\u00bb i_icon_fontawesome=\u00bbfa fa-chevron-right\u00bb add_icon=\u00bbtrue\u00bb link=\u00bburl:https%3A%2F%2Fmercadoernc.minenergia.cl%2F%3Fpage_id%3D793|||\u00bb][\/vc_column_inner][\/vc_row_inner][\/vc_column][\/vc_row]<\/p>\n","protected":false},"excerpt":{"rendered":"<p>[vc_row][vc_column width=\u00bb1\/4&#8243;][vc_tta_accordion active_section=\u00bb1&#8243; collapsible_all=\u00bbtrue\u00bb][vc_tta_section i_icon_fontawesome=\u00bbfa fa-plus\u00bb add_icon=\u00bbtrue\u00bb title=\u00bbIntegraci\u00f3n ERNC\u00bb tab_id=\u00bb1638362155660-eb991ce6-3c12&#8243;][vc_column_text] 5. Integraci\u00f3n al mercado de ERNC 5.1 Alternativas de integraci\u00f3n a un sistema el\u00e9ctrico 5.2 Tramitaci\u00f3n de permisos t\u00e9cnicos 5.3 Costos de conexi\u00f3n [\/vc_column_text][\/vc_tta_section][\/vc_tta_accordion][\/vc_column][vc_column width=\u00bb3\/4&#8243;][vc_column_text] 5.1 Alternativas de integraci\u00f3n a un sistema el\u00e9ctrico La integraci\u00f3n a los sistemas el\u00e9ctricos parte por la identificaci\u00f3n del tipo [&hellip;]<\/p>\n","protected":false},"author":3,"featured_media":0,"parent":783,"menu_order":0,"comment_status":"closed","ping_status":"closed","template":"","meta":{"_acf_changed":false,"footnotes":""},"class_list":["post-787","page","type-page","status-publish","hentry"],"acf":[],"_links":{"self":[{"href":"https:\/\/mercadoernc.minenergia.cl\/index.php?rest_route=\/wp\/v2\/pages\/787","targetHints":{"allow":["GET"]}}],"collection":[{"href":"https:\/\/mercadoernc.minenergia.cl\/index.php?rest_route=\/wp\/v2\/pages"}],"about":[{"href":"https:\/\/mercadoernc.minenergia.cl\/index.php?rest_route=\/wp\/v2\/types\/page"}],"author":[{"embeddable":true,"href":"https:\/\/mercadoernc.minenergia.cl\/index.php?rest_route=\/wp\/v2\/users\/3"}],"replies":[{"embeddable":true,"href":"https:\/\/mercadoernc.minenergia.cl\/index.php?rest_route=%2Fwp%2Fv2%2Fcomments&post=787"}],"version-history":[{"count":9,"href":"https:\/\/mercadoernc.minenergia.cl\/index.php?rest_route=\/wp\/v2\/pages\/787\/revisions"}],"predecessor-version":[{"id":4189,"href":"https:\/\/mercadoernc.minenergia.cl\/index.php?rest_route=\/wp\/v2\/pages\/787\/revisions\/4189"}],"up":[{"embeddable":true,"href":"https:\/\/mercadoernc.minenergia.cl\/index.php?rest_route=\/wp\/v2\/pages\/783"}],"wp:attachment":[{"href":"https:\/\/mercadoernc.minenergia.cl\/index.php?rest_route=%2Fwp%2Fv2%2Fmedia&parent=787"}],"curies":[{"name":"wp","href":"https:\/\/api.w.org\/{rel}","templated":true}]}}