{"id":746,"date":"2018-06-26T21:54:52","date_gmt":"2018-06-26T21:54:52","guid":{"rendered":"https:\/\/mercadoernc.minenergia.cl\/?page_id=746"},"modified":"2022-01-13T16:48:07","modified_gmt":"2022-01-13T16:48:07","slug":"4-8-plataformas-de-informacion-y-recursos-disponibles","status":"publish","type":"page","link":"https:\/\/mercadoernc.minenergia.cl\/?page_id=746","title":{"rendered":"4.8 Plataformas de informaci\u00f3n y recursos disponibles"},"content":{"rendered":"<p>[vc_row][vc_column width=\u00bb1\/4&#8243;][vc_tta_accordion active_section=\u00bb1&#8243; collapsible_all=\u00bbtrue\u00bb][vc_tta_section i_icon_fontawesome=\u00bbfa fa-plus\u00bb add_icon=\u00bbtrue\u00bb title=\u00bbERNC en Chile\u00bb tab_id=\u00bb1638304034156-641d5cfb-702f\u00bb][vc_column_text]<\/p>\n<ul>\n<li style=\"text-align: left;\"><span class=\"outer\"><span class=\"inner\"><a href=\"https:\/\/mercadoernc.minenergia.cl\/?page_id=704\" rel=\"noopener\">4. Las ERNC en el mercado el\u00e9ctrico chileno<\/a><\/span><\/span><\/li>\n<li style=\"text-align: left;\"><span class=\"outer\"><span class=\"inner\"><a href=\"https:\/\/mercadoernc.minenergia.cl\/?page_id=713\" rel=\"noopener\">4.1 Contexto general<\/a><\/span><\/span><\/li>\n<li><span class=\"outer\"><span class=\"inner\"><a href=\"https:\/\/mercadoernc.minenergia.cl\/?page_id=718\" rel=\"noopener\">4.2 Definici\u00f3n de medios de generaci\u00f3n<\/a><\/span><\/span><\/li>\n<li style=\"text-align: left;\"><span class=\"outer\"><span class=\"inner\"><a href=\"https:\/\/mercadoernc.minenergia.cl\/?page_id=715\" rel=\"noopener\">4.3 Descripci\u00f3n general de etapas de desarrollo<\/a><\/span><\/span><span class=\"outer\"><span class=\"inner\"><br \/>\n<\/span><\/span><\/li>\n<li style=\"text-align: left;\"><span class=\"outer\"><span class=\"inner\"><a href=\"https:\/\/mercadoernc.minenergia.cl\/?page_id=725\" rel=\"noopener\">4.4 El marco regulatorio<\/a><\/span><\/span><\/li>\n<li style=\"text-align: left;\"><span class=\"outer\"><span class=\"inner\"><a href=\"https:\/\/mercadoernc.minenergia.cl\/?page_id=729\" rel=\"noopener\">4.5 Ley de ERNC<\/a><\/span><\/span><span class=\"outer\"><span class=\"inner\"><br \/>\n<\/span><\/span><\/li>\n<li style=\"text-align: left;\"><span class=\"outer\"><span class=\"inner\"><a href=\"https:\/\/mercadoernc.minenergia.cl\/?page_id=741\" rel=\"noopener\">4.6 Reconocimiento de potencia de suficiencia<\/a><\/span><\/span><\/li>\n<li style=\"text-align: left;\"><span class=\"outer\"><span class=\"inner\"><a href=\"https:\/\/mercadoernc.minenergia.cl\/?page_id=744\" rel=\"noopener\">4.7 Exigencias t\u00e9cnicas m\u00ednimas<\/a><\/span><\/span><\/li>\n<li style=\"text-align: left;\"><span class=\"outer\"><span class=\"inner\"><a href=\"https:\/\/mercadoernc.minenergia.cl\/?page_id=746\" rel=\"noopener\">4.8 Informaci\u00f3n y recursos<\/a><\/span><\/span><\/li>\n<\/ul>\n<p>[\/vc_column_text][\/vc_tta_section][\/vc_tta_accordion][\/vc_column][vc_column width=\u00bb3\/4&#8243;][vc_column_text]<\/p>\n<h1>4.8 Plataformas de informaci\u00f3n y recursos disponibles<\/h1>\n<p>Antes de la instalaci\u00f3n de un generador renovable en un determinado lugar se debe evaluar apropiadamente el recurso energ\u00e9tico disponible. Para ello el Estado, en forma paralela al desarrollo de la regulaci\u00f3n para estos proyectos, ha realizado un esfuerzo para levantar informaci\u00f3n p\u00fablica y gratuita para disminuir las barreras de acceso a la misma. Asimismo, el Estado ha destinado grandes extensiones de terrenos fiscales para el desarrollo de proyectos de energ\u00edas renovables. En el caso particular de la energ\u00eda geot\u00e9rmica el Estado ha autorizado actividades de exploraci\u00f3n o explotaci\u00f3n de energ\u00eda geot\u00e9rmica en m\u00faltiples \u00e1reas del pa\u00eds.[\/vc_column_text][vc_tta_accordion active_section=\u00bb9&#8243; collapsible_all=\u00bbtrue\u00bb][vc_tta_section i_icon_fontawesome=\u00bbfa fa-compress\u00bb add_icon=\u00bbtrue\u00bb title=\u00bb4.8.1 Plataformas de informaci\u00f3n para evaluar recursos energ\u00e9ticos \u00bb tab_id=\u00bbplataformasdeinformacion\u00bb][vc_column_text]Uno de los pilares del Programa de Apoyo al Desarrollo de las ERNC que lleva a cabo el Ministerio de Energ\u00eda, es la generaci\u00f3n de informaci\u00f3n p\u00fablica sobre los recursos naturales presentes en Chile, que permita orientar mediante antecedentes actualizados tanto a su pol\u00edtica de fomento como a potenciales inversionistas.<\/p>\n<p>En ese contexto, el Ministerio ha dise\u00f1ado herramientas como los Exploradores de Energ\u00eda, los cuales est\u00e1n destinados para evaluar el potencial energ\u00e9tico de los recursos renovables en el pa\u00eds y tambi\u00e9n, mantiene campa\u00f1as de medici\u00f3n para los recursos e\u00f3lico y solar en el pa\u00eds. Adem\u00e1s, ha implementado plataformas de informaci\u00f3n que permiten la evaluaci\u00f3n indirecta de dichos recursos por medio de herramientas de modelaci\u00f3n, bases de datos, informaci\u00f3n territorial y catastros actualizados de los recursos presentes en el pa\u00eds. Se puede acceder a todas estas plataformas a trav\u00e9s del sitio web del Ministerio de Energ\u00eda<span class=\"tooltips \" style=\"\" title=\"Fuente: &lt;a href=&quot;http:\/\/exploradores.minenergia.cl\/&quot; target=&quot;_blank&quot; rel=&quot;noopener&quot;&gt;Exploradores de energ\u00eda&lt;\/a&gt;. Ministerio de energ\u00eda\"><span style=\"color: #0000ff;\">[31]<\/span><\/span>.<\/p>\n<p>El detalle de las funcionalidades de estas plataformas de informaci\u00f3n se encuentra en el <a href=\"https:\/\/mercadoernc.minenergia.cl\/?page_id=1187\" target=\"_blank\" rel=\"noopener\">Anexo 5<\/a>.[\/vc_column_text][\/vc_tta_section][vc_tta_section i_icon_fontawesome=\u00bbfa fa-compress\u00bb add_icon=\u00bbtrue\u00bb title=\u00bb4.8.2 Licitaciones de terrenos fiscales\u00bb tab_id=\u00bblicitacionesdeterrenosfiscales\u00bb][vc_column_text]El a\u00f1o 2010, mediante un Convenio Marco de Colaboraci\u00f3n entre el Ministerio de Bienes Nacionales y el Ministerio de Energ\u00eda, se reservaron \u00e1reas para proyectos e\u00f3licos en el Norte Grande, las cuales est\u00e1n siendo otorgadas en concesi\u00f3n de uso oneroso para el desarrollo de proyectos e\u00f3licos mediante modalidad de licitaci\u00f3n p\u00fablica. El prop\u00f3sito de esta iniciativa es administrar de manera eficiente el patrimonio fiscal y dar respuesta a la creciente demanda de terrenos fiscales para ese tipo de proyectos. Desde dicha fecha en adelante se han agregado m\u00faltiples licitaciones de terrenos destinados a energ\u00edas renovables no convencionales, tanto e\u00f3licos como solares y sistemas de almacenamiento, espec\u00edficamente, hasta el a\u00f1o 2021 se han realizado 40 procesos licitatorios, teniendo 5259 MW en proyectos operativos y 2447 MW en proyectos en construcci\u00f3n.<\/p>\n<p>El Ministerio de Bienes Nacionales ha priorizado el desarrollo de proyectos ERNC en propiedades fiscales, ubicadas principalmente en el Norte Grande del pa\u00eds. Es por ello que el procedimiento de licitaci\u00f3n para la concesi\u00f3n de uso de un terreno fiscal puede ser iniciado por parte del Ministerio, pero tambi\u00e9n por petici\u00f3n de los interesados <span class=\"tooltips \" style=\"\" title=\"Fuente: &lt;a href=&quot;https:\/\/www.bcn.cl\/leychile\/navegar?idNorma=6778&quot; target=&quot;_blank&quot; rel=&quot;noopener&quot;&gt;Decreto 1.939 de 1977&lt;\/a&gt;\"><span style=\"color: #3366ff; cursor: pointer;\">[32]<\/span><\/span>. Adem\u00e1s, en octubre de 2020 los Ministerios de Energ\u00eda, Bienes Nacionales y Corfo firmaron un convenio de colaboraci\u00f3n para impulsar en terrenos fiscales proyectos de hidr\u00f3geno verde para promover el desarrollo de de dicha industria. [\/vc_column_text][\/vc_tta_section][vc_tta_section i_icon_fontawesome=\u00bbfa fa-compress\u00bb add_icon=\u00bbtrue\u00bb title=\u00bb4.8.3 Concesiones de exploraci\u00f3n geot\u00e9rmica\u00bb tab_id=\u00bbconcesionesdeexploraciongeotermica\u00bb][vc_column_text]Una de las tareas del Ministerio de Energ\u00eda es la administraci\u00f3n de la Ley 19.657 del a\u00f1o 1999 sobre concesiones de energ\u00eda geot\u00e9rmica. Sus funciones son otorgar y denegar solicitudes de concesi\u00f3n geot\u00e9rmica, realizar llamados a licitaci\u00f3n, cuando as\u00ed lo dicte la Ley y su Reglamento <span class=\"tooltips \" style=\"\" title=\"Fuente: &lt;a href=&quot;https:\/\/www.bcn.cl\/leychile\/navegar?idNorma=1163931&quot; target=&quot;_blank&quot; rel=&quot;noopener&quot;&gt;D.S. N\u00b051 de 2021&lt;\/a&gt;\"><span style=\"color: #3366ff; cursor: pointer;\">[33]<\/span><\/span>; y resolver reclamaciones relacionadas con el sistema de concesiones, entre otras actividades que dicta la Ley. Asimismo, le corresponde el estudio, formulaci\u00f3n y ejecuci\u00f3n de pol\u00edticas, instrumentos y propuestas de regulaci\u00f3n aplicables a la energ\u00eda geot\u00e9rmica.<\/p>\n<p>Una concesi\u00f3n geot\u00e9rmica es aquel acto administrativo otorgado por el Estado en donde se autoriza a realizar actividades de exploraci\u00f3n o explotaci\u00f3n de energ\u00eda geot\u00e9rmica, en un \u00e1rea determinada. Se puede obtener concesiones de energ\u00eda geot\u00e9rmica a trav\u00e9s de solicitudes presentadas directamente al Ministerio de Energ\u00eda o a trav\u00e9s de llamados a licitaciones p\u00fablicas.<\/p>\n<p>En la Figura 27 se presentan las concesiones de exploraci\u00f3n y explotaci\u00f3n de energ\u00eda geot\u00e9rmica vigente a diciembre del a\u00f1o 2020.<\/p>\n<p style=\"text-align: center;\"><img loading=\"lazy\" decoding=\"async\" class=\"alignnone wp-image-3427 size-large\" src=\"https:\/\/mercadoernc.minenergia.cl\/wp-content\/uploads\/2021\/08\/Figura-27-1024x527.png\" alt=\"\" width=\"1024\" height=\"527\" srcset=\"https:\/\/mercadoernc.minenergia.cl\/wp-content\/uploads\/2021\/08\/Figura-27-1024x527.png 1024w, https:\/\/mercadoernc.minenergia.cl\/wp-content\/uploads\/2021\/08\/Figura-27-300x154.png 300w, https:\/\/mercadoernc.minenergia.cl\/wp-content\/uploads\/2021\/08\/Figura-27-768x395.png 768w, https:\/\/mercadoernc.minenergia.cl\/wp-content\/uploads\/2021\/08\/Figura-27-660x340.png 660w, https:\/\/mercadoernc.minenergia.cl\/wp-content\/uploads\/2021\/08\/Figura-27.png 1553w\" sizes=\"auto, (max-width: 1024px) 100vw, 1024px\" \/><\/p>\n<p style=\"text-align: center;\">Fuente: Ministerio de Energ\u00eda<\/p>\n<p>[\/vc_column_text][\/vc_tta_section][\/vc_tta_accordion][vc_row_inner][vc_column_inner width=\u00bb1\/2&#8243;][vc_btn title=\u00bbAnterior\u00bb color=\u00bbgreen\u00bb align=\u00bbleft\u00bb i_icon_fontawesome=\u00bbfa fa-chevron-left\u00bb add_icon=\u00bbtrue\u00bb link=\u00bburl:https%3A%2F%2Fmercadoernc.minenergia.cl%2F%3Fpage_id%3D744|||\u00bb][\/vc_column_inner][vc_column_inner width=\u00bb1\/2&#8243;][vc_btn title=\u00bbSiguiente\u00bb color=\u00bbgreen\u00bb align=\u00bbright\u00bb i_icon_fontawesome=\u00bbfa fa-chevron-right\u00bb add_icon=\u00bbtrue\u00bb link=\u00bburl:https%3A%2F%2Fmercadoernc.minenergia.cl%2F%3Fpage_id%3D783|||\u00bb][\/vc_column_inner][\/vc_row_inner][\/vc_column][\/vc_row]<\/p>\n","protected":false},"excerpt":{"rendered":"<p>[vc_row][vc_column width=\u00bb1\/4&#8243;][vc_tta_accordion active_section=\u00bb1&#8243; collapsible_all=\u00bbtrue\u00bb][vc_tta_section i_icon_fontawesome=\u00bbfa fa-plus\u00bb add_icon=\u00bbtrue\u00bb title=\u00bbERNC en Chile\u00bb tab_id=\u00bb1638304034156-641d5cfb-702f\u00bb][vc_column_text] 4. Las ERNC en el mercado el\u00e9ctrico chileno 4.1 Contexto general 4.2 Definici\u00f3n de medios de generaci\u00f3n 4.3 Descripci\u00f3n general de etapas de desarrollo 4.4 El marco regulatorio 4.5 Ley de ERNC 4.6 Reconocimiento de potencia de suficiencia 4.7 Exigencias t\u00e9cnicas m\u00ednimas 4.8 Informaci\u00f3n [&hellip;]<\/p>\n","protected":false},"author":3,"featured_media":0,"parent":704,"menu_order":0,"comment_status":"closed","ping_status":"closed","template":"","meta":{"_acf_changed":false,"footnotes":""},"class_list":["post-746","page","type-page","status-publish","hentry"],"acf":[],"_links":{"self":[{"href":"https:\/\/mercadoernc.minenergia.cl\/index.php?rest_route=\/wp\/v2\/pages\/746","targetHints":{"allow":["GET"]}}],"collection":[{"href":"https:\/\/mercadoernc.minenergia.cl\/index.php?rest_route=\/wp\/v2\/pages"}],"about":[{"href":"https:\/\/mercadoernc.minenergia.cl\/index.php?rest_route=\/wp\/v2\/types\/page"}],"author":[{"embeddable":true,"href":"https:\/\/mercadoernc.minenergia.cl\/index.php?rest_route=\/wp\/v2\/users\/3"}],"replies":[{"embeddable":true,"href":"https:\/\/mercadoernc.minenergia.cl\/index.php?rest_route=%2Fwp%2Fv2%2Fcomments&post=746"}],"version-history":[{"count":20,"href":"https:\/\/mercadoernc.minenergia.cl\/index.php?rest_route=\/wp\/v2\/pages\/746\/revisions"}],"predecessor-version":[{"id":4379,"href":"https:\/\/mercadoernc.minenergia.cl\/index.php?rest_route=\/wp\/v2\/pages\/746\/revisions\/4379"}],"up":[{"embeddable":true,"href":"https:\/\/mercadoernc.minenergia.cl\/index.php?rest_route=\/wp\/v2\/pages\/704"}],"wp:attachment":[{"href":"https:\/\/mercadoernc.minenergia.cl\/index.php?rest_route=%2Fwp%2Fv2%2Fmedia&parent=746"}],"curies":[{"name":"wp","href":"https:\/\/api.w.org\/{rel}","templated":true}]}}