{"id":741,"date":"2018-06-26T21:45:07","date_gmt":"2018-06-26T21:45:07","guid":{"rendered":"https:\/\/mercadoernc.minenergia.cl\/?page_id=741"},"modified":"2022-01-05T18:14:14","modified_gmt":"2022-01-05T18:14:14","slug":"4-6-reconocimiento-de-potencia-de-suficiencia-a-centrales-ernc","status":"publish","type":"page","link":"https:\/\/mercadoernc.minenergia.cl\/?page_id=741","title":{"rendered":"4.6 Reconocimiento de potencia de suficiencia  a centrales ERNC"},"content":{"rendered":"<p>[vc_row][vc_column width=\u00bb1\/4&#8243;][vc_tta_accordion active_section=\u00bb1&#8243; collapsible_all=\u00bbtrue\u00bb][vc_tta_section i_icon_fontawesome=\u00bbfa fa-plus\u00bb add_icon=\u00bbtrue\u00bb title=\u00bbERNC en Chile\u00bb tab_id=\u00bb1638303916483-e72512da-1d41&#8243;][vc_column_text]<\/p>\n<ul>\n<li style=\"text-align: left;\"><span class=\"outer\"><span class=\"inner\"><a href=\"https:\/\/mercadoernc.minenergia.cl\/?page_id=704\" rel=\"noopener\">4. Las ERNC en el mercado el\u00e9ctrico chileno<\/a><\/span><\/span><\/li>\n<li style=\"text-align: left;\"><span class=\"outer\"><span class=\"inner\"><a href=\"https:\/\/mercadoernc.minenergia.cl\/?page_id=713\" rel=\"noopener\">4.1 Contexto general<\/a><\/span><\/span><\/li>\n<li><span class=\"outer\"><span class=\"inner\"><a href=\"https:\/\/mercadoernc.minenergia.cl\/?page_id=718\" rel=\"noopener\">4.2 Definici\u00f3n de medios de generaci\u00f3n<\/a><\/span><\/span><\/li>\n<li style=\"text-align: left;\"><span class=\"outer\"><span class=\"inner\"><a href=\"https:\/\/mercadoernc.minenergia.cl\/?page_id=715\" rel=\"noopener\">4.3 Descripci\u00f3n general de etapas de desarrollo<\/a><\/span><\/span><span class=\"outer\"><span class=\"inner\"><br \/>\n<\/span><\/span><\/li>\n<li style=\"text-align: left;\"><span class=\"outer\"><span class=\"inner\"><a href=\"https:\/\/mercadoernc.minenergia.cl\/?page_id=725\" rel=\"noopener\">4.4 El marco regulatorio<\/a><\/span><\/span><\/li>\n<li style=\"text-align: left;\"><span class=\"outer\"><span class=\"inner\"><a href=\"https:\/\/mercadoernc.minenergia.cl\/?page_id=729\" rel=\"noopener\">4.5 Ley de ERNC<\/a><\/span><\/span><span class=\"outer\"><span class=\"inner\"><br \/>\n<\/span><\/span><\/li>\n<li style=\"text-align: left;\"><span class=\"outer\"><span class=\"inner\"><a href=\"https:\/\/mercadoernc.minenergia.cl\/?page_id=741\" rel=\"noopener\">4.6 Reconocimiento de potencia de suficiencia<\/a><\/span><\/span><\/li>\n<li style=\"text-align: left;\"><span class=\"outer\"><span class=\"inner\"><a href=\"https:\/\/mercadoernc.minenergia.cl\/?page_id=744\" rel=\"noopener\">4.7 Exigencias t\u00e9cnicas m\u00ednimas<\/a><\/span><\/span><\/li>\n<li style=\"text-align: left;\"><span class=\"outer\"><span class=\"inner\"><a href=\"https:\/\/mercadoernc.minenergia.cl\/?page_id=746\" rel=\"noopener\">4.8 Informaci\u00f3n y recursos<\/a><\/span><\/span><\/li>\n<\/ul>\n<p>[\/vc_column_text][\/vc_tta_section][\/vc_tta_accordion][\/vc_column][vc_column width=\u00bb3\/4&#8243;][vc_column_text]<\/p>\n<h1>4.6 Reconocimiento de potencia de suficiencia a centrales ERNC<\/h1>\n<p>La potencia de suficiencia de generadoras para fuentes no convencionales, como la geot\u00e9rmica, e\u00f3lica, solar, biomasa, mareomotriz, peque\u00f1as centrales hidroel\u00e9ctricas y centrales de cogeneraci\u00f3n se determinar\u00e1 en base al tipo de insumo que se utilice. \u00a0Conforme al Art\u00edculo 35 del D.S. N\u00b062 para determinar la potencia inicial de las generadoras ERNC, el Coordinador utilizar\u00e1 la informaci\u00f3n estad\u00edstica del insumo primario que aporte cada propietario, considerando el peor escenario de disponibilidad media anual, de dicho insumo, de los \u00faltimos cinco a\u00f1os. En el caso de centrales termosolares el insumo primario corresponder\u00e1 al fluido almacenado para el proceso t\u00e9rmico.<\/p>\n<p>La potencia inicial de centrales ERNC t\u00e9rmicas (biomasa, geot\u00e9rmicas, termosolares y biog\u00e1s) e hidroel\u00e9ctricas ser\u00e1 determinada conforme a los mismos procedimientos de las centrales convencionales t\u00e9rmicas e hidroel\u00e9ctricas respectivamente. Para todas las dem\u00e1s tecnolog\u00edas de generaci\u00f3n clasificadas ERNC, como las centrales e\u00f3licas y solares, la potencia inicial se determinar\u00e1 de acuerdo con el valor resultante de multiplicar su potencia m\u00e1xima por el m\u00ednimo de los siguientes valores:<\/p>\n<ul>\n<li><strong>\u00a0<\/strong>Menor factor de planta anual de los \u00faltimos 5 a\u00f1os anteriores al a\u00f1o de c\u00e1lculo.<\/li>\n<li>Promedio simple de los factores de planta registrados para cada uno de los 52 mayores valores horarios de la curva de carga anual de cada sistema o subsistema para el a\u00f1o de c\u00e1lculo.<\/li>\n<\/ul>\n<p>El Coordinador mediante un modelo probabil\u00edstico p\u00fablico y tecnol\u00f3gicamente neutro deber\u00e1 calcular el aporte de cada central a la suficiencia del sistema, utilizando como criterios: la potencia inicial de la generadora, la estad\u00edstica de estados operativos de la unidad (disponible, no disponible, deteriorado), periodo de mantenimiento y consumos propios. Tanto los consumos propios como el periodo de mantenimiento (mantenimientos mayores) ser\u00e1n representados mediante factores que reducen proporcionalmente el valor de la potencia inicial.<\/p>\n<p>Como resultado del modelo probabil\u00edstico del Coordinador se obtendr\u00e1 la potencia de suficiencia preliminar de la unidad, la cual deber\u00e1 ser ajustada por la demanda de punta del sistema para asignar la potencia de suficiencia definitiva a la unidad correspondiente.<\/p>\n<p>En resumen, el reconocimiento de la potencia de suficiencia variar\u00e1 principalmente de acuerdo al recurso de generaci\u00f3n disponible, la disponibilidad de la unidad al momento de ser despachada, su potencia m\u00e1xima y la oferta-demanda de suficiencia del sistema el\u00e9ctrico. Este procedimiento se aborda con mayor detalle en el el <a href=\"https:\/\/mercadoernc.minenergia.cl\/?page_id=1130\" target=\"_blank\" rel=\"noopener\">Anexo 3<\/a>.<\/p>\n<p>Con respecto al reconocimiento de potencia de suficiencia de los PMGD. La potencia inicial de los PMGD se determinar\u00e1 conforme a las mismas metodolog\u00edas que se emplean en las centrales generadoras convencionales o no convencionales, dependiendo del insumo principal que utilicen.<\/p>\n<p>&nbsp;<\/p>\n<p>[\/vc_column_text][vc_row_inner][vc_column_inner width=\u00bb1\/2&#8243;][vc_btn title=\u00bbAnterior\u00bb color=\u00bbgreen\u00bb align=\u00bbleft\u00bb i_icon_fontawesome=\u00bbfa fa-chevron-left\u00bb add_icon=\u00bbtrue\u00bb link=\u00bburl:https%3A%2F%2Fmercadoernc.minenergia.cl%2F%3Fpage_id%3D729|||\u00bb][\/vc_column_inner][vc_column_inner width=\u00bb1\/2&#8243;][vc_btn title=\u00bbSiguiente\u00bb color=\u00bbgreen\u00bb align=\u00bbright\u00bb i_icon_fontawesome=\u00bbfa fa-chevron-right\u00bb add_icon=\u00bbtrue\u00bb link=\u00bburl:https%3A%2F%2Fmercadoernc.minenergia.cl%2F%3Fpage_id%3D744|||\u00bb][\/vc_column_inner][\/vc_row_inner][\/vc_column][\/vc_row]<\/p>\n","protected":false},"excerpt":{"rendered":"<p>[vc_row][vc_column width=\u00bb1\/4&#8243;][vc_tta_accordion active_section=\u00bb1&#8243; collapsible_all=\u00bbtrue\u00bb][vc_tta_section i_icon_fontawesome=\u00bbfa fa-plus\u00bb add_icon=\u00bbtrue\u00bb title=\u00bbERNC en Chile\u00bb tab_id=\u00bb1638303916483-e72512da-1d41&#8243;][vc_column_text] 4. Las ERNC en el mercado el\u00e9ctrico chileno 4.1 Contexto general 4.2 Definici\u00f3n de medios de generaci\u00f3n 4.3 Descripci\u00f3n general de etapas de desarrollo 4.4 El marco regulatorio 4.5 Ley de ERNC 4.6 Reconocimiento de potencia de suficiencia 4.7 Exigencias t\u00e9cnicas m\u00ednimas 4.8 Informaci\u00f3n [&hellip;]<\/p>\n","protected":false},"author":3,"featured_media":0,"parent":704,"menu_order":0,"comment_status":"closed","ping_status":"closed","template":"","meta":{"_acf_changed":false,"footnotes":""},"class_list":["post-741","page","type-page","status-publish","hentry"],"acf":[],"_links":{"self":[{"href":"https:\/\/mercadoernc.minenergia.cl\/index.php?rest_route=\/wp\/v2\/pages\/741","targetHints":{"allow":["GET"]}}],"collection":[{"href":"https:\/\/mercadoernc.minenergia.cl\/index.php?rest_route=\/wp\/v2\/pages"}],"about":[{"href":"https:\/\/mercadoernc.minenergia.cl\/index.php?rest_route=\/wp\/v2\/types\/page"}],"author":[{"embeddable":true,"href":"https:\/\/mercadoernc.minenergia.cl\/index.php?rest_route=\/wp\/v2\/users\/3"}],"replies":[{"embeddable":true,"href":"https:\/\/mercadoernc.minenergia.cl\/index.php?rest_route=%2Fwp%2Fv2%2Fcomments&post=741"}],"version-history":[{"count":44,"href":"https:\/\/mercadoernc.minenergia.cl\/index.php?rest_route=\/wp\/v2\/pages\/741\/revisions"}],"predecessor-version":[{"id":4314,"href":"https:\/\/mercadoernc.minenergia.cl\/index.php?rest_route=\/wp\/v2\/pages\/741\/revisions\/4314"}],"up":[{"embeddable":true,"href":"https:\/\/mercadoernc.minenergia.cl\/index.php?rest_route=\/wp\/v2\/pages\/704"}],"wp:attachment":[{"href":"https:\/\/mercadoernc.minenergia.cl\/index.php?rest_route=%2Fwp%2Fv2%2Fmedia&parent=741"}],"curies":[{"name":"wp","href":"https:\/\/api.w.org\/{rel}","templated":true}]}}