{"id":729,"date":"2018-06-26T20:54:49","date_gmt":"2018-06-26T20:54:49","guid":{"rendered":"https:\/\/mercadoernc.minenergia.cl\/?page_id=729"},"modified":"2022-01-07T18:04:43","modified_gmt":"2022-01-07T18:04:43","slug":"4-5-ley-de-energias-renovables-no-convencionales","status":"publish","type":"page","link":"https:\/\/mercadoernc.minenergia.cl\/?page_id=729","title":{"rendered":"4.5 Ley de Energ\u00edas Renovables No Convencionales (Ley 20.257 y Ley 20.698)"},"content":{"rendered":"<p>[vc_row][vc_column width=\u00bb1\/4&#8243;][vc_tta_accordion active_section=\u00bb1&#8243; collapsible_all=\u00bbtrue\u00bb][vc_tta_section i_icon_fontawesome=\u00bbfa fa-plus\u00bb add_icon=\u00bbtrue\u00bb title=\u00bbERNC en Chile\u00bb tab_id=\u00bb1638303855692-24be7071-c644&#8243;][vc_column_text]<\/p>\n<ul>\n<li style=\"text-align: left;\"><span class=\"outer\"><span class=\"inner\"><a href=\"https:\/\/mercadoernc.minenergia.cl\/?page_id=704\" rel=\"noopener\">4. Las ERNC en el mercado el\u00e9ctrico chileno<\/a><\/span><\/span><\/li>\n<li style=\"text-align: left;\"><span class=\"outer\"><span class=\"inner\"><a href=\"https:\/\/mercadoernc.minenergia.cl\/?page_id=713\" rel=\"noopener\">4.1 Contexto general<\/a><\/span><\/span><\/li>\n<li><span class=\"outer\"><span class=\"inner\"><a href=\"https:\/\/mercadoernc.minenergia.cl\/?page_id=718\" rel=\"noopener\">4.2 Definici\u00f3n de medios de generaci\u00f3n<\/a><\/span><\/span><\/li>\n<li style=\"text-align: left;\"><span class=\"outer\"><span class=\"inner\"><a href=\"https:\/\/mercadoernc.minenergia.cl\/?page_id=715\" rel=\"noopener\">4.3 Descripci\u00f3n general de etapas de desarrollo<\/a><\/span><\/span><span class=\"outer\"><span class=\"inner\"><br \/>\n<\/span><\/span><\/li>\n<li style=\"text-align: left;\"><span class=\"outer\"><span class=\"inner\"><a href=\"https:\/\/mercadoernc.minenergia.cl\/?page_id=725\" rel=\"noopener\">4.4 El marco regulatorio<\/a><\/span><\/span><\/li>\n<li style=\"text-align: left;\"><span class=\"outer\"><span class=\"inner\"><a href=\"https:\/\/mercadoernc.minenergia.cl\/?page_id=729\" rel=\"noopener\">4.5 Ley de ERNC<\/a><\/span><\/span><span class=\"outer\"><span class=\"inner\"><br \/>\n<\/span><\/span><\/li>\n<li style=\"text-align: left;\"><span class=\"outer\"><span class=\"inner\"><a href=\"https:\/\/mercadoernc.minenergia.cl\/?page_id=741\" rel=\"noopener\">4.6 Reconocimiento de potencia de suficiencia<\/a><\/span><\/span><\/li>\n<li style=\"text-align: left;\"><span class=\"outer\"><span class=\"inner\"><a href=\"https:\/\/mercadoernc.minenergia.cl\/?page_id=744\" rel=\"noopener\">4.7 Exigencias t\u00e9cnicas m\u00ednimas<\/a><\/span><\/span><\/li>\n<li style=\"text-align: left;\"><span class=\"outer\"><span class=\"inner\"><a href=\"https:\/\/mercadoernc.minenergia.cl\/?page_id=746\" rel=\"noopener\">4.8 Informaci\u00f3n y recursos<\/a><\/span><\/span><\/li>\n<\/ul>\n<p>[\/vc_column_text][\/vc_tta_section][\/vc_tta_accordion][\/vc_column][vc_column width=\u00bb3\/4&#8243;][vc_column_text]<\/p>\n<h1>4.5 Ley de Energ\u00edas Renovables No Convencionales (Ley 20.257 y Ley 20.698)<\/h1>\n<p>El 1 de abril de 2008 entr\u00f3 en vigencia la Ley 20.257 que establec\u00eda una obligaci\u00f3n para las empresas el\u00e9ctricas que un porcentaje de la energ\u00eda comercializada provenga de fuentes ERNC <span class=\"tooltips \" style=\"\" title=\"Nota: En la terminolog\u00eda internacional este modelo se conoce como un modelo de cuotas.\"><span style=\"color: #3366ff; cursor: pointer;\"><strong><em>13<\/em><\/strong><\/span><\/span> y defin\u00eda una meta del 10% al a\u00f1o 2024. Sin embargo, en octubre de 2013 se modific\u00f3 la meta ampli\u00e1ndola a un 20% para el a\u00f1o 2025 (Ley 20.698 de 2013).<\/p>\n<p>De esta forma para los contratos celebrados con posterioridad al 31 de agosto de 2007 y con anterioridad al 1 de julio de 2013 (Ley 20.257), la obligaci\u00f3n fue de un 5% para los a\u00f1os entre 2010 y 2014, aument\u00e1ndose 0,5% anual a partir del a\u00f1o 2015 hasta llegar al 10% el a\u00f1o 2024. Sin embargo, para los contratos celebrados con posterioridad al 1 de julio de 2013 (Ley 20.698), la obligaci\u00f3n fue de 5% el a\u00f1o 2013, con incrementos del 1% a partir del a\u00f1o 2014 hasta llegar al 12% el a\u00f1o 2020, e incrementos del 1,5% a partir del a\u00f1o 2021 hasta llegar el a\u00f1o 2024, y un incremento del 2% al a\u00f1o 2025 para llegar a un 20%. Los requerimientos anteriores se presentan en la Tabla 6.<\/p>\n<p style=\"text-align: center;\"><strong><img loading=\"lazy\" decoding=\"async\" class=\"alignnone wp-image-3410 size-full\" src=\"https:\/\/mercadoernc.minenergia.cl\/wp-content\/uploads\/2021\/08\/Tabla-6.png\" alt=\"\" width=\"435\" height=\"742\" srcset=\"https:\/\/mercadoernc.minenergia.cl\/wp-content\/uploads\/2021\/08\/Tabla-6.png 435w, https:\/\/mercadoernc.minenergia.cl\/wp-content\/uploads\/2021\/08\/Tabla-6-176x300.png 176w\" sizes=\"auto, (max-width: 435px) 100vw, 435px\" \/><br \/>\n<\/strong><\/p>\n<p>Otras disposiciones importantes de estas leyes se presentan a continuaci\u00f3n:<\/p>\n<ul>\n<li>La empresa el\u00e9ctrica que no acredite el cumplimiento de la obligaci\u00f3n al 1 de marzo siguiente al a\u00f1o calendario correspondiente, debe pagar un cargo, cuyo monto es de 0,4 UTM <span class=\"tooltips \" style=\"\" title=\"Nota: Valor de la UTM en diciembre de 2020 es de $ 51.029, equivalente a US$ 71.79 (considerando valor de cada d\u00f3lar a $711). Por lo que 0,4 UTM\/MWh equivalen a US$17.9 \/MWh. El valor mensual de la UTM se encuentra disponible en &lt;a href=&quot;http:\/\/www.sii.cl&quot; target=&quot;_blank&quot; rel=&quot;noopener&quot;&gt;www.sii.cl&lt;\/a&gt;\"><span style=\"color: #3366ff; cursor: pointer;\"><strong><em>14<\/em><\/strong><\/span><\/span> por cada MWh de d\u00e9ficit respecto a su obligaci\u00f3n. Si dentro de los tres a\u00f1os siguientes incurriese nuevamente en el incumplimiento de su obligaci\u00f3n, el cargo es de 0,6 UTM por cada MWh de d\u00e9ficit.<\/li>\n<li>Cualquier empresa el\u00e9ctrica que exceda su obligaci\u00f3n de inyecciones de energ\u00eda renovable no convencional podr\u00e1 convenir el traspaso de sus excedentes a otra empresa el\u00e9ctrica, lo que podr\u00e1n realizarse incluso entre empresas de diferentes sistemas el\u00e9ctricos.<\/li>\n<li>Es importante notar que el cumplimiento de esta Ley s\u00f3lo es v\u00e1lido para ERNC producida por instalaciones que se hayan conectado al SEN a partir del 1 de enero de 2007.<\/li>\n<li>S\u00f3lo para los efectos de la acreditaci\u00f3n de la obligaci\u00f3n establecida en la ley, se reconocen tambi\u00e9n parte de las inyecciones provenientes de centrales hidroel\u00e9ctricas cuya potencia m\u00e1xima sea igual o inferior a 40 MW, aun cuando los proyectos hidroel\u00e9ctricos de potencia m\u00e1xima igual o superior a 20 MW no son definidos como ERNC en la Ley. Este reconocimiento corresponde a un factor proporcional que es nulo para potencias iguales o mayores a la potencia se\u00f1alada. La Figura 25 resume el esquema aplicable a centrales hidroel\u00e9ctricas en relaci\u00f3n al reconocimiento de ERNC:\n<p style=\"text-align: center;\"><img loading=\"lazy\" decoding=\"async\" class=\"aligncenter wp-image-3663 \" src=\"https:\/\/mercadoernc.minenergia.cl\/wp-content\/uploads\/2021\/10\/Figura-25-1024x657.png\" alt=\"\" width=\"516\" height=\"331\" srcset=\"https:\/\/mercadoernc.minenergia.cl\/wp-content\/uploads\/2021\/10\/Figura-25-1024x657.png 1024w, https:\/\/mercadoernc.minenergia.cl\/wp-content\/uploads\/2021\/10\/Figura-25-300x192.png 300w, https:\/\/mercadoernc.minenergia.cl\/wp-content\/uploads\/2021\/10\/Figura-25-768x493.png 768w, https:\/\/mercadoernc.minenergia.cl\/wp-content\/uploads\/2021\/10\/Figura-25-660x423.png 660w, https:\/\/mercadoernc.minenergia.cl\/wp-content\/uploads\/2021\/10\/Figura-25.png 1197w\" sizes=\"auto, (max-width: 516px) 100vw, 516px\" \/><\/p>\n<\/li>\n<li>Cabe se\u00f1alar que la acreditaci\u00f3n de ERNC no se limita a proyectos menores a 20\/40 MW y que las centrales hidr\u00e1ulicas constituyen un caso de tratamiento particular. A modo de ejemplo, para un parque e\u00f3lico de 100 MW el reconocimiento es para el total de la energ\u00eda inyectada al sistema.<\/li>\n<\/ul>\n<p>Por \u00faltimo, es importante se\u00f1alar que si la meta no llegase a cumplirse por falta de inversiones en proyectos renovables, el Ministerio de Energ\u00eda debe realizar licitaciones p\u00fablicas anuales para la provisi\u00f3n de bloques de energ\u00eda renovable no convencional cubriendo la parte de la obligaci\u00f3n faltante <span class=\"tooltips \" style=\"\" title=\"Fuente: Art\u00edculo 150 de la LGSE incorporado con la &lt;a href=&quot;https:\/\/www.bcn.cl\/leychile\/navegar?idNorma=1055402&quot; target=&quot;_blank&quot; rel=&quot;noopener&quot;&gt;Ley 20.698&lt;\/a&gt;.\"><span style=\"color: #3366ff; cursor: pointer;\">[27]<\/span><\/span>. Sin embargo, como se ver\u00e1 en la siguiente secci\u00f3n, dado la fuerte penetraci\u00f3n renovable no convencional en Chile, es muy probable que no sea necesario realizar estas licitaciones.[\/vc_column_text][vc_tta_accordion active_section=\u00bb9&#8243; collapsible_all=\u00bbtrue\u00bb][vc_tta_section i_icon_fontawesome=\u00bbfa fa-compress\u00bb add_icon=\u00bbtrue\u00bb title=\u00bb4.5.1 Cumplimiento de la obligaci\u00f3n ERNC\u00bb tab_id=\u00bbcumplimientodelaobligacion\u00bb][vc_column_text]La generaci\u00f3n renovable no convencional ha sobrepasado con creces la cuota impuesta por la regulaci\u00f3n, tal como se observa en la Figura 24. Por ejemplo, la cuota ERNC para el a\u00f1o 2020 es de 8 % para los contratos de suministro celebrados entre 31 de agosto de 2007 y el 1 de julio de 2013, y de un 12% para los contratos firmados con posterioridad al 1 de julio de 2013. En diciembre de 2020, estas obligaciones se tradujeron en una meta de 5377 GWh de energ\u00eda ERNC. Sin embargo, la inyecci\u00f3n ERNC real y reconocida por ley fue mucho mayor, alcanzando 14630 GWh, es decir, 272% respecto de lo exigido<a href=\"#_ftn1\" name=\"_ftnref1\"><\/a> <span class=\"tooltips \" style=\"\" title=\"Fuente: &lt;a style=&quot;text-decoration: underline;&quot; href=&quot;http:\/\/energiaabierta.cl\/reportes\/&quot; target=&quot;_blank&quot; rel=&quot;noopener&quot;&gt;Informe estad\u00edstico mensual&lt;\/a&gt;. CNE \"><span style=\"color: #3366ff; cursor: pointer;\">[28]<\/span><\/span>. Este excedente respecto de la obligaci\u00f3n ERNC se ha traducido en un desplome del precio del atributo ERNC, el que ya no constituye una fuente significativa de financiamiento de los proyectos. En la Figura 26 se presentan las obligaciones anuales ERNC y como estas se han sobrepasado sistem\u00e1ticamente en todos los a\u00f1os.<\/p>\n<h3><strong>Figura 26: Cumplimiento anual de las obligaciones ERNC<\/strong><\/h3>\n<h3 id=\"container\" style=\"width: 100%; height: 400px;\"><\/h3>\n<p style=\"text-align: center;\"><span style=\"color: #999999;\">Fuente: Elaboraci\u00f3n propia a partir de Anuario Estad\u00edstico de Energ\u00eda. CNE<\/span><\/p>\n<p>[\/vc_column_text][\/vc_tta_section][\/vc_tta_accordion][vc_row_inner][vc_column_inner width=\u00bb1\/2&#8243;][vc_btn title=\u00bbAnterior\u00bb color=\u00bbgreen\u00bb align=\u00bbleft\u00bb i_icon_fontawesome=\u00bbfa fa-chevron-left\u00bb add_icon=\u00bbtrue\u00bb link=\u00bburl:https%3A%2F%2Fmercadoernc.minenergia.cl%2F%3Fpage_id%3D725|||\u00bb][\/vc_column_inner][vc_column_inner width=\u00bb1\/2&#8243;][vc_btn title=\u00bbSiguiente\u00bb color=\u00bbgreen\u00bb align=\u00bbright\u00bb i_icon_fontawesome=\u00bbfa fa-chevron-right\u00bb add_icon=\u00bbtrue\u00bb link=\u00bburl:https%3A%2F%2Fmercadoernc.minenergia.cl%2F%3Fpage_id%3D741|||\u00bb][\/vc_column_inner][\/vc_row_inner][\/vc_column][\/vc_row]<\/p>\n","protected":false},"excerpt":{"rendered":"<p>[vc_row][vc_column width=\u00bb1\/4&#8243;][vc_tta_accordion active_section=\u00bb1&#8243; collapsible_all=\u00bbtrue\u00bb][vc_tta_section i_icon_fontawesome=\u00bbfa fa-plus\u00bb add_icon=\u00bbtrue\u00bb title=\u00bbERNC en Chile\u00bb tab_id=\u00bb1638303855692-24be7071-c644&#8243;][vc_column_text] 4. Las ERNC en el mercado el\u00e9ctrico chileno 4.1 Contexto general 4.2 Definici\u00f3n de medios de generaci\u00f3n 4.3 Descripci\u00f3n general de etapas de desarrollo 4.4 El marco regulatorio 4.5 Ley de ERNC 4.6 Reconocimiento de potencia de suficiencia 4.7 Exigencias t\u00e9cnicas m\u00ednimas 4.8 Informaci\u00f3n [&hellip;]<\/p>\n","protected":false},"author":3,"featured_media":0,"parent":704,"menu_order":0,"comment_status":"closed","ping_status":"closed","template":"","meta":{"_acf_changed":false,"footnotes":""},"class_list":["post-729","page","type-page","status-publish","hentry"],"acf":[],"_links":{"self":[{"href":"https:\/\/mercadoernc.minenergia.cl\/index.php?rest_route=\/wp\/v2\/pages\/729","targetHints":{"allow":["GET"]}}],"collection":[{"href":"https:\/\/mercadoernc.minenergia.cl\/index.php?rest_route=\/wp\/v2\/pages"}],"about":[{"href":"https:\/\/mercadoernc.minenergia.cl\/index.php?rest_route=\/wp\/v2\/types\/page"}],"author":[{"embeddable":true,"href":"https:\/\/mercadoernc.minenergia.cl\/index.php?rest_route=\/wp\/v2\/users\/3"}],"replies":[{"embeddable":true,"href":"https:\/\/mercadoernc.minenergia.cl\/index.php?rest_route=%2Fwp%2Fv2%2Fcomments&post=729"}],"version-history":[{"count":34,"href":"https:\/\/mercadoernc.minenergia.cl\/index.php?rest_route=\/wp\/v2\/pages\/729\/revisions"}],"predecessor-version":[{"id":4358,"href":"https:\/\/mercadoernc.minenergia.cl\/index.php?rest_route=\/wp\/v2\/pages\/729\/revisions\/4358"}],"up":[{"embeddable":true,"href":"https:\/\/mercadoernc.minenergia.cl\/index.php?rest_route=\/wp\/v2\/pages\/704"}],"wp:attachment":[{"href":"https:\/\/mercadoernc.minenergia.cl\/index.php?rest_route=%2Fwp%2Fv2%2Fmedia&parent=729"}],"curies":[{"name":"wp","href":"https:\/\/api.w.org\/{rel}","templated":true}]}}