{"id":725,"date":"2018-06-26T20:49:42","date_gmt":"2018-06-26T20:49:42","guid":{"rendered":"https:\/\/mercadoernc.minenergia.cl\/?page_id=725"},"modified":"2022-01-05T18:10:50","modified_gmt":"2022-01-05T18:10:50","slug":"4-4-el-marco-regulatorio-para-las-ernc","status":"publish","type":"page","link":"https:\/\/mercadoernc.minenergia.cl\/?page_id=725","title":{"rendered":"4.4 El marco regulatorio para las ERNC"},"content":{"rendered":"<p>[vc_row][vc_column width=\u00bb1\/4&#8243;][vc_tta_accordion active_section=\u00bb1&#8243; collapsible_all=\u00bbtrue\u00bb][vc_tta_section i_icon_fontawesome=\u00bbfa fa-plus\u00bb add_icon=\u00bbtrue\u00bb title=\u00bbERNC en Chile\u00bb tab_id=\u00bb1638303702580-f3d74b5e-7ed0&#8243;][vc_column_text]<\/p>\n<ul>\n<li style=\"text-align: left;\"><span class=\"outer\"><span class=\"inner\"><a href=\"https:\/\/mercadoernc.minenergia.cl\/?page_id=704\" rel=\"noopener\">4. Las ERNC en el mercado el\u00e9ctrico chileno<\/a><\/span><\/span><\/li>\n<li style=\"text-align: left;\"><span class=\"outer\"><span class=\"inner\"><a href=\"https:\/\/mercadoernc.minenergia.cl\/?page_id=713\" rel=\"noopener\">4.1 Contexto general<\/a><\/span><\/span><\/li>\n<li><span class=\"outer\"><span class=\"inner\"><a href=\"https:\/\/mercadoernc.minenergia.cl\/?page_id=718\" rel=\"noopener\">4.2 Definici\u00f3n de medios de generaci\u00f3n<\/a><\/span><\/span><\/li>\n<li style=\"text-align: left;\"><span class=\"outer\"><span class=\"inner\"><a href=\"https:\/\/mercadoernc.minenergia.cl\/?page_id=715\" rel=\"noopener\">4.3 Descripci\u00f3n general de etapas de desarrollo<\/a><\/span><\/span><span class=\"outer\"><span class=\"inner\"><br \/>\n<\/span><\/span><\/li>\n<li style=\"text-align: left;\"><span class=\"outer\"><span class=\"inner\"><a href=\"https:\/\/mercadoernc.minenergia.cl\/?page_id=725\" rel=\"noopener\">4.4 El marco regulatorio<\/a><\/span><\/span><\/li>\n<li style=\"text-align: left;\"><span class=\"outer\"><span class=\"inner\"><a href=\"https:\/\/mercadoernc.minenergia.cl\/?page_id=729\" rel=\"noopener\">4.5 Ley de ERNC<\/a><\/span><\/span><span class=\"outer\"><span class=\"inner\"><br \/>\n<\/span><\/span><\/li>\n<li style=\"text-align: left;\"><span class=\"outer\"><span class=\"inner\"><a href=\"https:\/\/mercadoernc.minenergia.cl\/?page_id=741\" rel=\"noopener\">4.6 Reconocimiento de potencia de suficiencia<\/a><\/span><\/span><\/li>\n<li style=\"text-align: left;\"><span class=\"outer\"><span class=\"inner\"><a href=\"https:\/\/mercadoernc.minenergia.cl\/?page_id=744\" rel=\"noopener\">4.7 Exigencias t\u00e9cnicas m\u00ednimas<\/a><\/span><\/span><\/li>\n<li style=\"text-align: left;\"><span class=\"outer\"><span class=\"inner\"><a href=\"https:\/\/mercadoernc.minenergia.cl\/?page_id=746\" rel=\"noopener\">4.8 Informaci\u00f3n y recursos<\/a><\/span><\/span><\/li>\n<\/ul>\n<p>[\/vc_column_text][\/vc_tta_section][\/vc_tta_accordion][\/vc_column][vc_column width=\u00bb3\/4&#8243;][vc_column_text]<\/p>\n<h1>4.4 El marco regulatorio para las ERNC<\/h1>\n<p>El marco normativo del sector el\u00e9ctrico chileno, cuyos hitos principales, en relaci\u00f3n a las ERNC, se detallan en la Figura 22 y en el <a href=\"https:\/\/mercadoernc.minenergia.cl\/?page_id=1072\" target=\"_blank\" rel=\"noopener\">Anexo 1<\/a>, en su origen no realiz\u00f3 una distinci\u00f3n normativa para las energ\u00edas renovables no convencionales.<\/p>\n<p style=\"text-align: center;\"><img loading=\"lazy\" decoding=\"async\" class=\"alignnone wp-image-3433 size-full\" src=\"https:\/\/mercadoernc.minenergia.cl\/wp-content\/uploads\/2021\/08\/Figura-22.png\" alt=\"\" width=\"1500\" height=\"669\" srcset=\"https:\/\/mercadoernc.minenergia.cl\/wp-content\/uploads\/2021\/08\/Figura-22.png 1500w, https:\/\/mercadoernc.minenergia.cl\/wp-content\/uploads\/2021\/08\/Figura-22-300x134.png 300w, https:\/\/mercadoernc.minenergia.cl\/wp-content\/uploads\/2021\/08\/Figura-22-768x343.png 768w, https:\/\/mercadoernc.minenergia.cl\/wp-content\/uploads\/2021\/08\/Figura-22-1024x457.png 1024w, https:\/\/mercadoernc.minenergia.cl\/wp-content\/uploads\/2021\/08\/Figura-22-660x294.png 660w\" sizes=\"auto, (max-width: 1500px) 100vw, 1500px\" \/><\/p>\n<p>Sin embargo, las modificaciones de la LGSE, oficializadas en marzo de 2004 mediante la Ley 19.940, modificaron un conjunto de aspectos del mercado de generaci\u00f3n el\u00e9ctrica que afecta a todos los medios de generaci\u00f3n, introduciendo elementos especialmente aplicados a las ERNC. Se abre el mercado <em>spot<\/em> y se asegura el derecho a conexi\u00f3n a las redes de distribuci\u00f3n a peque\u00f1as centrales, tama\u00f1o en el que normalmente se encuentran muchas ERNC, con lo que aumentan las opciones de comercializaci\u00f3n de la energ\u00eda y potencia de dichas centrales.<\/p>\n<p>Adicionalmente, se establece una exenci\u00f3n de pago de peajes por el sistema de transmisi\u00f3n troncal <span class=\"tooltips \" style=\"\" title=\"Nota: La Ley 20.936 de 2016 cambi\u00f3 la denominaci\u00f3n a los sistemas de transmisi\u00f3n por una m\u00e1s funcional. Detalles sobre los segmentos de transmisi\u00f3n e infraestructura b\u00e1sica del sistema de transmisi\u00f3n de alta tensi\u00f3n se muestran en la &lt;a href=&quot;https:\/\/mercadoernc.minenergia.cl\/?page_id=387#sistemasdetransmision&quot; target=&quot;_blank&quot; rel=&quot;noopener&quot;&gt;secci\u00f3n 2.4.1&lt;\/a&gt;\"><span style=\"color: #3366ff; cursor: pointer;\"><strong><em>12<\/em><\/strong><\/span><\/span> para los MGNC (con un tratamiento diferenciado para unidades menores a 9 MW de las mayores a 9 MW y hasta 20 MW). Al respecto, cabe mencionar que para aquellas unidades con potencia entre 9 y 20 MW, la exenci\u00f3n de peajes se determina mediante un ajuste proporcional, siendo completa (100%) para 9 MW y nula para medios de generaci\u00f3n con 20 MW o m\u00e1s. La Figura 23 muestra la aplicaci\u00f3n de este esquema. Lo anterior, junto con ser un beneficio para esas fuentes, es un reconocimiento de una externalidad positiva debido al bajo impacto que ellas tendr\u00e1n sobre los sistemas de transmisi\u00f3n y sobre las inversiones asociadas a su ampliaci\u00f3n.<img loading=\"lazy\" decoding=\"async\" class=\"wp-image-3434 aligncenter\" src=\"https:\/\/mercadoernc.minenergia.cl\/wp-content\/uploads\/2021\/08\/Figura-23.png\" alt=\"\" width=\"537\" height=\"318\" srcset=\"https:\/\/mercadoernc.minenergia.cl\/wp-content\/uploads\/2021\/08\/Figura-23.png 1197w, https:\/\/mercadoernc.minenergia.cl\/wp-content\/uploads\/2021\/08\/Figura-23-300x178.png 300w, https:\/\/mercadoernc.minenergia.cl\/wp-content\/uploads\/2021\/08\/Figura-23-768x455.png 768w, https:\/\/mercadoernc.minenergia.cl\/wp-content\/uploads\/2021\/08\/Figura-23-1024x607.png 1024w, https:\/\/mercadoernc.minenergia.cl\/wp-content\/uploads\/2021\/08\/Figura-23-660x391.png 660w\" sizes=\"auto, (max-width: 537px) 100vw, 537px\" \/><br \/>\nEs importante se\u00f1alar que de acuerdo a las modificaciones realizadas por la Ley 20.936 de 2016, a partir del 1 de enero de 2019 a las nuevas inyecciones (asociadas a contratos posteriores a la entrada en vigencia de la Ley) se les exime del pago de peajes de transmisi\u00f3n. Por otra parte, las inyecciones asociadas a contratos celebrados con anterioridad a la entrada en vigencia de la presente ley, se les aplica un sistema de remuneraci\u00f3n similar al antiguo. La <a href=\"https:\/\/mercadoernc.minenergia.cl\/?page_id=845\" target=\"_blank\" rel=\"noopener\">Secci\u00f3n 6.3<\/a> del libro explica con mayor detalle el pago de peajes de los generadores bajos estas condiciones.<\/p>\n<p>[\/vc_column_text][vc_tta_accordion active_section=\u00bb9&#8243; collapsible_all=\u00bbtrue\u00bb][vc_tta_section i_icon_fontawesome=\u00bbfa fa-compress\u00bb add_icon=\u00bbtrue\u00bb title=\u00bb4.4.1 Sistemas de precios del sector el\u00e9ctrico\u00bb tab_id=\u00bbsistemasdepreciosdelsectorelectrico\u00bb][vc_column_text]Como se discute en las secciones <a href=\"https:\/\/mercadoernc.minenergia.cl\/?page_id=668\" target=\"_blank\" rel=\"noopener\">3.3<\/a> y <a href=\"https:\/\/mercadoernc.minenergia.cl\/?page_id=672\" target=\"_blank\" rel=\"noopener\">3.4<\/a>, un proyecto ERNC en el mercado mayorista puede acceder a los mercados <em>spot<\/em> y de contratos seg\u00fan sea el caso. Es importante se\u00f1alar que las transacciones en el mercado <em>spot<\/em> y contratos son de car\u00e1cter financiero y no f\u00edsico. Esto quiere decir que el despacho f\u00edsico de las unidades se gu\u00eda principalmente por la minimizaci\u00f3n de los costos de operaci\u00f3n del sistema para un nivel de seguridad dado y no por los contratos de suministro establecidos entre las partes. No obstante, para dar una mayor claridad sobre el despacho de unidades y valorizaci\u00f3n de las transferencias se describe brevemente el despacho de las unidades y posteriormente se presenta el balance comercial general de generadores ERNC.[\/vc_column_text][\/vc_tta_section][vc_tta_section i_icon_fontawesome=\u00bbfa fa-compress\u00bb add_icon=\u00bbtrue\u00bb title=\u00bb4.4.1.1 Despacho y ERNC\u00bb tab_id=\u00bbdespachoyernc\u00bb][vc_column_text]El despacho de unidades de generaci\u00f3n en el sistema el\u00e9ctrico es realizado por el Coordinador, que a trav\u00e9s de herramientas de optimizaci\u00f3n determina la operaci\u00f3n a m\u00ednimo costo del sistema. De esta optimizaci\u00f3n se determina, adem\u00e1s del despacho de cada unidad, el costo marginal por hora (precio <em>spot<\/em>) para cada barra del sistema.<\/p>\n<p>Para una hora determinada, el <em>pool<\/em> establece una operaci\u00f3n econ\u00f3mica del sistema, que da lugar a costos marginales en las barras de inyecci\u00f3n y retiro del sistema. En su versi\u00f3n m\u00e1s simple, la operaci\u00f3n econ\u00f3mica del sistema se alcanza despachando las unidades de generaci\u00f3n en orden creciente de costo variable de generaci\u00f3n, hasta poder cubrir la demanda requerida en una hora determinada. De esta forma, las unidades de costo variable nulo o bajo son despachadas primero. A este tipo de generaci\u00f3n, com\u00fan entre las energ\u00edas renovables (hidr\u00e1ulicas de pasada, solar, e\u00f3licas, etc.), se le denomina unidades de generaci\u00f3n en base. La Figura 24 muestra la relaci\u00f3n entre costos variables crecientes de generaci\u00f3n por tecnolog\u00eda y la demanda agregada del sistema. A mayor demanda, el costo variable de generaci\u00f3n del sistema sube a medida que se requieren utilizar tecnolog\u00edas m\u00e1s caras.<\/p>\n<p style=\"text-align: center;\"><img loading=\"lazy\" decoding=\"async\" class=\"aligncenter wp-image-3661 \" src=\"https:\/\/mercadoernc.minenergia.cl\/wp-content\/uploads\/2021\/10\/Figura-24.png\" alt=\"\" width=\"591\" height=\"547\" srcset=\"https:\/\/mercadoernc.minenergia.cl\/wp-content\/uploads\/2021\/10\/Figura-24.png 917w, https:\/\/mercadoernc.minenergia.cl\/wp-content\/uploads\/2021\/10\/Figura-24-300x278.png 300w, https:\/\/mercadoernc.minenergia.cl\/wp-content\/uploads\/2021\/10\/Figura-24-768x712.png 768w, https:\/\/mercadoernc.minenergia.cl\/wp-content\/uploads\/2021\/10\/Figura-24-660x612.png 660w\" sizes=\"auto, (max-width: 591px) 100vw, 591px\" \/><\/p>\n<p>[\/vc_column_text][\/vc_tta_section][vc_tta_section i_icon_fontawesome=\u00bbfa fa-compress\u00bb add_icon=\u00bbtrue\u00bb title=\u00bb4.4.1.2 Balance comercial de un generador ERNC\u00bb tab_id=\u00bbbalancecomercialdeungeneradorernc\u00bb][vc_column_text]Para un generador ERNC que participa de las transferencias de energ\u00eda y potencia en el sistema el\u00e9ctrico, el balance comercial est\u00e1 compuesto por: sus inyecciones y retiros en el mercado <em>spot<\/em>, ventas de energ\u00eda y potencia seg\u00fan sus contratos de suministro, sus ventas del atributo ERNC (sin embargo, dado que actualmente hay una gran oferta de proyectos ERNC que sobrepasan la cuota establecida por la Ley 20.257, el atributo ERNC no tiene gran valor en el mercado), sus costos de generaci\u00f3n fijos y variables, y otros pagos que pueden corresponder a los peajes y el pago por servicios complementarios. Cabe notar que el pago de peajes es eliminado por la nueva Ley 20.936 de 2016. Para mayor informaci\u00f3n refi\u00e9rase a la <a href=\"https:\/\/mercadoernc.minenergia.cl\/?page_id=387#accesoremuneracionplanificacion\" target=\"_blank\" rel=\"noopener\">secci\u00f3n 2.4.2<\/a>. La siguiente expresi\u00f3n representa, de manera simplificada, el balance comercial de un generador ERNC.<\/p>\n<p style=\"text-align: center;\"><em><img loading=\"lazy\" decoding=\"async\" class=\"aligncenter wp-image-3908 \" src=\"https:\/\/mercadoernc.minenergia.cl\/wp-content\/uploads\/2021\/11\/Balance_Comercial.png\" alt=\"\" width=\"471\" height=\"255\" srcset=\"https:\/\/mercadoernc.minenergia.cl\/wp-content\/uploads\/2021\/11\/Balance_Comercial.png 720w, https:\/\/mercadoernc.minenergia.cl\/wp-content\/uploads\/2021\/11\/Balance_Comercial-300x163.png 300w, https:\/\/mercadoernc.minenergia.cl\/wp-content\/uploads\/2021\/11\/Balance_Comercial-660x358.png 660w\" sizes=\"auto, (max-width: 471px) 100vw, 471px\" \/><\/em><\/p>\n<p>Un generador ERNC tambi\u00e9n puede tener ingresos por prestar servicios complementarios. El cual de acuerdo con el\u00a0 reglamento (D.S. N\u00b0113 de 2019) se remunerar\u00e1 de acuerdo con el valor adjudicado en la subasta o licitaci\u00f3n. En el caso, de los servicios que deban ser prestados y\/o instalados directamente ser\u00e1n valorizados y remunerados seg\u00fan un Estudio de Costos realizado por el Coordinador.[\/vc_column_text][\/vc_tta_section][\/vc_tta_accordion][vc_row_inner][vc_column_inner width=\u00bb1\/2&#8243;][vc_btn title=\u00bbAnterior\u00bb color=\u00bbgreen\u00bb align=\u00bbleft\u00bb i_icon_fontawesome=\u00bbfa fa-chevron-left\u00bb add_icon=\u00bbtrue\u00bb link=\u00bburl:https%3A%2F%2Fmercadoernc.minenergia.cl%2F%3Fpage_id%3D718|||\u00bb][\/vc_column_inner][vc_column_inner width=\u00bb1\/2&#8243;][vc_btn title=\u00bbSiguiente\u00bb color=\u00bbgreen\u00bb align=\u00bbright\u00bb i_icon_fontawesome=\u00bbfa fa-chevron-right\u00bb add_icon=\u00bbtrue\u00bb link=\u00bburl:https%3A%2F%2Fmercadoernc.minenergia.cl%2F%3Fpage_id%3D729|||\u00bb][\/vc_column_inner][\/vc_row_inner][\/vc_column][\/vc_row]<\/p>\n","protected":false},"excerpt":{"rendered":"<p>[vc_row][vc_column width=\u00bb1\/4&#8243;][vc_tta_accordion active_section=\u00bb1&#8243; collapsible_all=\u00bbtrue\u00bb][vc_tta_section i_icon_fontawesome=\u00bbfa fa-plus\u00bb add_icon=\u00bbtrue\u00bb title=\u00bbERNC en Chile\u00bb tab_id=\u00bb1638303702580-f3d74b5e-7ed0&#8243;][vc_column_text] 4. Las ERNC en el mercado el\u00e9ctrico chileno 4.1 Contexto general 4.2 Definici\u00f3n de medios de generaci\u00f3n 4.3 Descripci\u00f3n general de etapas de desarrollo 4.4 El marco regulatorio 4.5 Ley de ERNC 4.6 Reconocimiento de potencia de suficiencia 4.7 Exigencias t\u00e9cnicas m\u00ednimas 4.8 Informaci\u00f3n [&hellip;]<\/p>\n","protected":false},"author":3,"featured_media":0,"parent":704,"menu_order":0,"comment_status":"closed","ping_status":"closed","template":"","meta":{"_acf_changed":false,"footnotes":""},"class_list":["post-725","page","type-page","status-publish","hentry"],"acf":[],"_links":{"self":[{"href":"https:\/\/mercadoernc.minenergia.cl\/index.php?rest_route=\/wp\/v2\/pages\/725","targetHints":{"allow":["GET"]}}],"collection":[{"href":"https:\/\/mercadoernc.minenergia.cl\/index.php?rest_route=\/wp\/v2\/pages"}],"about":[{"href":"https:\/\/mercadoernc.minenergia.cl\/index.php?rest_route=\/wp\/v2\/types\/page"}],"author":[{"embeddable":true,"href":"https:\/\/mercadoernc.minenergia.cl\/index.php?rest_route=\/wp\/v2\/users\/3"}],"replies":[{"embeddable":true,"href":"https:\/\/mercadoernc.minenergia.cl\/index.php?rest_route=%2Fwp%2Fv2%2Fcomments&post=725"}],"version-history":[{"count":22,"href":"https:\/\/mercadoernc.minenergia.cl\/index.php?rest_route=\/wp\/v2\/pages\/725\/revisions"}],"predecessor-version":[{"id":4312,"href":"https:\/\/mercadoernc.minenergia.cl\/index.php?rest_route=\/wp\/v2\/pages\/725\/revisions\/4312"}],"up":[{"embeddable":true,"href":"https:\/\/mercadoernc.minenergia.cl\/index.php?rest_route=\/wp\/v2\/pages\/704"}],"wp:attachment":[{"href":"https:\/\/mercadoernc.minenergia.cl\/index.php?rest_route=%2Fwp%2Fv2%2Fmedia&parent=725"}],"curies":[{"name":"wp","href":"https:\/\/api.w.org\/{rel}","templated":true}]}}