{"id":718,"date":"2018-06-26T17:52:20","date_gmt":"2018-06-26T17:52:20","guid":{"rendered":"https:\/\/mercadoernc.minenergia.cl\/?page_id=718"},"modified":"2022-01-06T15:18:16","modified_gmt":"2022-01-06T15:18:16","slug":"4-3-definicion-de-medios-de-generacion-de-ernc-en-la-regulacion","status":"publish","type":"page","link":"https:\/\/mercadoernc.minenergia.cl\/?page_id=718","title":{"rendered":"4.2 Definici\u00f3n de medios de generaci\u00f3n de ERNC en la regulaci\u00f3n"},"content":{"rendered":"<p>[vc_row][vc_column width=\u00bb1\/4&#8243;][vc_tta_accordion active_section=\u00bb1&#8243; collapsible_all=\u00bbtrue\u00bb][vc_tta_section i_icon_fontawesome=\u00bbfa fa-plus\u00bb add_icon=\u00bbtrue\u00bb title=\u00bbERNC en Chile\u00bb tab_id=\u00bb1638303636895-7d7500b0-4057&#8243;][vc_column_text]<\/p>\n<ul>\n<li style=\"text-align: left;\"><span class=\"outer\"><span class=\"inner\"><a href=\"https:\/\/mercadoernc.minenergia.cl\/?page_id=704\" rel=\"noopener\">4. Las ERNC en el mercado el\u00e9ctrico chileno<\/a><\/span><\/span><\/li>\n<li style=\"text-align: left;\"><span class=\"outer\"><span class=\"inner\"><a href=\"https:\/\/mercadoernc.minenergia.cl\/?page_id=713\" rel=\"noopener\">4.1 Contexto general<\/a><\/span><\/span><\/li>\n<li style=\"text-align: left;\"><span class=\"outer\"><span class=\"inner\"><a href=\"https:\/\/mercadoernc.minenergia.cl\/?page_id=718\" rel=\"noopener\">4.2 Definici\u00f3n de medios de generaci\u00f3n<\/a><\/span><\/span><\/li>\n<li style=\"text-align: left;\"><span class=\"outer\"><span class=\"inner\"><a href=\"https:\/\/mercadoernc.minenergia.cl\/?page_id=715\" rel=\"noopener\">4.3 Descripci\u00f3n general de etapas de desarrollo<\/a><\/span><\/span><\/li>\n<li style=\"text-align: left;\"><span class=\"outer\"><span class=\"inner\"><a href=\"https:\/\/mercadoernc.minenergia.cl\/?page_id=725\" rel=\"noopener\">4.4 El marco regulatorio<\/a><\/span><\/span><\/li>\n<li style=\"text-align: left;\"><span class=\"outer\"><span class=\"inner\"><a href=\"https:\/\/mercadoernc.minenergia.cl\/?page_id=729\" rel=\"noopener\">4.5 Ley de ERNC<\/a><\/span><\/span><span class=\"outer\"><span class=\"inner\"><br \/>\n<\/span><\/span><\/li>\n<li style=\"text-align: left;\"><span class=\"outer\"><span class=\"inner\"><a href=\"https:\/\/mercadoernc.minenergia.cl\/?page_id=741\" rel=\"noopener\">4.6 Reconocimiento de potencia de suficiencia<\/a><\/span><\/span><\/li>\n<li style=\"text-align: left;\"><span class=\"outer\"><span class=\"inner\"><a href=\"https:\/\/mercadoernc.minenergia.cl\/?page_id=744\" rel=\"noopener\">4.7 Exigencias t\u00e9cnicas m\u00ednimas<\/a><\/span><\/span><\/li>\n<li style=\"text-align: left;\"><span class=\"outer\"><span class=\"inner\"><a href=\"https:\/\/mercadoernc.minenergia.cl\/?page_id=746\" rel=\"noopener\">4.8 Informaci\u00f3n y recursos<\/a><\/span><\/span><\/li>\n<\/ul>\n<p>[\/vc_column_text][\/vc_tta_section][\/vc_tta_accordion][\/vc_column][vc_column width=\u00bb3\/4&#8243;][vc_column_text]<\/p>\n<h1>4.2 Definici\u00f3n de medios de generaci\u00f3n de ERNC en la regulaci\u00f3n<\/h1>\n<p>De acuerdo a la LGSE <span class=\"tooltips \" style=\"\" title=\"Fuente: Art\u00edculo 224, letra aa), &lt;a href=&quot;https:\/\/www.bcn.cl\/leychile\/navegar?idNorma=258171&quot; target=&quot;_blank&quot; rel=&quot;noopener&quot;&gt;DFL N\u00b04&lt;\/a&gt;.\"><span style=\"color: #3366ff; cursor: pointer;\">[26]<\/span><\/span>, los medios de generaci\u00f3n renovables no convencionales (ERNC) son los que presentan cualquiera de las siguientes caracter\u00edsticas:<\/p>\n<ol>\n<li>Aquellos cuya fuente de energ\u00eda primaria sea la energ\u00eda de la biomasa, correspondiente a la obtenida de materia org\u00e1nica y biodegradable, la que puede ser usada directamente como combustible o convertida en otros biocombustibles l\u00edquidos, s\u00f3lidos o gaseosos. Se entender\u00e1 incluida la fracci\u00f3n biodegradable de los residuos s\u00f3lidos domiciliarios y no domiciliarios.<\/li>\n<li>Aquellos cuya fuente de energ\u00eda primaria sea la energ\u00eda hidr\u00e1ulica y cuya potencia m\u00e1xima sea inferior a 20.000 kW.<\/li>\n<li>Aquellos cuya fuente de energ\u00eda primaria sea la energ\u00eda geot\u00e9rmica, entendi\u00e9ndose por tal la que se obtiene del calor natural del interior de la tierra.<\/li>\n<li>Aquellos cuya fuente de energ\u00eda primaria sea la energ\u00eda solar, obtenida de la radiaci\u00f3n solar.<\/li>\n<li>Aquellos cuya fuente de energ\u00eda primaria sea la energ\u00eda e\u00f3lica, correspondiente a la energ\u00eda cin\u00e9tica del viento.<\/li>\n<li>Aquellos cuya fuente de energ\u00eda primaria sea la energ\u00eda de los mares, correspondiente a toda forma de energ\u00eda mec\u00e1nica producida por el movimiento de las mareas, de las olas y de las corrientes, as\u00ed como la obtenida del gradiente t\u00e9rmico de los mares.<\/li>\n<li>Otros medios de generaci\u00f3n determinados fundadamente por la CNE, que utilicen energ\u00edas renovables para la generaci\u00f3n de electricidad, contribuyan a diversificar las fuentes de abastecimiento de energ\u00eda en los sistemas el\u00e9ctricos y causen un bajo impacto ambiental, conforme a los procedimientos que establezca el reglamento.<\/li>\n<\/ol>\n<p>Asimismo, se definen los siguientes conceptos:<\/p>\n<ul>\n<li>Energ\u00eda renovable no convencional: aquella energ\u00eda el\u00e9ctrica generada por medios de generaci\u00f3n renovables no convencionales.<\/li>\n<li>Instalaci\u00f3n de cogeneraci\u00f3n eficiente: instalaci\u00f3n en la que se genera energ\u00eda el\u00e9ctrica y calor en un solo proceso de elevado rendimiento energ\u00e9tico, cuya potencia m\u00e1xima suministrada al sistema sea inferior a 20.000 kW y que cumpla los requisitos establecidos en el reglamento.<\/li>\n<\/ul>\n<p>La clasificaci\u00f3n de medios de generaci\u00f3n renovables no convencionales, presentada en la secci\u00f3n anterior, agrupa un conjunto de sub-clasificaciones a las que la Ley 19.940, Ley 20.257, las Leyes 20.571 y 21.118, y el reglamento D.S. N\u00b0288 de 2021 (el cual reemplaza al D.S. N\u00b0244) han conferido derechos y obligaciones particulares. La Figura 21 muestra en forma esquem\u00e1tica los distintos medios de generaci\u00f3n y sus interrelaciones.<\/p>\n<p style=\"text-align: center;\"><img loading=\"lazy\" decoding=\"async\" class=\"aligncenter wp-image-3658 \" src=\"https:\/\/mercadoernc.minenergia.cl\/wp-content\/uploads\/2021\/10\/Figura-21.png\" alt=\"\" width=\"494\" height=\"425\" srcset=\"https:\/\/mercadoernc.minenergia.cl\/wp-content\/uploads\/2021\/10\/Figura-21.png 928w, https:\/\/mercadoernc.minenergia.cl\/wp-content\/uploads\/2021\/10\/Figura-21-300x258.png 300w, https:\/\/mercadoernc.minenergia.cl\/wp-content\/uploads\/2021\/10\/Figura-21-768x661.png 768w, https:\/\/mercadoernc.minenergia.cl\/wp-content\/uploads\/2021\/10\/Figura-21-660x568.png 660w\" sizes=\"auto, (max-width: 494px) 100vw, 494px\" \/><\/p>\n<p>Clasificaci\u00f3n:<\/p>\n<ol>\n<li><strong>GD Facturaci\u00f3n Neta:<\/strong> Medios de generaci\u00f3n renovables o cogeneraci\u00f3n eficiente de potencia menor o igual a 300 kW, conectados a instalaciones de una empresa concesionaria de distribuci\u00f3n, o a instalaciones de una empresa que posea l\u00edneas de distribuci\u00f3n de energ\u00eda el\u00e9ctrica que utilicen bienes nacionales de uso p\u00fablico. A los proyectos acogidos a la Ley de Facturaci\u00f3n Neta (<em>Netbilling)<\/em> orientados a clientes residenciales, comerciales e industriales se les confiere el derecho a inyectar sus excedentes a las redes de distribuci\u00f3n y valorizarlos.<\/li>\n<li><strong>PMGD:<\/strong> Medios de generaci\u00f3n cuyos excedentes de potencia sean menores o iguales a 9.000 kW, conectados a instalaciones de una empresa concesionaria de distribuci\u00f3n, o a instalaciones de una empresa que posea l\u00edneas de distribuci\u00f3n de energ\u00eda el\u00e9ctrica que utilicen bienes nacionales de uso p\u00fablico. A los PMGD se les confiere el derecho a conectarse a las redes de distribuci\u00f3n.<\/li>\n<li><strong>PMG:<\/strong> Medios de generaci\u00f3n cuyos excedentes de potencia suministrables al sistema sean menores o iguales a 9.000 kW conectados a instalaciones pertenecientes al sistema de transmisi\u00f3n nacional, a un sistema de transmisi\u00f3n zonal o sistema dedicado.<\/li>\n<li><strong>MGNC:<\/strong> Medios de generaci\u00f3n cuya fuente sea no convencional y sus excedentes de potencia suministrada al sistema sean inferiores a 20.000 kW. La categor\u00eda de MGNC, no es excluyente con las categor\u00edas indicadas en los dos puntos precedentes. Esta categor\u00eda junto a los proyectos ERNC menores a 20.000 kW tambi\u00e9n incluye los proyectos de cogeneraci\u00f3n eficiente a base de combustibles f\u00f3siles menores a 20.000 kW.<\/li>\n<\/ol>\n<p>[\/vc_column_text][vc_row_inner][vc_column_inner width=\u00bb1\/2&#8243;][vc_btn title=\u00bbAnterior\u00bb color=\u00bbgreen\u00bb align=\u00bbleft\u00bb i_icon_fontawesome=\u00bbfa fa-chevron-left\u00bb add_icon=\u00bbtrue\u00bb link=\u00bburl:https%3A%2F%2Fmercadoernc.minenergia.cl%2F%3Fpage_id%3D713|||\u00bb][\/vc_column_inner][vc_column_inner width=\u00bb1\/2&#8243;][vc_btn title=\u00bbSiguiente\u00bb color=\u00bbgreen\u00bb align=\u00bbright\u00bb i_icon_fontawesome=\u00bbfa fa-chevron-right\u00bb add_icon=\u00bbtrue\u00bb link=\u00bburl:https%3A%2F%2Fmercadoernc.minenergia.cl%2F%3Fpage_id%3D715|||\u00bb][\/vc_column_inner][\/vc_row_inner][\/vc_column][\/vc_row]<\/p>\n","protected":false},"excerpt":{"rendered":"<p>[vc_row][vc_column width=\u00bb1\/4&#8243;][vc_tta_accordion active_section=\u00bb1&#8243; collapsible_all=\u00bbtrue\u00bb][vc_tta_section i_icon_fontawesome=\u00bbfa fa-plus\u00bb add_icon=\u00bbtrue\u00bb title=\u00bbERNC en Chile\u00bb tab_id=\u00bb1638303636895-7d7500b0-4057&#8243;][vc_column_text] 4. Las ERNC en el mercado el\u00e9ctrico chileno 4.1 Contexto general 4.2 Definici\u00f3n de medios de generaci\u00f3n 4.3 Descripci\u00f3n general de etapas de desarrollo 4.4 El marco regulatorio 4.5 Ley de ERNC 4.6 Reconocimiento de potencia de suficiencia 4.7 Exigencias t\u00e9cnicas m\u00ednimas 4.8 Informaci\u00f3n [&hellip;]<\/p>\n","protected":false},"author":3,"featured_media":0,"parent":704,"menu_order":0,"comment_status":"closed","ping_status":"closed","template":"","meta":{"_acf_changed":false,"footnotes":""},"class_list":["post-718","page","type-page","status-publish","hentry"],"acf":[],"_links":{"self":[{"href":"https:\/\/mercadoernc.minenergia.cl\/index.php?rest_route=\/wp\/v2\/pages\/718","targetHints":{"allow":["GET"]}}],"collection":[{"href":"https:\/\/mercadoernc.minenergia.cl\/index.php?rest_route=\/wp\/v2\/pages"}],"about":[{"href":"https:\/\/mercadoernc.minenergia.cl\/index.php?rest_route=\/wp\/v2\/types\/page"}],"author":[{"embeddable":true,"href":"https:\/\/mercadoernc.minenergia.cl\/index.php?rest_route=\/wp\/v2\/users\/3"}],"replies":[{"embeddable":true,"href":"https:\/\/mercadoernc.minenergia.cl\/index.php?rest_route=%2Fwp%2Fv2%2Fcomments&post=718"}],"version-history":[{"count":17,"href":"https:\/\/mercadoernc.minenergia.cl\/index.php?rest_route=\/wp\/v2\/pages\/718\/revisions"}],"predecessor-version":[{"id":4329,"href":"https:\/\/mercadoernc.minenergia.cl\/index.php?rest_route=\/wp\/v2\/pages\/718\/revisions\/4329"}],"up":[{"embeddable":true,"href":"https:\/\/mercadoernc.minenergia.cl\/index.php?rest_route=\/wp\/v2\/pages\/704"}],"wp:attachment":[{"href":"https:\/\/mercadoernc.minenergia.cl\/index.php?rest_route=%2Fwp%2Fv2%2Fmedia&parent=718"}],"curies":[{"name":"wp","href":"https:\/\/api.w.org\/{rel}","templated":true}]}}