{"id":675,"date":"2018-06-26T13:30:46","date_gmt":"2018-06-26T13:30:46","guid":{"rendered":"https:\/\/mercadoernc.minenergia.cl\/?page_id=675"},"modified":"2021-11-30T20:08:52","modified_gmt":"2021-11-30T20:08:52","slug":"3-5-suficiencia-y-seguridad-del-sistema-electrico","status":"publish","type":"page","link":"https:\/\/mercadoernc.minenergia.cl\/?page_id=675","title":{"rendered":"3.5 Suficiencia y seguridad del sistema el\u00e9ctrico"},"content":{"rendered":"<p>[vc_row][vc_column width=\u00bb1\/4&#8243;][vc_tta_accordion active_section=\u00bb1&#8243; collapsible_all=\u00bbtrue\u00bb][vc_tta_section i_icon_fontawesome=\u00bbfa fa-plus\u00bb add_icon=\u00bbtrue\u00bb title=\u00bbMercado El\u00e9ctrico\u00bb tab_id=\u00bb1638302822513-16657099-7068&#8243;][vc_column_text]<\/p>\n<ul>\n<li style=\"text-align: left;\"><span class=\"outer\"><span class=\"inner\"><a href=\"https:\/\/mercadoernc.minenergia.cl\/?page_id=651\" rel=\"noopener\">3. Funcionamiento del mercado el\u00e9ctrico chileno<\/a><\/span><\/span><\/li>\n<li style=\"text-align: left;\"><span class=\"outer\"><span class=\"inner\"><a href=\"https:\/\/mercadoernc.minenergia.cl\/?page_id=653\" rel=\"noopener\">3.1 Fundamento econ\u00f3mico<\/a><\/span><\/span><\/li>\n<li style=\"text-align: left;\"><span class=\"outer\"><span class=\"inner\"><a href=\"https:\/\/mercadoernc.minenergia.cl\/?page_id=664\" rel=\"noopener\">3.2 Modelo del mercado el\u00e9ctrico<\/a><\/span><\/span><\/li>\n<li style=\"text-align: left;\"><span class=\"outer\"><span class=\"inner\"><a href=\"https:\/\/mercadoernc.minenergia.cl\/?page_id=668\" rel=\"noopener\">3.3 El mercado spot<\/a><\/span><\/span><\/li>\n<li style=\"text-align: left;\"><span class=\"outer\"><span class=\"inner\"><a href=\"https:\/\/mercadoernc.minenergia.cl\/?page_id=672\" rel=\"noopener\">3.4 Mercado de contratos<\/a><\/span><\/span><\/li>\n<li style=\"text-align: left;\"><a href=\"https:\/\/mercadoernc.minenergia.cl\/?page_id=675\" rel=\"noopener\">3.5 Suficiencia y seguridad<\/a><\/li>\n<li style=\"text-align: left;\"><span class=\"outer\"><span class=\"inner\"><a href=\"https:\/\/mercadoernc.minenergia.cl\/?page_id=677\" rel=\"noopener\">3.6 Ley de Facturaci\u00f3n Neta<\/a><\/span><\/span><\/li>\n<li style=\"text-align: left;\"><span class=\"outer\"><span class=\"inner\"><a href=\"https:\/\/mercadoernc.minenergia.cl\/?page_id=692\" rel=\"noopener\">3.7 Importaci\u00f3n \/ exportaci\u00f3n<\/a><\/span><\/span><\/li>\n<\/ul>\n<p>[\/vc_column_text][\/vc_tta_section][\/vc_tta_accordion][\/vc_column][vc_column width=\u00bb3\/4&#8243;][vc_column_text]<\/p>\n<h1>3.5 Suficiencia y seguridad del sistema el\u00e9ctrico<\/h1>\n<p>La legislaci\u00f3n distingue los conceptos de suficiencia y seguridad del sistema el\u00e9ctrico; derivando este \u00faltimo a la implementaci\u00f3n de servicios complementarios (SSCC). Estos conceptos son definidos en forma expl\u00edcita en la legislaci\u00f3n vigente <span class=\"tooltips \" style=\"\" title=\"Fuente: Art\u00edculo 225\u00b0, &lt;a href=&quot;https:\/\/www.bcn.cl\/leychile\/navegar?idNorma=258171&quot; target=&quot;_blank&quot; rel=&quot;noopener&quot;&gt;DFL N\u00b0 4&lt;\/a&gt;.\"><span style=\"color: #3366ff; cursor: pointer;\">[23]<\/span><\/span>:<\/p>\n<ul>\n<li><strong>Suficiencia:<\/strong> atributo de un sistema el\u00e9ctrico cuyas instalaciones son adecuadas para abastecer su demanda.<\/li>\n<li><strong>Seguridad de servicio:<\/strong> capacidad de respuesta de un sistema el\u00e9ctrico, o parte de \u00e9l, para soportar contingencias y minimizar la p\u00e9rdida de consumos, a trav\u00e9s de respaldos y de servicios complementarios.<\/li>\n<li><strong>Servicios complementarios (SSCC):<\/strong> prestaciones que permiten efectuar la coordinaci\u00f3n de la operaci\u00f3n del sistema. Son servicios complementarios al menos, el control de frecuencia, el control de tensi\u00f3n y el plan de recuperaci\u00f3n de servicio, tanto en condiciones normales de operaci\u00f3n como ante contingencias. Estos servicios se prestar\u00e1n por medio de los recursos t\u00e9cnicos requeridos en la operaci\u00f3n del sistema el\u00e9ctrico, tales como la capacidad de generaci\u00f3n de potencia activa, capacidad de inyecci\u00f3n o absorci\u00f3n de potencia reactiva o potencia conectada de los usuarios, entre otros, y por la infraestructura asociada a la prestaci\u00f3n del recurso t\u00e9cnico.<\/li>\n<\/ul>\n<p>En otras palabras, la suficiencia corresponde a la habilidad del sistema de abastecer la totalidad de la demanda el\u00e9ctrica y los requerimientos de energ\u00eda de los consumidores en todo momento, considerando salidas programadas de componentes y salidas no programadas razonablemente esperadas. Por otro lado, la seguridad se entiende como la habilidad del sistema el\u00e9ctrico de soportar perturbaciones sorpresivas como cortocircuitos el\u00e9ctricos o p\u00e9rdida inesperada de componentes del sistema u operaciones de desconexi\u00f3n.<\/p>\n<p>El atributo de suficiencia se reconoce mediante el pago por capacidad, este pago se enfoca en el reconocimiento, en t\u00e9rminos de potencia, de la contribuci\u00f3n de los diferentes generadores a la demanda de punta del sistema y se valoriza en funci\u00f3n de los costos de inversi\u00f3n de la unidad de generaci\u00f3n utilizada para los horarios de punta del sistema. En el atributo de seguridad, su remuneraci\u00f3n deber\u00e1 ser por el reconocimiento de Servicios Complementarios.<\/p>\n<p>Hasta enero de 2016 en el sector el\u00e9ctrico chileno, los atributos de seguridad y suficiencia se agrupaban bajo el concepto de potencia firme. Esto a pesar de que la LGSE diferencia ambos conceptos y a que el reglamento para definir el reconocimiento del atributo de suficiencia (D.S. 62 de 2006 <span class=\"tooltips \" style=\"\" title=\"Fuente: &lt;a href=&quot;https:\/\/www.bcn.cl\/leychile\/navegar?idNorma=250604&quot; target=&quot;_blank&quot; rel=&quot;noopener&quot;&gt;D.S. N\u00b0 62 de 2006&lt;\/a&gt;.\"><span style=\"color: #3366ff; cursor: pointer;\">[24]<\/span><\/span>) est\u00e1 publicado desde 2006. Sin embargo, se debi\u00f3 esperar hasta que se definieran e implementaran los servicios complementarios para lograr separar ambos conceptos en la pr\u00e1ctica. Ello ocurri\u00f3 en enero de 2016, con la publicaci\u00f3n de la Norma T\u00e9cnica de Transferencia de Potencia entre Empresas Generadoras.[\/vc_column_text][vc_tta_accordion active_section=\u00bb9&#8243; collapsible_all=\u00bbtrue\u00bb][vc_tta_section i_icon_fontawesome=\u00bbfa fa-compress\u00bb add_icon=\u00bbtrue\u00bb title=\u00bb3.5.1 Potencia de suficiencia\u00bb tab_id=\u00bbpotenciadesuficiencia\u00bb][vc_column_text]El D.S. N\u00b062 de 2006 define los lineamientos para determinar las transferencias de potencia entre empresas generadoras. Las que se determinar\u00e1n a partir de la capacidad de generaci\u00f3n compatible con la suficiencia y los compromisos de demanda de punta existentes. De tal manera que cada propietario de medios de generaci\u00f3n deber\u00e1 estar en condiciones de satisfacer sus propios compromisos para la demanda de punta, considerando su potencia de suficiencia y la adquirida a otras empresas generadoras. Estas transferencias ser\u00e1n valorizadas al precio de nudo de corto plazo de la potencia en la barra correspondiente.<\/p>\n<p>A cada unidad generadora se le asignar\u00e1 una potencia de suficiencia definitiva en funci\u00f3n de:<\/p>\n<ul>\n<li>la incertidumbre asociada a la disponibilidad del insumo de generaci\u00f3n,<\/li>\n<li>la indisponibilidad forzada de la unidad, y<\/li>\n<li>la oferta de potencia del parque generador.<\/li>\n<\/ul>\n<p>El esquema general del procedimiento de c\u00e1lculo de potencia de suficiencia que establece el D.S. N\u00b062 se ilustra en la Figura 18. Las etapas y los conceptos utilizados en el proceso de c\u00e1lculo de la potencia de suficiencia para cada tipo de central se describen con mayor detalle en el <a href=\"https:\/\/mercadoernc.minenergia.cl\/?page_id=1130\" target=\"_blank\" rel=\"noopener\">Anexo 3<\/a>.<\/p>\n<p style=\"text-align: center;\"><img loading=\"lazy\" decoding=\"async\" class=\"aligncenter wp-image-3641 \" src=\"https:\/\/mercadoernc.minenergia.cl\/wp-content\/uploads\/2021\/10\/Figura-18-1024x500.png\" alt=\"\" width=\"602\" height=\"294\" srcset=\"https:\/\/mercadoernc.minenergia.cl\/wp-content\/uploads\/2021\/10\/Figura-18-1024x500.png 1024w, https:\/\/mercadoernc.minenergia.cl\/wp-content\/uploads\/2021\/10\/Figura-18-300x147.png 300w, https:\/\/mercadoernc.minenergia.cl\/wp-content\/uploads\/2021\/10\/Figura-18-768x375.png 768w, https:\/\/mercadoernc.minenergia.cl\/wp-content\/uploads\/2021\/10\/Figura-18-660x322.png 660w, https:\/\/mercadoernc.minenergia.cl\/wp-content\/uploads\/2021\/10\/Figura-18.png 1505w\" sizes=\"auto, (max-width: 602px) 100vw, 602px\" \/><\/p>\n<p>Por otra parte, el D.S. N\u00b042 de 2020 introduce el Estado de Reserva Estrat\u00e9gica para unidades generadoras que comiencen el proceso de retiro del SEN, en el contexto del programa de descarbonizaci\u00f3n de la matriz energ\u00e9tica. Estas unidades solo ser\u00e1n convocadas al despacho por el Coordinador si este prev\u00e9 d\u00e9ficits importantes de generaci\u00f3n o condiciones de afectaci\u00f3n a la seguridad del sistema. Una vez convocada la unidad deber\u00e1 estar en condiciones para inyectar energ\u00eda en un plazo no mayor a 60 d\u00edas.<\/p>\n<p>Las unidades en Estado de Reserva Estrat\u00e9gica ser\u00e1n remuneradas por concepto de suficiencia. Para el c\u00e1lculo del aporte a la suficiencia del sistema el\u00e9ctrico ser\u00e1 reconocida una potencia equivalente no mayor al 60% de la potencia m\u00e1xima de la unidad correspondiente.<\/p>\n<p>El Ministerio de Energ\u00eda en conjunto con la CNE se encuentran desarrollando un trabajo participativo asociado a la elaboraci\u00f3n de un nuevo Reglamento de Potencia. Para este fin, se han conformado mesas de trabajo con distintos actores del sector el\u00e9ctrico nacional con el objeto de discutir, analizar y proponer las mejores alternativas para una adecuada regulaci\u00f3n en las materias asociadas al tratamiento de la potencia en el Sistema El\u00e9ctrico Nacional.<\/p>\n<p>Dentro de estas alternativas se destaca la aplicaci\u00f3n de metodolog\u00edas probabil\u00edsticas (como la de\u00a0<em>Effective Load Carrying Capability, ELCC)<\/em> para la determinaci\u00f3n del aporte a la suficiencia del sistema por parte de las unidades. Adem\u00e1s, se propone que el valor de la inyecci\u00f3n de potencia disminuya en funci\u00f3n de la sobre instalaci\u00f3n de generaci\u00f3n del sistema el\u00e9ctrico y la ineficiencia (costo variable) de la unidad que realiza dicha inyecci\u00f3n, entre otros perfeccionamientos al proceso de determinaci\u00f3n de las transferencias de potencia.[\/vc_column_text][\/vc_tta_section][vc_tta_section i_icon_fontawesome=\u00bbfa fa-compress\u00bb add_icon=\u00bbtrue\u00bb title=\u00bb3.5.2 Servicios complementarios\u00bb tab_id=\u00bbservicioscomplementarios\u00bb][vc_column_text]Son servicios complementarios (SSCC) aquellas prestaciones que permiten preservar la seguridad del servicio en el sistema el\u00e9ctrico y garantizar la operaci\u00f3n m\u00e1s econ\u00f3mica y de calidad para el conjunto de instalaciones del SEN. A trav\u00e9s de estos servicios se reconoce y remunera la seguridad que aportan las instalaciones al sistema.<\/p>\n<p>La CNE es el organismo encargado de definir, previo informe del Coordinador, los servicios complementarios y sus categor\u00edas. Son servicios complementarios el control de frecuencia, el control de tensi\u00f3n, el control de contingencia y el plan de recuperaci\u00f3n de servicio.<\/p>\n<p>Los servicios complementarios se organizan en categor\u00edas y subcategor\u00edas, dependiendo del aporte que brinden al cumplimiento de los est\u00e1ndares definidos en la NTSyCS.<\/p>\n<p style=\"text-align: left;\"><img loading=\"lazy\" decoding=\"async\" class=\"aligncenter wp-image-3894 \" src=\"https:\/\/mercadoernc.minenergia.cl\/wp-content\/uploads\/2021\/11\/Tabla-4.png\" alt=\"\" width=\"607\" height=\"453\" srcset=\"https:\/\/mercadoernc.minenergia.cl\/wp-content\/uploads\/2021\/11\/Tabla-4.png 1333w, https:\/\/mercadoernc.minenergia.cl\/wp-content\/uploads\/2021\/11\/Tabla-4-300x224.png 300w, https:\/\/mercadoernc.minenergia.cl\/wp-content\/uploads\/2021\/11\/Tabla-4-1024x765.png 1024w, https:\/\/mercadoernc.minenergia.cl\/wp-content\/uploads\/2021\/11\/Tabla-4-768x574.png 768w, https:\/\/mercadoernc.minenergia.cl\/wp-content\/uploads\/2021\/11\/Tabla-4-660x493.png 660w\" sizes=\"auto, (max-width: 607px) 100vw, 607px\" \/>Por su parte, el Coordinador deber\u00e1 elaborar un Informe de Servicios Complementarios cada a\u00f1o se\u00f1alando los servicios requeridos por el sistema el\u00e9ctrico, los recursos t\u00e9cnicos necesarios para la prestaci\u00f3n de dichos servicios, la infraestructura que se deba instalar para su prestaci\u00f3n y su vida \u00fatil. Adem\u00e1s, el informe debe indicar para cada uno de los servicios requeridos el mecanismo a trav\u00e9s del cual se materializar\u00e1 su prestaci\u00f3n, el que deber\u00e1 ser adecuado a la condici\u00f3n de competencia en la oferta de dicho servicio, seleccionando siempre mecanismos de subastas y licitaciones cuando exista competencia, y mecanismos de instrucci\u00f3n directa cuando este no sea el caso.<\/p>\n<p style=\"text-align: left;\">Para ello la Ley 20.936 de julio de 2016 habilit\u00f3 al Coordinador a realizar licitaciones o subastas cuando el requerimiento sea de cort\u00edsimo plazo. De manera excepcional y \u00fanicamente cuando las condiciones de mercado no sean competitivas o las licitaciones o subastas sean declaradas como desiertas, se podr\u00eda instruir la prestaci\u00f3n de forma directa. Es decir, se plante\u00f3 un r\u00e9gimen mixto de mercado libre y provisi\u00f3n v\u00eda requerimiento.<\/p>\n<p style=\"text-align: left;\">Posteriormente, en marzo de 2019 se aprob\u00f3 un nuevo reglamento de servicios complementarios (D.S. N\u00b0113 de 2017). Este reglamento establece la forma en c\u00f3mo se definir\u00e1n los servicios que requiere el SEN y sus mecanismos de prestaci\u00f3n e instalaci\u00f3n. Tambi\u00e9n establece c\u00f3mo se realizar\u00e1n las subastas, licitaciones e instrucci\u00f3n directa de dichos servicios. Adem\u00e1s, define las condiciones generales para la realizaci\u00f3n del Informe de Servicios Complementarios y Estudio de Costos.<\/p>\n<p style=\"text-align: left;\">La valorizaci\u00f3n de los servicios complementarios que sean subastados o licitados corresponder\u00e1 al valor adjudicado en la respectiva licitaci\u00f3n o subasta. En el caso de que se declare desierta una subasta el servicio ser\u00e1 remunerado al precio m\u00e1ximo de dicho proceso. En relaci\u00f3n con los servicios que deban ser prestados o instalados directamente (sin proceso de licitaci\u00f3n) estos ser\u00e1n valorizados mediante Estudio de Costos.<\/p>\n<p style=\"text-align: left;\">La Resoluci\u00f3n Exenta N\u00b0442 de noviembre 2020 establece las componentes que deber\u00e1n ser agregadas al valor ofertado en las subastas de control de frecuencia, para conformar el precio adjudicado en ellas. Este valor adjudicado se conformar\u00e1 de la suma de: el valor ofertado y adjudicado en la subasta, costos de oportunidad por no vender energ\u00eda destinada a reserva, sobre costos por operar a un costo marginal menor que el costo variable de la unidad y costos de ineficiencia por operar en un punto sub\u00f3ptimo.<\/p>\n<p style=\"text-align: left;\">Es decir, las subastas de control de frecuencia presentan un esquema de pagos <em>expost<\/em>. El cual permite reducir riesgos econ\u00f3micos que afectan a los potenciales prestadores del servicio. Por lo que el valor ofertado en la subasta solo deber\u00e1 asumir costos de desgaste y uso (<em>wear and tear). <\/em>No obstante, luego de que se hizo efectiva la Resoluci\u00f3n N\u00b0442, la remuneraci\u00f3n asociada al valor ofertado representa un 1,88% promedio del pago total de SSCC por subasta, entre diciembre 2020 y abril 2021. Por lo que el pago de sobrecostos, costos de oportunidad, infraestructura y remuneraci\u00f3n a precio m\u00e1ximo por instrucci\u00f3n directa representa un 98% del total de pagos por SSCC.<\/p>\n<p style=\"text-align: left;\">Para determinar la oferta adjudicada en las subastas de control de frecuencia, el Coordinador deber\u00e1 realizar con un d\u00eda de anticipaci\u00f3n el proceso de co-optimizaci\u00f3n conjunta de energ\u00eda y reserva, el cual deber\u00e1 garantizar la operaci\u00f3n eficiente y segura del SEN.<\/p>\n<p style=\"text-align: left;\">La asignaci\u00f3n de la instalaci\u00f3n prestadora de un servicio complementario es tecnol\u00f3gicamente neutra. Esto permite la entrada sin discriminaci\u00f3n de nuevos actores al mercado de SSCC. De esta manera las tecnolog\u00edas ERNC han prestado servicios complementarios en las categor\u00edas de control de frecuencia, control de tensi\u00f3n, esquema de desconexi\u00f3n autom\u00e1tica de generaci\u00f3n y aislamiento r\u00e1pido.<\/p>\n<p style=\"text-align: left;\">Con respecto a la participaci\u00f3n de las ERNC en las subastas de control de frecuencia. Un ejemplo es que en agosto de 2020 las ERNC se adjudicaron servicios por subfrecuencia.<\/p>\n<p style=\"text-align: left;\"><img loading=\"lazy\" decoding=\"async\" class=\"aligncenter wp-image-3644\" src=\"https:\/\/mercadoernc.minenergia.cl\/wp-content\/uploads\/2021\/10\/Tabla-5.png\" alt=\"\" width=\"455\" height=\"339\" srcset=\"https:\/\/mercadoernc.minenergia.cl\/wp-content\/uploads\/2021\/10\/Tabla-5.png 944w, https:\/\/mercadoernc.minenergia.cl\/wp-content\/uploads\/2021\/10\/Tabla-5-300x224.png 300w, https:\/\/mercadoernc.minenergia.cl\/wp-content\/uploads\/2021\/10\/Tabla-5-768x573.png 768w, https:\/\/mercadoernc.minenergia.cl\/wp-content\/uploads\/2021\/10\/Tabla-5-660x492.png 660w\" sizes=\"auto, (max-width: 455px) 100vw, 455px\" \/>El pago de un servicio complementario depende de si la prestaci\u00f3n fue mediante nueva infraestructura o recurso t\u00e9cnico existente. En este \u00faltimo caso van a ser las empresas generadoras a prorrata de sus retiros f\u00edsicos quienes deber\u00e1n remunerar el servicio. Al contrario, si es necesario instalar nueva infraestructura en el sistema, ser\u00e1n los usuarios finales quienes deber\u00e1n contribuir al pago a trav\u00e9s del cargo de servicios complementarios.<a href=\"#_ftnref1\" name=\"_ftn1\"><\/a><\/p>\n<p>[\/vc_column_text][\/vc_tta_section][\/vc_tta_accordion][vc_row_inner][vc_column_inner width=\u00bb1\/2&#8243;][vc_btn title=\u00bbAnterior\u00bb color=\u00bbgreen\u00bb align=\u00bbleft\u00bb i_icon_fontawesome=\u00bbfa fa-chevron-left\u00bb add_icon=\u00bbtrue\u00bb link=\u00bburl:https%3A%2F%2Fmercadoernc.minenergia.cl%2F%3Fpage_id%3D672|||\u00bb][\/vc_column_inner][vc_column_inner width=\u00bb1\/2&#8243;][vc_btn title=\u00bbSiguiente\u00bb color=\u00bbgreen\u00bb align=\u00bbright\u00bb i_icon_fontawesome=\u00bbfa fa-chevron-right\u00bb add_icon=\u00bbtrue\u00bb link=\u00bburl:https%3A%2F%2Fmercadoernc.minenergia.cl%2F%3Fpage_id%3D677|||\u00bb][\/vc_column_inner][\/vc_row_inner][\/vc_column][\/vc_row]<\/p>\n","protected":false},"excerpt":{"rendered":"<p>[vc_row][vc_column width=\u00bb1\/4&#8243;][vc_tta_accordion active_section=\u00bb1&#8243; collapsible_all=\u00bbtrue\u00bb][vc_tta_section i_icon_fontawesome=\u00bbfa fa-plus\u00bb add_icon=\u00bbtrue\u00bb title=\u00bbMercado El\u00e9ctrico\u00bb tab_id=\u00bb1638302822513-16657099-7068&#8243;][vc_column_text] 3. Funcionamiento del mercado el\u00e9ctrico chileno 3.1 Fundamento econ\u00f3mico 3.2 Modelo del mercado el\u00e9ctrico 3.3 El mercado spot 3.4 Mercado de contratos 3.5 Suficiencia y seguridad 3.6 Ley de Facturaci\u00f3n Neta 3.7 Importaci\u00f3n \/ exportaci\u00f3n [\/vc_column_text][\/vc_tta_section][\/vc_tta_accordion][\/vc_column][vc_column width=\u00bb3\/4&#8243;][vc_column_text] 3.5 Suficiencia y seguridad del sistema el\u00e9ctrico La [&hellip;]<\/p>\n","protected":false},"author":3,"featured_media":0,"parent":651,"menu_order":0,"comment_status":"closed","ping_status":"closed","template":"","meta":{"_acf_changed":false,"footnotes":""},"class_list":["post-675","page","type-page","status-publish","hentry"],"acf":[],"_links":{"self":[{"href":"https:\/\/mercadoernc.minenergia.cl\/index.php?rest_route=\/wp\/v2\/pages\/675","targetHints":{"allow":["GET"]}}],"collection":[{"href":"https:\/\/mercadoernc.minenergia.cl\/index.php?rest_route=\/wp\/v2\/pages"}],"about":[{"href":"https:\/\/mercadoernc.minenergia.cl\/index.php?rest_route=\/wp\/v2\/types\/page"}],"author":[{"embeddable":true,"href":"https:\/\/mercadoernc.minenergia.cl\/index.php?rest_route=\/wp\/v2\/users\/3"}],"replies":[{"embeddable":true,"href":"https:\/\/mercadoernc.minenergia.cl\/index.php?rest_route=%2Fwp%2Fv2%2Fcomments&post=675"}],"version-history":[{"count":19,"href":"https:\/\/mercadoernc.minenergia.cl\/index.php?rest_route=\/wp\/v2\/pages\/675\/revisions"}],"predecessor-version":[{"id":4176,"href":"https:\/\/mercadoernc.minenergia.cl\/index.php?rest_route=\/wp\/v2\/pages\/675\/revisions\/4176"}],"up":[{"embeddable":true,"href":"https:\/\/mercadoernc.minenergia.cl\/index.php?rest_route=\/wp\/v2\/pages\/651"}],"wp:attachment":[{"href":"https:\/\/mercadoernc.minenergia.cl\/index.php?rest_route=%2Fwp%2Fv2%2Fmedia&parent=675"}],"curies":[{"name":"wp","href":"https:\/\/api.w.org\/{rel}","templated":true}]}}