{"id":67,"date":"2018-05-18T21:55:42","date_gmt":"2018-05-18T21:55:42","guid":{"rendered":"https:\/\/mercadoernc.minenergia.cl\/?page_id=67"},"modified":"2021-11-09T18:50:19","modified_gmt":"2021-11-09T18:50:19","slug":"prefacio","status":"publish","type":"page","link":"https:\/\/mercadoernc.minenergia.cl\/?page_id=67","title":{"rendered":"Prefacio"},"content":{"rendered":"<p>[vc_row][vc_column width=\u00bb1\/6&#8243;][\/vc_column][vc_column width=\u00bb2\/3&#8243;][vc_column_text]<\/p>\n<h1>Prefacio<\/h1>\n<p>En el a\u00f1o 1982, con la promulgaci\u00f3n de la Ley General de Servicios El\u00e9ctricos (LGSE), Chile crea las bases de un sistema el\u00e9ctrico de car\u00e1cter competitivo, pionero a nivel internacional. El marco reglamentario asociado fue perfeccionado a trav\u00e9s de los a\u00f1os, manteniendo su definici\u00f3n original de un sistema operado a m\u00ednimo costo global, aunque la interpretaci\u00f3n de este principio fue evolucionando en el tiempo. Este marco se mantuvo relativamente estable hasta el a\u00f1o 2004, cuando a trav\u00e9s de un cambio a la LGSE, oficializado mediante la Ley 19.940, se modifica un conjunto de aspectos del mercado el\u00e9ctrico que afectan a todos los medios de generaci\u00f3n y otros aplicables exclusivamente a las Energ\u00edas Renovables No Convencionales (ERNC), mejorando sus condiciones de acceso al mercado, entregando el derecho de evacuaci\u00f3n de energ\u00eda a trav\u00e9s de las redes de distribuciones, otorgando exenciones de peajes de transmisi\u00f3n a proyectos ERNC de menor escala, entre otros cambios destacables.<\/p>\n<p>Posteriormente, en al a\u00f1o 2008, entr\u00f3 en vigencia la Ley 20.257, que establece la obligaci\u00f3n para las empresas el\u00e9ctricas que efect\u00faan ventas a clientes finales de proveer un porcentaje de la energ\u00eda comercializada a trav\u00e9s de proyectos ERNC, generando un cambio fundamental en el mercado el\u00e9ctrico nacional. Esta Ley fue actualizada por la Ley 20.698 de 2013, la cual aument\u00f3 los porcentajes de obligaci\u00f3n.<\/p>\n<p>Cambios a\u00fan m\u00e1s profundos son los que ha experimentado el mercado el\u00e9ctrico en los \u00faltimos a\u00f1os, con la regulaci\u00f3n y perfeccionamiento de nuevos mercados como el de la generaci\u00f3n distribuida de hasta 9 MW (Decreto Supremo N\u00b0244, a\u00f1o 2005\/2006 y Decreto N\u00b0101, a\u00f1o 2015), la generaci\u00f3n distribuida residencial y comercial (Ley 20.571, a\u00f1o 2012\/2014, modificada en el 2018 con la Ley 21.118), el perfeccionamiento del sistema de licitaciones de bloques de energ\u00eda de clientes regulados (Ley 20.805, a\u00f1o 2015), la reforma estructural a la planificaci\u00f3n, expansi\u00f3n y remuneraci\u00f3n de los sistemas de transmisi\u00f3n y la creaci\u00f3n de un coordinador \u00fanico e independiente del sistema el\u00e9ctrico (Ley 20.936, a\u00f1o 2016). Mediante esta \u00faltima ley se consolidan los esfuerzos emprendidos por el Estado de Chile para remoci\u00f3n de barreras a la incorporaci\u00f3n de las ERNC a la matriz de generaci\u00f3n el\u00e9ctrica nacional, como una forma de aportar a los objetivos de eficiencia econ\u00f3mica, seguridad de suministro y sustentabilidad ambiental que rigen la pol\u00edtica energ\u00e9tica chilena.<\/p>\n<p>Por \u00faltimo, cabe mencionar los nuevos compromisos de los \u00faltimos a\u00f1os relacionados con la integraci\u00f3n de ERNC, entre ellos, el cronograma de retiro y\/o reconversi\u00f3n de las centrales termoel\u00e9ctricas a carb\u00f3n, la estrategia de flexibilidad y la estrategia de hidrogeno verde.<\/p>\n<p>Todas estos compromisos, modificaciones al sistema y mercado el\u00e9ctrico nacional se han traducido en se\u00f1ales de precio y modelos de negocio que son captados r\u00e1pidamente por los diferentes tomadores de decisiones en el mercado el\u00e9ctrico. Estas se\u00f1ales tambi\u00e9n son percibidas por potenciales inversionistas de proyectos ERNC, tanto aquellos actualmente presentes en el mercado el\u00e9ctrico nacional como otros potenciales nuevos inversionistas. Lo anterior se ha traducido en un desarrollo explosivo de proyectos ERNC en los sistemas el\u00e9ctricos nacionales durante la \u00faltima d\u00e9cada, alzando a Chile como un l\u00edder en Latinoam\u00e9rica en el desarrollo de proyectos de este tipo de tecnolog\u00edas.<\/p>\n<p>El presente documento tiene como prop\u00f3sito contribuir a este proceso de transformaci\u00f3n, entregando un an\u00e1lisis de los aspectos m\u00e1s relevantes para el desarrollo de proyectos ERNC desde la visi\u00f3n de un inversionista o desarrollador de proyectos, tanto extranjero como nacional, que no necesariamente posee un conocimiento detallado del mercado el\u00e9ctrico chileno. El foco del an\u00e1lisis est\u00e1 en el proceso de integraci\u00f3n y operaci\u00f3n en el mercado de las ERNC, sin profundizar en aspectos de evaluaci\u00f3n del potencial de los recursos naturales, selecci\u00f3n de tecnolog\u00edas y esquemas de financiamiento. La publicaci\u00f3n busca servir como base conceptual y gu\u00eda para inversionistas, desarrolladores de proyectos y otros interesados.[\/vc_column_text][\/vc_column][vc_column width=\u00bb1\/6&#8243;][\/vc_column][\/vc_row][vc_section][vc_row][vc_column width=\u00bb1\/6&#8243;][\/vc_column][vc_column width=\u00bb2\/3&#8243;][vc_btn title=\u00bbSiguiente\u00bb color=\u00bbgreen\u00bb align=\u00bbright\u00bb i_align=\u00bbright\u00bb i_icon_fontawesome=\u00bbfa fa-chevron-right\u00bb add_icon=\u00bbtrue\u00bb link=\u00bburl:http%3A%2F%2Fmercadoernc.minenergia.cl%2F%3Fpage_id%3D36|||\u00bb][\/vc_column][vc_column width=\u00bb1\/6&#8243;][\/vc_column][\/vc_row][\/vc_section]<\/p>\n","protected":false},"excerpt":{"rendered":"<p>[vc_row][vc_column width=\u00bb1\/6&#8243;][\/vc_column][vc_column width=\u00bb2\/3&#8243;][vc_column_text] Prefacio En el a\u00f1o 1982, con la promulgaci\u00f3n de la Ley General de Servicios El\u00e9ctricos (LGSE), Chile crea las bases de un sistema el\u00e9ctrico de car\u00e1cter competitivo, pionero a nivel internacional. El marco reglamentario asociado fue perfeccionado a trav\u00e9s de los a\u00f1os, manteniendo su definici\u00f3n original de un sistema operado a m\u00ednimo [&hellip;]<\/p>\n","protected":false},"author":3,"featured_media":0,"parent":0,"menu_order":0,"comment_status":"closed","ping_status":"closed","template":"","meta":{"_acf_changed":false,"footnotes":""},"class_list":["post-67","page","type-page","status-publish","hentry"],"acf":[],"_links":{"self":[{"href":"https:\/\/mercadoernc.minenergia.cl\/index.php?rest_route=\/wp\/v2\/pages\/67","targetHints":{"allow":["GET"]}}],"collection":[{"href":"https:\/\/mercadoernc.minenergia.cl\/index.php?rest_route=\/wp\/v2\/pages"}],"about":[{"href":"https:\/\/mercadoernc.minenergia.cl\/index.php?rest_route=\/wp\/v2\/types\/page"}],"author":[{"embeddable":true,"href":"https:\/\/mercadoernc.minenergia.cl\/index.php?rest_route=\/wp\/v2\/users\/3"}],"replies":[{"embeddable":true,"href":"https:\/\/mercadoernc.minenergia.cl\/index.php?rest_route=%2Fwp%2Fv2%2Fcomments&post=67"}],"version-history":[{"count":6,"href":"https:\/\/mercadoernc.minenergia.cl\/index.php?rest_route=\/wp\/v2\/pages\/67\/revisions"}],"predecessor-version":[{"id":3855,"href":"https:\/\/mercadoernc.minenergia.cl\/index.php?rest_route=\/wp\/v2\/pages\/67\/revisions\/3855"}],"wp:attachment":[{"href":"https:\/\/mercadoernc.minenergia.cl\/index.php?rest_route=%2Fwp%2Fv2%2Fmedia&parent=67"}],"curies":[{"name":"wp","href":"https:\/\/api.w.org\/{rel}","templated":true}]}}