{"id":668,"date":"2018-06-26T13:22:38","date_gmt":"2018-06-26T13:22:38","guid":{"rendered":"https:\/\/mercadoernc.minenergia.cl\/?page_id=668"},"modified":"2021-11-30T20:07:12","modified_gmt":"2021-11-30T20:07:12","slug":"3-3-el-mercado-spot","status":"publish","type":"page","link":"https:\/\/mercadoernc.minenergia.cl\/?page_id=668","title":{"rendered":"3.3 El mercado spot"},"content":{"rendered":"<p>[vc_row][vc_column width=\u00bb1\/4&#8243;][vc_tta_accordion active_section=\u00bb1&#8243; collapsible_all=\u00bbtrue\u00bb][vc_tta_section i_icon_fontawesome=\u00bbfa fa-plus\u00bb add_icon=\u00bbtrue\u00bb title=\u00bbMercado El\u00e9ctrico\u00bb tab_id=\u00bb1638301905882-20b213f0-e0e8&#8243;][vc_column_text]<\/p>\n<ul>\n<li style=\"text-align: left;\"><span class=\"outer\"><span class=\"inner\"><a href=\"https:\/\/mercadoernc.minenergia.cl\/?page_id=651\" rel=\"noopener\">3. Funcionamiento del mercado el\u00e9ctrico chileno<\/a><\/span><\/span><\/li>\n<li style=\"text-align: left;\"><span class=\"outer\"><span class=\"inner\"><a href=\"https:\/\/mercadoernc.minenergia.cl\/?page_id=653\" rel=\"noopener\">3.1 Fundamento econ\u00f3mico<\/a><\/span><\/span><\/li>\n<li style=\"text-align: left;\"><span class=\"outer\"><span class=\"inner\"><a href=\"https:\/\/mercadoernc.minenergia.cl\/?page_id=664\" rel=\"noopener\">3.2 Modelo del mercado el\u00e9ctrico<\/a><\/span><\/span><\/li>\n<li style=\"text-align: left;\"><span class=\"outer\"><span class=\"inner\"><a href=\"https:\/\/mercadoernc.minenergia.cl\/?page_id=668\" rel=\"noopener\">3.3 El mercado spot<\/a><\/span><\/span><\/li>\n<li style=\"text-align: left;\"><span class=\"outer\"><span class=\"inner\"><a href=\"https:\/\/mercadoernc.minenergia.cl\/?page_id=672\" rel=\"noopener\">3.4 Mercado de contratos<\/a><\/span><\/span><\/li>\n<li style=\"text-align: left;\"><a href=\"https:\/\/mercadoernc.minenergia.cl\/?page_id=675\" rel=\"noopener\">3.5 Suficiencia y seguridad<\/a><\/li>\n<li style=\"text-align: left;\"><span class=\"outer\"><span class=\"inner\"><a href=\"https:\/\/mercadoernc.minenergia.cl\/?page_id=677\" rel=\"noopener\">3.6 Ley de Facturaci\u00f3n Neta<\/a><\/span><\/span><\/li>\n<li style=\"text-align: left;\"><span class=\"outer\"><span class=\"inner\"><a href=\"https:\/\/mercadoernc.minenergia.cl\/?page_id=692\" rel=\"noopener\">3.7 Importaci\u00f3n \/ exportaci\u00f3n<\/a><\/span><\/span><\/li>\n<\/ul>\n<p>[\/vc_column_text][\/vc_tta_section][\/vc_tta_accordion][\/vc_column][vc_column width=\u00bb3\/4&#8243;][vc_column_text]<\/p>\n<h1>3.3 El mercado <em>spot<\/em><\/h1>\n<p>El dise\u00f1o del mercado el\u00e9ctrico chileno se basa en la teor\u00eda marginalista antes descrita, que contempla un esquema de precios marginales de energ\u00eda (operaci\u00f3n) y potencia (desarrollo) a ser pagados por los consumidores de acuerdo a los principios de la teor\u00eda del \u201c<em>Peak Load Pricing<\/em>\u201d.<\/p>\n<p>El mercado mayorista <em>spot<\/em> (horario) es cerrado a los generadores, pero es administrado por el Coordinador bajo una estructura ISO, donde los generadores est\u00e1n obligados a participar, presentando sus declaraciones de costos variables basadas en sus costos reales de generaci\u00f3n, con posibilidad de ser auditados por parte del Coordinador. Este aspecto distingue el mercado chileno de otros basados en bolsas de energ\u00eda o de operaci\u00f3n centralizada con ofertas libres de compra y venta. La Figura 15 muestra las interacciones de los diferentes agentes en el esquema del mercado chileno. Asimismo, cabe se\u00f1alar que en el mercado el\u00e9ctrico chileno no existe el concepto de contratos bilaterales f\u00edsicos, todav\u00eda presentes en algunos mercados de electricidad como el europeo, donde los contratos de suministro entre agentes privados tienen el derecho a ser informados al operador del sistema y traducirse en un despacho f\u00edsico. En Chile, los contratos de suministro privados s\u00f3lo tienen un car\u00e1cter financiero, siendo el Coordinador la entidad que realiza el despacho f\u00edsico hora a hora, basado en la informaci\u00f3n de costos de operaci\u00f3n de cada una de las unidades generadoras buscando la operaci\u00f3n m\u00e1s econ\u00f3mica posible sin restringirse por estos contratos.<\/p>\n<p>El mercado el\u00e9ctrico en Chile focaliza la competencia en la concreci\u00f3n y desarrollo de proyectos de generaci\u00f3n eficientes (costos de inversi\u00f3n y operaci\u00f3n), y en la buena gesti\u00f3n comercial de contratos bilaterales con clientes libres y regulados <span class=\"tooltips \" style=\"\" title=\"Nota: Los diferentes tipos de clientes se describen en detalle en las secciones &lt;a href=&quot;https:\/\/mercadoernc.minenergia.cl\/?page_id=361#clienteregulado&quot; target=&quot;_blank&quot; rel=&quot;noopener&quot;&gt;2.3.1 y 2.3.2&lt;\/a&gt;.\"><span style=\"color: #3366ff;\"><b><i>10<\/i><\/b><\/span><\/span>. Esto difiere de lo observado a nivel internacional, dado que en Chile no existe un esquema de ofertas de corto plazo al despacho, sino que una comunicaci\u00f3n de los costos de generaci\u00f3n, la definici\u00f3n de estrategias de ofertas para la compra y venta de energ\u00eda no corresponde a un elemento cr\u00edtico en el desempe\u00f1o competitivo.<\/p>\n<p>La Figura 16 muestra un esquema general del funcionamiento del mercado nacional. En ella se aprecia que las empresas generadoras se relacionan con el mercado <em>spot<\/em> a trav\u00e9s de compras y venta de energ\u00eda y potencia, al costo marginal de la energ\u00eda (Cmg) y precio de la potencia, respectivamente. Este esquema tambi\u00e9n es aplicable a los PMG (Peque\u00f1os Medios de Generaci\u00f3n), PMGD (Peque\u00f1os Medios de Generaci\u00f3n Distribuida) y otros proyectos ERNC. Sin embargo, como se ver\u00e1 m\u00e1s adelante, en el caso de los PMG y PMGD tambi\u00e9n es factible acceder a un precio estabilizado en las ventas de energ\u00eda (ver Reglamento del D.S. N\u00b088 del a\u00f1o 2020). A su vez, las empresas generadoras poseen contratos con los clientes libres a precios libremente pactados (clientes no regulados) y con las empresas distribuidoras a un precio resultante de un proceso regulado de licitaciones de suministro (clientes regulados) para los contratos y a precio de nudo determinado por la autoridad (c\u00e1lculo semestral de la CNE utilizando el plan de obras indicativo y estimando los costos marginales para los pr\u00f3ximos 48 meses) para aquellos contratos de suministro suscritos en forma previa a la Ley 20.018 de 2005. Por su parte, las empresas distribuidoras venden su energ\u00eda a clientes regulados haciendo uso de las distintas tarifas reguladas para clientes finales, o bien, a clientes libres o no regulados que se encuentren en su \u00e1rea de concesi\u00f3n.<\/p>\n<p style=\"text-align: left;\"><img loading=\"lazy\" decoding=\"async\" class=\"aligncenter wp-image-3638 \" src=\"https:\/\/mercadoernc.minenergia.cl\/wp-content\/uploads\/2021\/10\/Figura-16-1-841x1024.png\" alt=\"\" width=\"639\" height=\"778\" srcset=\"https:\/\/mercadoernc.minenergia.cl\/wp-content\/uploads\/2021\/10\/Figura-16-1-841x1024.png 841w, https:\/\/mercadoernc.minenergia.cl\/wp-content\/uploads\/2021\/10\/Figura-16-1-246x300.png 246w, https:\/\/mercadoernc.minenergia.cl\/wp-content\/uploads\/2021\/10\/Figura-16-1-768x935.png 768w, https:\/\/mercadoernc.minenergia.cl\/wp-content\/uploads\/2021\/10\/Figura-16-1-660x804.png 660w, https:\/\/mercadoernc.minenergia.cl\/wp-content\/uploads\/2021\/10\/Figura-16-1.png 982w\" sizes=\"auto, (max-width: 639px) 100vw, 639px\" \/><br \/>\nEl precio de nudo (PN) de la potencia se\u00f1alado en la Figura 15 es determinado semestralmente por la autoridad como el costo de desarrollo de la tecnolog\u00eda m\u00e1s econ\u00f3mica para dar suministro en horas de mayor demanda. A cada unidad generadora, dependiendo de las caracter\u00edsticas de su energ\u00e9tico primario, su tasa de fallas forzadas, salidas de operaci\u00f3n programadas y su contribuci\u00f3n conjunta en el sistema, se le reconoce una potencia denominada potencia de suficiencia con la cual se determina su ingreso por potencia (venta de potencia). A este tipo de mecanismo se le conoce en la literatura internacional como \u201cpago por capacidad de tipo administrativo\u201d, ya que no es el mercado quien la determina, sino que es un organismo administrativo quien eval\u00faa y determina precios y cantidades, siendo en el caso de Chile, la CNE y el Coordinador, respectivamente. Asimismo, cada empresa generadora, de acuerdo a sus contratos de suministro y al comportamiento de estos consumos en condiciones de demanda de punta, es responsable de realizar compras de potencia en el sistema. Las compras de potencia son transferidas por los generadores como cargos de potencia a sus clientes libres y clientes regulados. La Figura 17 resume las transferencias de potencia que se realizan entre los distintos agentes del mercado en el mercado <em>spot<\/em>.<\/p>\n<p style=\"text-align: center;\"><img loading=\"lazy\" decoding=\"async\" class=\"aligncenter wp-image-3639 \" src=\"https:\/\/mercadoernc.minenergia.cl\/wp-content\/uploads\/2021\/10\/Figura-17-1.png\" alt=\"\" width=\"647\" height=\"462\" srcset=\"https:\/\/mercadoernc.minenergia.cl\/wp-content\/uploads\/2021\/10\/Figura-17-1.png 1009w, https:\/\/mercadoernc.minenergia.cl\/wp-content\/uploads\/2021\/10\/Figura-17-1-300x214.png 300w, https:\/\/mercadoernc.minenergia.cl\/wp-content\/uploads\/2021\/10\/Figura-17-1-768x549.png 768w, https:\/\/mercadoernc.minenergia.cl\/wp-content\/uploads\/2021\/10\/Figura-17-1-660x472.png 660w\" sizes=\"auto, (max-width: 647px) 100vw, 647px\" \/><\/p>\n<p>Se aprecia que los cargos por potencia a clientes finales, te\u00f3ricamente, cubren los ingresos por potencia de las centrales generadoras. La posici\u00f3n excedentaria o bien deficitaria de potencia de una empresa de generaci\u00f3n depender\u00e1 de los contratos de suministro que \u00e9sta posea. A modo de ejemplo, una empresa que no posee contratos de suministro siempre ser\u00e1 excedentaria en las transferencias de potencia, dado que no tiene obligaciones declaradas y \u00e9stas no se descontar\u00e1n en su balance.<\/p>\n<p>Si bien el esquema chileno de precios considera el costo de expansi\u00f3n a trav\u00e9s del valor de desarrollo de la potencia de punta, igualmente contempla la remuneraci\u00f3n de la energ\u00eda al costo de falla en condici\u00f3n de escasez. En efecto, el costo marginal de energ\u00eda corresponde al costo de energ\u00eda no suministrada durante los periodos de racionamiento, y tanto los modelos de c\u00e1lculo de precios a clientes regulados, como los de planificaci\u00f3n de la operaci\u00f3n, incorporan el costo de la energ\u00eda no suministrada al optimizar la operaci\u00f3n del sistema.[\/vc_column_text][vc_row_inner][vc_column_inner width=\u00bb1\/2&#8243;][vc_btn title=\u00bbAnterior\u00bb color=\u00bbgreen\u00bb align=\u00bbleft\u00bb i_icon_fontawesome=\u00bbfa fa-chevron-left\u00bb add_icon=\u00bbtrue\u00bb link=\u00bburl:https%3A%2F%2Fmercadoernc.minenergia.cl%2F%3Fpage_id%3D664|||\u00bb][\/vc_column_inner][vc_column_inner width=\u00bb1\/2&#8243;][vc_btn title=\u00bbSiguiente\u00bb color=\u00bbgreen\u00bb align=\u00bbright\u00bb i_icon_fontawesome=\u00bbfa fa-chevron-right\u00bb add_icon=\u00bbtrue\u00bb link=\u00bburl:https%3A%2F%2Fmercadoernc.minenergia.cl%2F%3Fpage_id%3D672|||\u00bb][\/vc_column_inner][\/vc_row_inner][\/vc_column][\/vc_row]<\/p>\n","protected":false},"excerpt":{"rendered":"<p>[vc_row][vc_column width=\u00bb1\/4&#8243;][vc_tta_accordion active_section=\u00bb1&#8243; collapsible_all=\u00bbtrue\u00bb][vc_tta_section i_icon_fontawesome=\u00bbfa fa-plus\u00bb add_icon=\u00bbtrue\u00bb title=\u00bbMercado El\u00e9ctrico\u00bb tab_id=\u00bb1638301905882-20b213f0-e0e8&#8243;][vc_column_text] 3. Funcionamiento del mercado el\u00e9ctrico chileno 3.1 Fundamento econ\u00f3mico 3.2 Modelo del mercado el\u00e9ctrico 3.3 El mercado spot 3.4 Mercado de contratos 3.5 Suficiencia y seguridad 3.6 Ley de Facturaci\u00f3n Neta 3.7 Importaci\u00f3n \/ exportaci\u00f3n [\/vc_column_text][\/vc_tta_section][\/vc_tta_accordion][\/vc_column][vc_column width=\u00bb3\/4&#8243;][vc_column_text] 3.3 El mercado spot El dise\u00f1o del mercado [&hellip;]<\/p>\n","protected":false},"author":3,"featured_media":0,"parent":651,"menu_order":0,"comment_status":"closed","ping_status":"closed","template":"","meta":{"_acf_changed":false,"footnotes":""},"class_list":["post-668","page","type-page","status-publish","hentry"],"acf":[],"_links":{"self":[{"href":"https:\/\/mercadoernc.minenergia.cl\/index.php?rest_route=\/wp\/v2\/pages\/668","targetHints":{"allow":["GET"]}}],"collection":[{"href":"https:\/\/mercadoernc.minenergia.cl\/index.php?rest_route=\/wp\/v2\/pages"}],"about":[{"href":"https:\/\/mercadoernc.minenergia.cl\/index.php?rest_route=\/wp\/v2\/types\/page"}],"author":[{"embeddable":true,"href":"https:\/\/mercadoernc.minenergia.cl\/index.php?rest_route=\/wp\/v2\/users\/3"}],"replies":[{"embeddable":true,"href":"https:\/\/mercadoernc.minenergia.cl\/index.php?rest_route=%2Fwp%2Fv2%2Fcomments&post=668"}],"version-history":[{"count":13,"href":"https:\/\/mercadoernc.minenergia.cl\/index.php?rest_route=\/wp\/v2\/pages\/668\/revisions"}],"predecessor-version":[{"id":4174,"href":"https:\/\/mercadoernc.minenergia.cl\/index.php?rest_route=\/wp\/v2\/pages\/668\/revisions\/4174"}],"up":[{"embeddable":true,"href":"https:\/\/mercadoernc.minenergia.cl\/index.php?rest_route=\/wp\/v2\/pages\/651"}],"wp:attachment":[{"href":"https:\/\/mercadoernc.minenergia.cl\/index.php?rest_route=%2Fwp%2Fv2%2Fmedia&parent=668"}],"curies":[{"name":"wp","href":"https:\/\/api.w.org\/{rel}","templated":true}]}}