{"id":664,"date":"2018-06-26T13:17:29","date_gmt":"2018-06-26T13:17:29","guid":{"rendered":"https:\/\/mercadoernc.minenergia.cl\/?page_id=664"},"modified":"2021-11-30T20:06:48","modified_gmt":"2021-11-30T20:06:48","slug":"3-2-modelo-del-mercado-electrico","status":"publish","type":"page","link":"https:\/\/mercadoernc.minenergia.cl\/?page_id=664","title":{"rendered":"3.2 Modelo del mercado el\u00e9ctrico"},"content":{"rendered":"<p>[vc_row][vc_column width=\u00bb1\/4&#8243;][vc_tta_accordion active_section=\u00bb1&#8243; collapsible_all=\u00bbtrue\u00bb][vc_tta_section i_icon_fontawesome=\u00bbfa fa-plus\u00bb add_icon=\u00bbtrue\u00bb title=\u00bbMercado El\u00e9ctrico\u00bb tab_id=\u00bb1638301835806-aa1edea4-fca7&#8243;][vc_column_text]<\/p>\n<ul>\n<li style=\"text-align: left;\"><span class=\"outer\"><span class=\"inner\"><a href=\"https:\/\/mercadoernc.minenergia.cl\/?page_id=651\" rel=\"noopener\">3. Funcionamiento del mercado el\u00e9ctrico chileno<\/a><\/span><\/span><\/li>\n<li style=\"text-align: left;\"><span class=\"outer\"><span class=\"inner\"><a href=\"https:\/\/mercadoernc.minenergia.cl\/?page_id=653\" rel=\"noopener\">3.1 Fundamento econ\u00f3mico<\/a><\/span><\/span><\/li>\n<li style=\"text-align: left;\"><span class=\"outer\"><span class=\"inner\"><a href=\"https:\/\/mercadoernc.minenergia.cl\/?page_id=664\" rel=\"noopener\">3.2 Modelo del mercado el\u00e9ctrico<\/a><\/span><\/span><\/li>\n<li style=\"text-align: left;\"><span class=\"outer\"><span class=\"inner\"><a href=\"https:\/\/mercadoernc.minenergia.cl\/?page_id=668\" rel=\"noopener\">3.3 El mercado spot<\/a><\/span><\/span><\/li>\n<li style=\"text-align: left;\"><span class=\"outer\"><span class=\"inner\"><a href=\"https:\/\/mercadoernc.minenergia.cl\/?page_id=672\" rel=\"noopener\">3.4 Mercado de contratos<\/a><\/span><\/span><\/li>\n<li style=\"text-align: left;\"><a href=\"https:\/\/mercadoernc.minenergia.cl\/?page_id=675\" rel=\"noopener\">3.5 Suficiencia y seguridad<\/a><\/li>\n<li style=\"text-align: left;\"><span class=\"outer\"><span class=\"inner\"><a href=\"https:\/\/mercadoernc.minenergia.cl\/?page_id=677\" rel=\"noopener\">3.6 Ley de Facturaci\u00f3n Neta<\/a><\/span><\/span><\/li>\n<li style=\"text-align: left;\"><span class=\"outer\"><span class=\"inner\"><a href=\"https:\/\/mercadoernc.minenergia.cl\/?page_id=692\" rel=\"noopener\">3.7 Importaci\u00f3n \/ exportaci\u00f3n<\/a><\/span><\/span><\/li>\n<\/ul>\n<p>[\/vc_column_text][\/vc_tta_section][\/vc_tta_accordion][\/vc_column][vc_column width=\u00bb3\/4&#8243;][vc_column_text]<\/p>\n<h1>3.2 Modelo del mercado el\u00e9ctrico<\/h1>\n<p>En Chile, el modelo de mercado mayorista <span class=\"tooltips \" style=\"\" title=\"Nota: La definici\u00f3n del mercado mayorista se encuentra en el glosario de t\u00e9rminos, ver &lt;a href=&quot;https:\/\/mercadoernc.minenergia.cl\/?page_id=1208\/#mercadomayorista&quot; target=&quot;_blank&quot; rel=&quot;noopener&quot;&gt;Anexo 6&lt;\/a&gt;.\"><strong><em><span style=\"color: #3366ff; cursor: pointer;\">6<\/span><\/em><\/strong><\/span> ha ido migrando desde una estructura de tipo <em>pool<\/em> <span class=\"tooltips \" style=\"\" title=\"Nota: Definici\u00f3n de pool se encuentra en el glosario de t\u00e9rminos, ver &lt;a href=&quot;https:\/\/mercadoernc.minenergia.cl\/?page_id=1208\/#pool&quot; target=&quot;_blank&quot; rel=&quot;noopener&quot;&gt;Anexo 6&lt;\/a&gt;\"><span style=\"color: #3366ff;\"><b><i>7<\/i><\/b><\/span><\/span> con participaci\u00f3n obligatoria de los distintos generadores hacia una estructura de tipo ISO <span class=\"tooltips \" style=\"\" title=\"Nota: Definici\u00f3n de ISO se encuentra en el glosario de t\u00e9rminos, ver &lt;a href=&quot;https:\/\/mercadoernc.minenergia.cl\/?page_id=1208\/#iso&quot; target=&quot;_blank&quot; rel=&quot;noopener&quot;&gt;Anexo 6&lt;\/a&gt;.\"><span style=\"color: #3366ff;\"><b><i>8<\/i><\/b><\/span><\/span>, donde un coordinador independiente est\u00e1 a cargo de la operaci\u00f3n coordinada del sistema. En ambos modelos siempre han coexistido dos mercados principales, un mercado <em>spot<\/em> asociado a la operaci\u00f3n coordinada de corto plazo del sistema y contratos bilaterales de tipo financiero.<\/p>\n<p>El Coordinador, por medio de procedimientos y mecanismos regulados y bien conocidos por todos los agentes, determina el precio de mercado de corto plazo de la electricidad (\u201c<em>clearing price<\/em>\u201d o \u201cprecio <em>spot<\/em>\u201d), que es el precio de despeje del mercado (mercado <em>spot<\/em>). Este precio resulta de la realizaci\u00f3n de una operaci\u00f3n econ\u00f3mica centralizada por parte del coordinador y puede ser distinto en cada zona del sistema, de acuerdo a diversas condiciones, tales como p\u00e9rdidas y congesti\u00f3n.<\/p>\n<p>El despacho econ\u00f3mico centralizado a cargo del Coordinador se basa en la declaraci\u00f3n de costos de operaci\u00f3n por parte de las empresas generadoras (costos susceptibles de ser auditados) y no en ofertas, como se realiza en otros mercados de EEUU, Europa, Colombia, etc. Como consecuencia, se obtiene el despacho econ\u00f3mico horario del sistema que corresponde a un orden de m\u00e9rito <span class=\"tooltips \" style=\"\" title=\"Nota: Definici\u00f3n de orden de m\u00e9rito se encuentra en el glosario de t\u00e9rminos, ver &lt;a href=&quot;https:\/\/mercadoernc.minenergia.cl\/?page_id=1208\/#ordendemerito&quot; target=&quot;_blank&quot; rel=&quot;noopener&quot;&gt;Anexo 6&lt;\/a&gt;.\"><span style=\"color: #3366ff;\"><b><i>9<\/i><\/b><\/span><\/span> en funci\u00f3n del costo variable de operaci\u00f3n, que da lugar al costo marginal de operaci\u00f3n y a las transferencias o intercambios comerciales de energ\u00eda entre las empresas que generan m\u00e1s o menos que sus niveles de contrato. El dise\u00f1o de mercado no contempla en forma expl\u00edcita la figura de un comercializador, sin embargo, se encuentra en primer tr\u00e1mite un Proyecto de Ley de Portabilidad que crea este agente. Actualmente, son las empresas de generaci\u00f3n y de distribuci\u00f3n las que ejercen este rol de interacci\u00f3n con los clientes, pero no a nivel del mercado <em>spot<\/em>, sino que mediante contratos.<\/p>\n<p>En el mercado mayorista de electricidad en Chile, las empresas generadoras transan energ\u00eda y potencia entre s\u00ed, las que dependen de los contratos de suministro que cada una haya suscrito, debido a que la demanda real de sus clientes ser\u00e1 asignada como retiro de energ\u00eda de la generadora. Para cada hora se determinar\u00e1 el monto a transar como la diferencia entre la energ\u00eda inyectada al sistema el\u00e9ctrico valorizada al costo marginal (Cmg) de la barra de inyecci\u00f3n, y los retiros de energ\u00eda asignados a la empresa generadora valorizados al costo marginal de la barra de retiro.<\/p>\n<p>A partir de los montos resultantes el coordinador deber\u00e1 determinar las transferencias econ\u00f3micas de energ\u00eda, de manera tal que las empresas que resulten con saldos totales negativos en un per\u00edodo (empresas deficitarias), deber\u00e1n pagar a aquellas empresas con saldos totales positivos en el mismo per\u00edodo (empresas excedentarias).<\/p>\n<p>De forma similar ocurre el balance de transferencias de potencia entre generadoras. Las transferencias f\u00edsicas y monetarias (ventas y compras) son determinadas por el coordinador del sistema, y se valorizan al precio de nudo de corto plazo de la potencia de la barra de inyecci\u00f3n o retiro correspondiente.<\/p>\n<p>La Figura 13 resume las interacciones b\u00e1sicas que se observan en el mercado mayorista en Chile. En el caso de los contratos bilaterales financieros, las l\u00edneas azules representan contratos que se definen mediante negociaci\u00f3n directa y libre entre las partes (G1 con Cliente Libre 1), mientras que las l\u00edneas rojas representan contratos que son regulados, por ejemplo el caso de G3 con la empresa de distribuci\u00f3n. Tambi\u00e9n es importante notar que la Figura 15 muestra que el mercado <em>spot<\/em> es cerrado a los generadores, y que pueden existir algunos de ellos cuyo negocio sea s\u00f3lo ventas a este mercado, como es el caso de G2. La compra venta de los generadores en el mercado <em>spot<\/em> se representa mediante las flechas verdes.<\/p>\n<p style=\"text-align: center;\"><img loading=\"lazy\" decoding=\"async\" class=\"aligncenter wp-image-3633 \" src=\"https:\/\/mercadoernc.minenergia.cl\/wp-content\/uploads\/2021\/10\/Figura-15-1024x634.png\" alt=\"\" width=\"577\" height=\"357\" srcset=\"https:\/\/mercadoernc.minenergia.cl\/wp-content\/uploads\/2021\/10\/Figura-15-1024x634.png 1024w, https:\/\/mercadoernc.minenergia.cl\/wp-content\/uploads\/2021\/10\/Figura-15-300x186.png 300w, https:\/\/mercadoernc.minenergia.cl\/wp-content\/uploads\/2021\/10\/Figura-15-768x476.png 768w, https:\/\/mercadoernc.minenergia.cl\/wp-content\/uploads\/2021\/10\/Figura-15-660x409.png 660w, https:\/\/mercadoernc.minenergia.cl\/wp-content\/uploads\/2021\/10\/Figura-15.png 1411w\" sizes=\"auto, (max-width: 577px) 100vw, 577px\" \/><\/p>\n<p>Cabe se\u00f1alar que los contratos de suministro que puedan establecer una empresa distribuidora con clientes libres no forman parte del mercado <em>spot<\/em> ni del concepto de mercado mayorista antes descrito. En el caso de la Figura 15, el contrato entre la empresa distribuidora y el cliente libre 3 no participa directamente en el mercado mayorista y s\u00f3lo forma parte de las transferencias de energ\u00eda y potencia a trav\u00e9s del contrato de suministro entre la empresa distribuidora y los generadores G1 y G3.[\/vc_column_text][vc_row_inner][vc_column_inner width=\u00bb1\/2&#8243;][vc_btn title=\u00bbAnterior\u00bb color=\u00bbgreen\u00bb align=\u00bbleft\u00bb i_icon_fontawesome=\u00bbfa fa-chevron-left\u00bb add_icon=\u00bbtrue\u00bb link=\u00bburl:https%3A%2F%2Fmercadoernc.minenergia.cl%2F%3Fpage_id%3D653|||\u00bb][\/vc_column_inner][vc_column_inner width=\u00bb1\/2&#8243;][vc_btn title=\u00bbSiguiente\u00bb color=\u00bbgreen\u00bb align=\u00bbright\u00bb i_icon_fontawesome=\u00bbfa fa-chevron-right\u00bb add_icon=\u00bbtrue\u00bb link=\u00bburl:https%3A%2F%2Fmercadoernc.minenergia.cl%2F%3Fpage_id%3D668|||\u00bb][\/vc_column_inner][\/vc_row_inner][\/vc_column][\/vc_row]<\/p>\n","protected":false},"excerpt":{"rendered":"<p>[vc_row][vc_column width=\u00bb1\/4&#8243;][vc_tta_accordion active_section=\u00bb1&#8243; collapsible_all=\u00bbtrue\u00bb][vc_tta_section i_icon_fontawesome=\u00bbfa fa-plus\u00bb add_icon=\u00bbtrue\u00bb title=\u00bbMercado El\u00e9ctrico\u00bb tab_id=\u00bb1638301835806-aa1edea4-fca7&#8243;][vc_column_text] 3. Funcionamiento del mercado el\u00e9ctrico chileno 3.1 Fundamento econ\u00f3mico 3.2 Modelo del mercado el\u00e9ctrico 3.3 El mercado spot 3.4 Mercado de contratos 3.5 Suficiencia y seguridad 3.6 Ley de Facturaci\u00f3n Neta 3.7 Importaci\u00f3n \/ exportaci\u00f3n [\/vc_column_text][\/vc_tta_section][\/vc_tta_accordion][\/vc_column][vc_column width=\u00bb3\/4&#8243;][vc_column_text] 3.2 Modelo del mercado el\u00e9ctrico En Chile, el [&hellip;]<\/p>\n","protected":false},"author":3,"featured_media":0,"parent":651,"menu_order":0,"comment_status":"closed","ping_status":"closed","template":"","meta":{"_acf_changed":false,"footnotes":""},"class_list":["post-664","page","type-page","status-publish","hentry"],"acf":[],"_links":{"self":[{"href":"https:\/\/mercadoernc.minenergia.cl\/index.php?rest_route=\/wp\/v2\/pages\/664","targetHints":{"allow":["GET"]}}],"collection":[{"href":"https:\/\/mercadoernc.minenergia.cl\/index.php?rest_route=\/wp\/v2\/pages"}],"about":[{"href":"https:\/\/mercadoernc.minenergia.cl\/index.php?rest_route=\/wp\/v2\/types\/page"}],"author":[{"embeddable":true,"href":"https:\/\/mercadoernc.minenergia.cl\/index.php?rest_route=\/wp\/v2\/users\/3"}],"replies":[{"embeddable":true,"href":"https:\/\/mercadoernc.minenergia.cl\/index.php?rest_route=%2Fwp%2Fv2%2Fcomments&post=664"}],"version-history":[{"count":16,"href":"https:\/\/mercadoernc.minenergia.cl\/index.php?rest_route=\/wp\/v2\/pages\/664\/revisions"}],"predecessor-version":[{"id":4173,"href":"https:\/\/mercadoernc.minenergia.cl\/index.php?rest_route=\/wp\/v2\/pages\/664\/revisions\/4173"}],"up":[{"embeddable":true,"href":"https:\/\/mercadoernc.minenergia.cl\/index.php?rest_route=\/wp\/v2\/pages\/651"}],"wp:attachment":[{"href":"https:\/\/mercadoernc.minenergia.cl\/index.php?rest_route=%2Fwp%2Fv2%2Fmedia&parent=664"}],"curies":[{"name":"wp","href":"https:\/\/api.w.org\/{rel}","templated":true}]}}