{"id":651,"date":"2018-06-25T22:26:33","date_gmt":"2018-06-25T22:26:33","guid":{"rendered":"https:\/\/mercadoernc.minenergia.cl\/?page_id=651"},"modified":"2021-11-30T19:56:21","modified_gmt":"2021-11-30T19:56:21","slug":"3-funcionamiento-del-mercado-electrico-chileno","status":"publish","type":"page","link":"https:\/\/mercadoernc.minenergia.cl\/?page_id=651","title":{"rendered":"3. Funcionamiento del mercado el\u00e9ctrico chileno"},"content":{"rendered":"<p>[vc_row][vc_column width=\u00bb1\/4&#8243;][vc_tta_accordion active_section=\u00bb1&#8243; collapsible_all=\u00bbtrue\u00bb][vc_tta_section i_icon_fontawesome=\u00bbfa fa-plus\u00bb add_icon=\u00bbtrue\u00bb title=\u00bbMercado El\u00e9ctrico\u00bb tab_id=\u00bb1638301435753-23cc2bbd-a29d\u00bb][vc_column_text]<\/p>\n<ul>\n<li style=\"text-align: left;\"><span class=\"outer\"><span class=\"inner\"><a href=\"https:\/\/mercadoernc.minenergia.cl\/?page_id=651\" rel=\"noopener\">3. Funcionamiento del mercado el\u00e9ctrico chileno<\/a><\/span><\/span><\/li>\n<li style=\"text-align: left;\"><span class=\"outer\"><span class=\"inner\"><a href=\"https:\/\/mercadoernc.minenergia.cl\/?page_id=653\" rel=\"noopener\">3.1 Fundamento econ\u00f3mico<\/a><\/span><\/span><\/li>\n<li style=\"text-align: left;\"><span class=\"outer\"><span class=\"inner\"><a href=\"https:\/\/mercadoernc.minenergia.cl\/?page_id=664\" rel=\"noopener\">3.2 Modelo del mercado el\u00e9ctrico<\/a><\/span><\/span><\/li>\n<li style=\"text-align: left;\"><span class=\"outer\"><span class=\"inner\"><a href=\"https:\/\/mercadoernc.minenergia.cl\/?page_id=668\" rel=\"noopener\">3.3 El mercado spot<\/a><\/span><\/span><\/li>\n<li style=\"text-align: left;\"><span class=\"outer\"><span class=\"inner\"><a href=\"https:\/\/mercadoernc.minenergia.cl\/?page_id=672\" rel=\"noopener\">3.4 Mercado de contratos<\/a><\/span><\/span><\/li>\n<li style=\"text-align: left;\"><a href=\"https:\/\/mercadoernc.minenergia.cl\/?page_id=675\" rel=\"noopener\">3.5 Suficiencia y seguridad<\/a><\/li>\n<li style=\"text-align: left;\"><span class=\"outer\"><span class=\"inner\"><a href=\"https:\/\/mercadoernc.minenergia.cl\/?page_id=677\" rel=\"noopener\">3.6 Ley de Facturaci\u00f3n Neta<\/a><\/span><\/span><\/li>\n<li style=\"text-align: left;\"><span class=\"outer\"><span class=\"inner\"><a href=\"https:\/\/mercadoernc.minenergia.cl\/?page_id=692\" rel=\"noopener\">3.7 Importaci\u00f3n \/ exportaci\u00f3n<\/a><\/span><\/span><\/li>\n<\/ul>\n<p>[\/vc_column_text][\/vc_tta_section][\/vc_tta_accordion][\/vc_column][vc_column width=\u00bb3\/4&#8243;][vc_single_image image=\u00bb1894&#8243; img_size=\u00bbfull\u00bb alignment=\u00bbcenter\u00bb style=\u00bbvc_box_rounded\u00bb][vc_column_text]<\/p>\n<h1>3. Funcionamiento del mercado el\u00e9ctrico chileno<\/h1>\n<p>Este cap\u00edtulo describe desde aspectos generales del mercado el\u00e9ctrico chileno hasta aspectos m\u00e1s espec\u00edficos. Comienza con los fundamentos econ\u00f3micos del mercado, luego presenta el modelo de mercado el\u00e9ctrico en Chile y los principales mercados para transar energ\u00eda y potencia: el mercado <em>spot<\/em> y el mercado de contratos. Posteriormente, se describe el tratamiento que se da en Chile a la suficiencia y la seguridad del sistema y como se financian de acuerdo a la legislaci\u00f3n vigente. A continuaci\u00f3n, se describe el funcionamiento de la generaci\u00f3n en el sector residencial, comercial y de peque\u00f1as industrias y, por \u00faltimo, se presenta el tratamiento regulatorio que actualmente se le da a la importaci\u00f3n y exportaci\u00f3n de energ\u00eda el\u00e9ctrica.[\/vc_column_text][vc_row_inner][vc_column_inner width=\u00bb1\/2&#8243;][vc_btn title=\u00bbAnterior\u00bb color=\u00bbgreen\u00bb align=\u00bbleft\u00bb i_icon_fontawesome=\u00bbfa fa-chevron-left\u00bb add_icon=\u00bbtrue\u00bb link=\u00bburl:https%3A%2F%2Fmercadoernc.minenergia.cl%2F%3Fpage_id%3D632|||\u00bb][\/vc_column_inner][vc_column_inner width=\u00bb1\/2&#8243;][vc_btn title=\u00bbSiguiente\u00bb color=\u00bbgreen\u00bb align=\u00bbright\u00bb i_icon_fontawesome=\u00bbfa fa-chevron-right\u00bb add_icon=\u00bbtrue\u00bb link=\u00bburl:https%3A%2F%2Fmercadoernc.minenergia.cl%2F%3Fpage_id%3D653|||\u00bb][\/vc_column_inner][\/vc_row_inner][\/vc_column][\/vc_row]<\/p>\n","protected":false},"excerpt":{"rendered":"<p>[vc_row][vc_column width=\u00bb1\/4&#8243;][vc_tta_accordion active_section=\u00bb1&#8243; collapsible_all=\u00bbtrue\u00bb][vc_tta_section i_icon_fontawesome=\u00bbfa fa-plus\u00bb add_icon=\u00bbtrue\u00bb title=\u00bbMercado El\u00e9ctrico\u00bb tab_id=\u00bb1638301435753-23cc2bbd-a29d\u00bb][vc_column_text] 3. Funcionamiento del mercado el\u00e9ctrico chileno 3.1 Fundamento econ\u00f3mico 3.2 Modelo del mercado el\u00e9ctrico 3.3 El mercado spot 3.4 Mercado de contratos 3.5 Suficiencia y seguridad 3.6 Ley de Facturaci\u00f3n Neta 3.7 Importaci\u00f3n \/ exportaci\u00f3n [\/vc_column_text][\/vc_tta_section][\/vc_tta_accordion][\/vc_column][vc_column width=\u00bb3\/4&#8243;][vc_single_image image=\u00bb1894&#8243; img_size=\u00bbfull\u00bb alignment=\u00bbcenter\u00bb style=\u00bbvc_box_rounded\u00bb][vc_column_text] 3. Funcionamiento del mercado [&hellip;]<\/p>\n","protected":false},"author":3,"featured_media":0,"parent":0,"menu_order":0,"comment_status":"closed","ping_status":"closed","template":"","meta":{"_acf_changed":false,"footnotes":""},"class_list":["post-651","page","type-page","status-publish","hentry"],"acf":[],"_links":{"self":[{"href":"https:\/\/mercadoernc.minenergia.cl\/index.php?rest_route=\/wp\/v2\/pages\/651","targetHints":{"allow":["GET"]}}],"collection":[{"href":"https:\/\/mercadoernc.minenergia.cl\/index.php?rest_route=\/wp\/v2\/pages"}],"about":[{"href":"https:\/\/mercadoernc.minenergia.cl\/index.php?rest_route=\/wp\/v2\/types\/page"}],"author":[{"embeddable":true,"href":"https:\/\/mercadoernc.minenergia.cl\/index.php?rest_route=\/wp\/v2\/users\/3"}],"replies":[{"embeddable":true,"href":"https:\/\/mercadoernc.minenergia.cl\/index.php?rest_route=%2Fwp%2Fv2%2Fcomments&post=651"}],"version-history":[{"count":4,"href":"https:\/\/mercadoernc.minenergia.cl\/index.php?rest_route=\/wp\/v2\/pages\/651\/revisions"}],"predecessor-version":[{"id":4171,"href":"https:\/\/mercadoernc.minenergia.cl\/index.php?rest_route=\/wp\/v2\/pages\/651\/revisions\/4171"}],"wp:attachment":[{"href":"https:\/\/mercadoernc.minenergia.cl\/index.php?rest_route=%2Fwp%2Fv2%2Fmedia&parent=651"}],"curies":[{"name":"wp","href":"https:\/\/api.w.org\/{rel}","templated":true}]}}