{"id":628,"date":"2018-06-25T21:03:40","date_gmt":"2018-06-25T21:03:40","guid":{"rendered":"https:\/\/mercadoernc.minenergia.cl\/?page_id=628"},"modified":"2021-11-30T19:35:22","modified_gmt":"2021-11-30T19:35:22","slug":"2-5-sistemas-de-almacenamiento","status":"publish","type":"page","link":"https:\/\/mercadoernc.minenergia.cl\/?page_id=628","title":{"rendered":"2.5 Sistemas de almacenamiento"},"content":{"rendered":"<p>[vc_row][vc_column width=\u00bb1\/4&#8243;][vc_tta_accordion active_section=\u00bb1&#8243; collapsible_all=\u00bbtrue\u00bb][vc_tta_section i_icon_fontawesome=\u00bbfa fa-plus\u00bb add_icon=\u00bbtrue\u00bb title=\u00bbSector El\u00e9ctrico\u00bb tab_id=\u00bb1638300821523-83dd263b-de73&#8243;][vc_column_text]<\/p>\n<ul>\n<li style=\"text-align: left;\"><span class=\"outer\"><span class=\"inner\"><a href=\"https:\/\/mercadoernc.minenergia.cl\/?page_id=117\" rel=\"noopener\">2. Descripci\u00f3n general del sector el\u00e9ctrico chileno<\/a><\/span><\/span><\/li>\n<li style=\"text-align: left;\"><span class=\"outer\"><span class=\"inner\"><a href=\"https:\/\/mercadoernc.minenergia.cl\/?page_id=121\" rel=\"noopener\">2.1 Sistemas el\u00e9ctricos<\/a><\/span><\/span><span class=\"outer\"><span class=\"inner\"><br \/>\n<\/span><\/span><\/li>\n<li style=\"text-align: left;\"><a href=\"https:\/\/mercadoernc.minenergia.cl\/?page_id=127\" rel=\"noopener\">2.2 Oferta de energ\u00eda el\u00e9ctrica<\/a><\/li>\n<li style=\"text-align: left;\"><a href=\"https:\/\/mercadoernc.minenergia.cl\/?page_id=361\" rel=\"noopener\">2.3 Consumo y clientes<\/a><\/li>\n<li style=\"text-align: left;\"><a href=\"https:\/\/mercadoernc.minenergia.cl\/?page_id=387\" rel=\"noopener\">2.4 Sistemas de transmisi\u00f3n y distribuci\u00f3n<\/a><\/li>\n<li style=\"text-align: left;\"><span class=\"outer\"><span class=\"inner\"><a href=\"https:\/\/mercadoernc.minenergia.cl\/?page_id=628\" rel=\"noopener\">2.5 Sistemas de almacenamiento<\/a><\/span><\/span><\/li>\n<li style=\"text-align: left;\"><a href=\"https:\/\/mercadoernc.minenergia.cl\/?page_id=632\" rel=\"noopener\">2.6 Marco institucional del sector el\u00e9ctrico<\/a><\/li>\n<\/ul>\n<p>[\/vc_column_text][\/vc_tta_section][\/vc_tta_accordion][\/vc_column][vc_column width=\u00bb3\/4&#8243;][vc_column_text]<\/p>\n<h1>2.5 Sistemas de almacenamiento<\/h1>\n<p>La Ley 20.936 de 2016 agreg\u00f3 por primera vez en la legislaci\u00f3n chilena aspectos referentes al almacenamiento de energ\u00eda, incluyendo a los Sistemas de Almacenamiento de Energ\u00eda a la lista de coordinados del SEN. La definici\u00f3n que se presenta respecto de los sistemas de almacenamiento es la siguiente:<\/p>\n<blockquote><p>\u201cEquipamiento tecnol\u00f3gico capaz de retirar energ\u00eda desde el sistema el\u00e9ctrico, transformarla en otro tipo de energ\u00eda (qu\u00edmica, potencial, t\u00e9rmica, entre otras) y almacenarla con el objetivo de, mediante una transformaci\u00f3n inversa, inyectarla nuevamente al sistema el\u00e9ctrico, contribuyendo con la seguridad, suficiencia o eficiencia econ\u00f3mica del sistema\u201d.<\/p><\/blockquote>\n<p>En general, los sistemas de almacenamiento son categorizados por el tipo de energ\u00eda que almacenan, tales como: electroqu\u00edmica, mec\u00e1nica, el\u00e9ctrica y t\u00e9rmica. La Figura 11 muestra los principales tipos de energ\u00edas y tecnolog\u00edas de almacenamiento.<\/p>\n<p><img loading=\"lazy\" decoding=\"async\" class=\"aligncenter wp-image-3585 \" src=\"https:\/\/mercadoernc.minenergia.cl\/wp-content\/uploads\/2021\/10\/Figura-11-e1633461439538-1024x516.png\" alt=\"\" width=\"621\" height=\"313\" srcset=\"https:\/\/mercadoernc.minenergia.cl\/wp-content\/uploads\/2021\/10\/Figura-11-e1633461439538-1024x516.png 1024w, https:\/\/mercadoernc.minenergia.cl\/wp-content\/uploads\/2021\/10\/Figura-11-e1633461439538-300x151.png 300w, https:\/\/mercadoernc.minenergia.cl\/wp-content\/uploads\/2021\/10\/Figura-11-e1633461439538-768x387.png 768w, https:\/\/mercadoernc.minenergia.cl\/wp-content\/uploads\/2021\/10\/Figura-11-e1633461439538-660x333.png 660w, https:\/\/mercadoernc.minenergia.cl\/wp-content\/uploads\/2021\/10\/Figura-11-e1633461439538.png 1426w\" sizes=\"auto, (max-width: 621px) 100vw, 621px\" \/>Otra forma de caracterizar a las distintas tecnolog\u00edas de almacenamiento es por su capacidad de almacenamiento de energ\u00eda y potencia. De esta manera se diferencian tecnolog\u00edas que son capaces de almacenar grandes cantidades de energ\u00eda y con alta capacidad de inyecci\u00f3n de potencia como las bater\u00edas de Carnot <span class=\"tooltips \" style=\"\" title=\"Fuente: &lt;a href=&quot;https:\/\/www.4echile.cl\/publicaciones\/reconversion-de-centrales-a-carbon-en-plantas-de-almacenamiento-termico-con-energia-renovable-en-chile\/&quot; target=&quot;_blank&quot; rel=&quot;noopener&quot;&gt;Reconversi\u00f3n de centrales a carb\u00f3n en plantas de almacenamiento t\u00e9rmico con energ\u00eda renovable en Chile&lt;\/a&gt;. GIZ\"><span style=\"color: #3366ff; cursor: pointer;\">[22]<\/span><\/span>. de tecnolog\u00edas de menor tama\u00f1o con menor capacidad de almacenamiento como las bater\u00edas de litio.\u00a0La\u00a0 Figura 12 muestra los tipos de tecnolog\u00eda distribuidas seg\u00fan capacidad de almacenamiento y potencia. Las l\u00edneas rojas refieren a la capacidad de regulaci\u00f3n t\u00edpica de dichas tecnolog\u00edas. Es decir, cuanto tiempo pueden mantener la inyecci\u00f3n de potencia m\u00e1xima utilizando la energ\u00eda almacenada previamente.<\/p>\n<p><img loading=\"lazy\" decoding=\"async\" class=\"aligncenter wp-image-3587\" src=\"https:\/\/mercadoernc.minenergia.cl\/wp-content\/uploads\/2021\/10\/Figura-12-1024x622.png\" alt=\"\" width=\"598\" height=\"363\" srcset=\"https:\/\/mercadoernc.minenergia.cl\/wp-content\/uploads\/2021\/10\/Figura-12-1024x622.png 1024w, https:\/\/mercadoernc.minenergia.cl\/wp-content\/uploads\/2021\/10\/Figura-12-300x182.png 300w, https:\/\/mercadoernc.minenergia.cl\/wp-content\/uploads\/2021\/10\/Figura-12-768x466.png 768w, https:\/\/mercadoernc.minenergia.cl\/wp-content\/uploads\/2021\/10\/Figura-12-660x401.png 660w, https:\/\/mercadoernc.minenergia.cl\/wp-content\/uploads\/2021\/10\/Figura-12.png 1528w\" sizes=\"auto, (max-width: 598px) 100vw, 598px\" \/>El reglamento D.S. N\u00b0125 de 2019 de la Coordinaci\u00f3n y Operaci\u00f3n del SEN establece las disposiciones para integrar a los sistemas de almacenamiento y centrales con almacenamiento por bombeo en la programaci\u00f3n y operaci\u00f3n del sistema. Este reglamento les permite a los sistemas de almacenamiento destinarse a la prestaci\u00f3n de SSCC, al arbitraje de precios o a la incorporaci\u00f3n como infraestructura asociada a sistemas de transmisi\u00f3n.<\/p>\n<p>Los dos modos de operaci\u00f3n de estos sistemas son el de retiro y el de inyecci\u00f3n:<\/p>\n<ul>\n<li>En el modo retiro se transforma la energ\u00eda el\u00e9ctrica retirada desde el sistema el\u00e9ctrico, en otro tipo de energ\u00eda para su almacenamiento.<\/li>\n<li>En el modo inyecci\u00f3n se transforma la energ\u00eda previamente almacenada, proveniente de retiros de energ\u00eda para almacenamiento, en energ\u00eda el\u00e9ctrica para su inyecci\u00f3n al sistema el\u00e9ctrico.<\/li>\n<\/ul>\n<p>Con respecto a los retiros, el Coordinador y el operador del sistema de almacenamiento deber\u00e1 proponer programas de retiros, el del Coordinador ser\u00e1 considerado eficiente mientras el otro determinar\u00e1 el programa de retiros definitivo. En la operaci\u00f3n real se calificar\u00e1n como horas que no contribuyen a la operaci\u00f3n econ\u00f3mica y segura del sistema, aquellas horas en que la instalaci\u00f3n respectiva haya implicado un mayor nivel de retiro horario de potencia que el definido en el se\u00f1alado programa eficiente para dicha hora.<\/p>\n<p>La Ley 20.936 establece que los retiros efectuados en el proceso de almacenamiento no estar\u00e1n sujetos a los cargos asociados a los clientes finales, ni a la obligaci\u00f3n de acreditar que al menos un porcentaje de estos provienen de fuentes renovables.<\/p>\n<p>Con respecto al modo inyecci\u00f3n, el Coordinador deber\u00e1 optar por una de las siguientes metodolog\u00edas:<\/p>\n<ul>\n<li>Considerar la inyecci\u00f3n en el listado de prioridad con un costo variable determinado por el Coordinador; o<\/li>\n<li>Determinar la colocaci\u00f3n de la energ\u00eda almacenada en el almacenamiento, o en un determinado horizonte de tiempo, minimizando el costo total de operaci\u00f3n y falla, y preservando la seguridad del sistema. El costo asignado a la energ\u00eda almacenada no debe ser menor al costo variable referido en el punto anterior.<\/li>\n<\/ul>\n<p>El costo variable ser\u00e1 igual al cociente entre la valorizaci\u00f3n de energ\u00eda retirada desde el sistema el\u00e9ctrico, para el proceso de almacenamiento durante la ventana de valorizaci\u00f3n, al costo marginal de la barra de retiro respectiva, y la energ\u00eda retirada para almacenamiento en igual per\u00edodo, ajustado por un factor que refleje la totalidad de las p\u00e9rdidas de energ\u00eda en que se incurre en los procesos de retiro, almacenamiento e inyecci\u00f3n de la energ\u00eda.<\/p>\n<p>Los retiros e inyecciones de energ\u00eda realizados para el arbitraje de precios ser\u00e1n valorados al costo marginal de la barra correspondiente, de esta forma los sistemas de almacenamiento participan en el balance de energ\u00eda.<\/p>\n<p>Con respecto al mercado de SSCC, la Ley 20.936 es tecnol\u00f3gicamente neutra. Por lo tanto, cualquier instalaci\u00f3n que cumpla con los est\u00e1ndares exigidos para la provisi\u00f3n de cada tipo de servicio es un posible prestador. Actualmente existen sistema de almacenamiento habilitados para proveer control primario de frecuencia al SEN.<\/p>\n<p>En cuanto al mercado de contratos, se les permite a los sistemas de almacenamiento respaldar la oferta en licitaciones de energ\u00eda para clientes regulados. Lo anterior fue por primera vez permitido en las bases de la licitaci\u00f3n de energ\u00eda fechada para mayo del 2021 (la cual fue pospuesta pero no realizada). Dicha licitaci\u00f3n tiene como objeto subastar 2.310 GWh para abastecer las necesidades de energ\u00eda de los clientes regulados del SEN a partir del a\u00f1o 2026 por 15 a\u00f1os.<\/p>\n<p>No obstante, con respecto a la comercializaci\u00f3n de energ\u00eda con distribuidoras o clientes libres, los sistemas de almacenamiento no podr\u00e1n efectuar retiros de energ\u00eda para comercializar con estos.<\/p>\n<p>Por otra parte, el D. S. N\u00b037 de 2021 presenta lineamientos generales para incluir a los sistemas de almacenamiento en la planificaci\u00f3n del sistema de transmisi\u00f3n. Este establece que se podr\u00e1n incorporar sistemas de almacenamiento que permitan aumentar la capacidad segura de transmisi\u00f3n o suministrar la demanda de clientes finales donde, se verifique que una soluci\u00f3n a trav\u00e9s de alternativas convencionales de infraestructura de transmisi\u00f3n no resulte adecuada, ya sea por eficiencia econ\u00f3mica u oportunidad.<\/p>\n<p>Para efectos de lo anterior, s\u00f3lo podr\u00e1n formar parte de las carteras de proyectos de las distintas etapas de la planificaci\u00f3n de la transmisi\u00f3n, aquellos que posean las siguientes caracter\u00edsticas y prop\u00f3sitos:<\/p>\n<ul>\n<li>Sistemas de almacenamiento de energ\u00eda intensivos en potencia: aquellos cuyo prop\u00f3sito sea aumentar la capacidad segura de transmisi\u00f3n y cuyo cociente entre su capacidad de almacenamiento de energ\u00eda y su potencia nominal sea menor o igual a 0,5.<\/li>\n<li>Sistemas de almacenamiento de energ\u00eda intensivos en energ\u00eda: aquellos cuyo prop\u00f3sito sea permitir el abastecimiento de la demanda de una zona espec\u00edfica, perteneciente a alguno de los Sistemas de Transmisi\u00f3n Zonal, y cuyo cociente entre su capacidad de almacenamiento de energ\u00eda y su potencia nominal sea menor o igual a 5.<\/li>\n<\/ul>\n<p>Los sistemas de almacenamiento podr\u00e1n proveer otros servicios que sean compatibles con el servicio de transmisi\u00f3n requerido en el plan de expansi\u00f3n. Para esto el propietario podr\u00e1 construirlo con mayores niveles de potencia y energ\u00eda asumiendo su costo. La operaci\u00f3n que se haga de la proporci\u00f3n no adjudicada deber\u00e1 en todo momento, permitir la prestaci\u00f3n de los servicios de transmisi\u00f3n requeridos en el plan de expansi\u00f3n. El dise\u00f1o del sistema que se adjudique deber\u00e1 ser de tal forma que su operaci\u00f3n no imponga restricciones sobre el sistema de transmisi\u00f3n que requiera de inversiones adicionales.<\/p>\n<p>En cuanto a centrales renovables con capacidad de almacenamiento, el D.S. N\u00b0125 de 2019 define c\u00f3mo deber\u00e1n ser integradas estas tecnolog\u00edas a la coordinaci\u00f3n de la operaci\u00f3n. La definici\u00f3n que se presenta es la siguiente:<\/p>\n<blockquote><p><em>\u201cCentral de generaci\u00f3n renovable que utiliza recursos primarios variables, compuesta por una componente de generaci\u00f3n y una componente de almacenamiento, ambas con el mismo punto de conexi\u00f3n al sistema el\u00e9ctrico. La componente de generaci\u00f3n corresponde al equipamiento tecnol\u00f3gico para transformar energ\u00eda primaria en energ\u00eda el\u00e9ctrica, en tanto la componente de almacenamiento es aquel equipamiento capaz de transformar la energ\u00eda el\u00e9ctrica producida por la componente de generaci\u00f3n, en otro tipo de energ\u00eda y almacenarla con el objetivo de, mediante una transformaci\u00f3n inversa, inyectarla al sistema el\u00e9ctrico.\u201d<\/em><\/p><\/blockquote>\n<p>A diferencia de los sistemas de almacenamiento, estas centrales no deber\u00e1n realizar retiros del sistema para almacenar energ\u00eda, ya que el proceso de almacenamiento se realizar\u00e1 exclusivamente con aportes de energ\u00eda de su propia generaci\u00f3n. A menos que por motivos de seguridad el Coordinador instruya dicha acci\u00f3n. Otro gran contraste es que estas s\u00ed pueden comercializar energ\u00eda con clientes libres o distribuidoras. Esta acci\u00f3n no es posible para los propietarios de sistemas de almacenamiento sin generaci\u00f3n propia.<\/p>\n<p>Por otra parte, es reconocida la capacidad de gesti\u00f3n temporal de la energ\u00eda con que cuentan las centrales renovables con capacidad de almacenamiento, en la remuneraci\u00f3n del mercado de capacidad. Por lo tanto, una central renovable puede aumentar su reconocimiento de aporte a la suficiencia del sistema agregando un sistema de almacenamiento a su planta generadora.[\/vc_column_text][vc_row_inner][vc_column_inner width=\u00bb1\/2&#8243;][vc_btn title=\u00bbAnterior\u00bb color=\u00bbgreen\u00bb align=\u00bbleft\u00bb i_icon_fontawesome=\u00bbfa fa-chevron-left\u00bb add_icon=\u00bbtrue\u00bb link=\u00bburl:https%3A%2F%2Fmercadoernc.minenergia.cl%2F%3Fpage_id%3D387|||\u00bb][\/vc_column_inner][vc_column_inner width=\u00bb1\/2&#8243;][vc_btn title=\u00bbSiguiente\u00bb color=\u00bbgreen\u00bb align=\u00bbright\u00bb i_align=\u00bbright\u00bb i_icon_fontawesome=\u00bbfa fa-chevron-right\u00bb add_icon=\u00bbtrue\u00bb link=\u00bburl:https%3A%2F%2Fmercadoernc.minenergia.cl%2F%3Fpage_id%3D632|||\u00bb][\/vc_column_inner][\/vc_row_inner][\/vc_column][\/vc_row]<\/p>\n","protected":false},"excerpt":{"rendered":"<p>[vc_row][vc_column width=\u00bb1\/4&#8243;][vc_tta_accordion active_section=\u00bb1&#8243; collapsible_all=\u00bbtrue\u00bb][vc_tta_section i_icon_fontawesome=\u00bbfa fa-plus\u00bb add_icon=\u00bbtrue\u00bb title=\u00bbSector El\u00e9ctrico\u00bb tab_id=\u00bb1638300821523-83dd263b-de73&#8243;][vc_column_text] 2. Descripci\u00f3n general del sector el\u00e9ctrico chileno 2.1 Sistemas el\u00e9ctricos 2.2 Oferta de energ\u00eda el\u00e9ctrica 2.3 Consumo y clientes 2.4 Sistemas de transmisi\u00f3n y distribuci\u00f3n 2.5 Sistemas de almacenamiento 2.6 Marco institucional del sector el\u00e9ctrico [\/vc_column_text][\/vc_tta_section][\/vc_tta_accordion][\/vc_column][vc_column width=\u00bb3\/4&#8243;][vc_column_text] 2.5 Sistemas de almacenamiento La Ley 20.936 de [&hellip;]<\/p>\n","protected":false},"author":3,"featured_media":0,"parent":117,"menu_order":0,"comment_status":"closed","ping_status":"closed","template":"","meta":{"_acf_changed":false,"footnotes":""},"class_list":["post-628","page","type-page","status-publish","hentry"],"acf":[],"_links":{"self":[{"href":"https:\/\/mercadoernc.minenergia.cl\/index.php?rest_route=\/wp\/v2\/pages\/628","targetHints":{"allow":["GET"]}}],"collection":[{"href":"https:\/\/mercadoernc.minenergia.cl\/index.php?rest_route=\/wp\/v2\/pages"}],"about":[{"href":"https:\/\/mercadoernc.minenergia.cl\/index.php?rest_route=\/wp\/v2\/types\/page"}],"author":[{"embeddable":true,"href":"https:\/\/mercadoernc.minenergia.cl\/index.php?rest_route=\/wp\/v2\/users\/3"}],"replies":[{"embeddable":true,"href":"https:\/\/mercadoernc.minenergia.cl\/index.php?rest_route=%2Fwp%2Fv2%2Fcomments&post=628"}],"version-history":[{"count":16,"href":"https:\/\/mercadoernc.minenergia.cl\/index.php?rest_route=\/wp\/v2\/pages\/628\/revisions"}],"predecessor-version":[{"id":4164,"href":"https:\/\/mercadoernc.minenergia.cl\/index.php?rest_route=\/wp\/v2\/pages\/628\/revisions\/4164"}],"up":[{"embeddable":true,"href":"https:\/\/mercadoernc.minenergia.cl\/index.php?rest_route=\/wp\/v2\/pages\/117"}],"wp:attachment":[{"href":"https:\/\/mercadoernc.minenergia.cl\/index.php?rest_route=%2Fwp%2Fv2%2Fmedia&parent=628"}],"curies":[{"name":"wp","href":"https:\/\/api.w.org\/{rel}","templated":true}]}}