{"id":42,"date":"2018-05-17T15:45:53","date_gmt":"2018-05-17T15:45:53","guid":{"rendered":"https:\/\/mercadoernc.minenergia.cl\/?page_id=42"},"modified":"2021-11-17T18:35:00","modified_gmt":"2021-11-17T18:35:00","slug":"objetivo-y-alcance","status":"publish","type":"page","link":"https:\/\/mercadoernc.minenergia.cl\/?page_id=42","title":{"rendered":"1.2 Objetivo y alcance"},"content":{"rendered":"<p>[vc_row][vc_column width=\u00bb1\/4&#8243;][vc_tta_accordion][vc_tta_section i_icon_fontawesome=\u00bbfa fa-plus\u00bb add_icon=\u00bbtrue\u00bb title=\u00bbIntroducci\u00f3n\u00bb tab_id=\u00bb1637174034273-2e567d40-b842&#8243;][vc_column_text]<\/p>\n<ul>\n<li><span class=\"outer\"><span class=\"inner\"><a href=\"\/?page_id=36\" rel=\"noopener\">1.1 Motivaci\u00f3n y justificaci\u00f3n<\/a><\/span><\/span><\/li>\n<li><span class=\"outer\"><span class=\"inner\"><a href=\"\/?page_id=42\" rel=\"noopener\">1.2 Objetivo y alcance<\/a><\/span><\/span><\/li>\n<li><span class=\"outer\"><span class=\"inner\"><a href=\"\/?page_id=75\" rel=\"noopener\">1.3 Estructura del documento<\/a><\/span><\/span><\/li>\n<\/ul>\n<p>[\/vc_column_text][\/vc_tta_section][\/vc_tta_accordion][vc_widget_sidebar sidebar_id=\u00bbcs-1&#8243;][\/vc_column][vc_column width=\u00bb3\/4&#8243;][vc_column_text]<\/p>\n<h1>1.2 Objetivo y alcance<\/h1>\n<p>Debido a las caracter\u00edsticas propias del modelo de mercado el\u00e9ctrico chileno y de los cambios regulatorios asociados al sector el\u00e9ctrico y las ERNC, se reconoce la necesidad de contar con una publicaci\u00f3n actualizada sobre el mercado el\u00e9ctrico en Chile desde la perspectiva de las energ\u00edas renovables no convencionales. M\u00e1s a\u00fan, luego de un importante n\u00famero de modificaciones legales realizadas en los \u00faltimos a\u00f1os y en especial durante 2015 y 2016, cambiando aspectos fundamentales para la integraci\u00f3n, evaluaci\u00f3n, desarrollo y operaci\u00f3n de proyectos ERNC. Por ello, en este documento se actualizan todos los contenidos, incluyendo los \u00faltimos cambios regulatorios, destacando su impacto en las ERNC.<\/p>\n<p>El presente documento tiene como prop\u00f3sito contribuir al proceso de desarrollo e integraci\u00f3n descrito en la secci\u00f3n anterior, entregando un an\u00e1lisis de distintos aspectos relevantes para el desarrollo de proyectos ERNC desde la visi\u00f3n de un inversionista, tanto extranjero como nacional. Se busca entregar una descripci\u00f3n y an\u00e1lisis integral del mercado el\u00e9ctrico chileno, para orientar sobre los fundamentos legales y regulatorios, las oportunidades de negocio, las obligaciones y riesgos asociados a la participaci\u00f3n en el mercado, y los aspectos operativos, incluyendo tambi\u00e9n los costos y remuneraciones. Cabe se\u00f1alar que el documento no profundiza en aspectos de evaluaci\u00f3n del potencial de los recursos naturales, selecci\u00f3n de tecnolog\u00edas y esquemas de financiamiento. De igual manera, es importante aclarar que el alcance de este documento comprende la integraci\u00f3n y operaci\u00f3n en el mercado de las ERNC en el SEN, el cual est\u00e1 conformado por los antiguos sistemas SIC y SING. En cuanto a los otros sistemas de menor tama\u00f1o, estos operan bajo un r\u00e9gimen econ\u00f3mico diferente.<\/p>\n<p>De esta forma, el documento pretende orientar a los potenciales desarrolladores de proyectos ERNC y otros interesados que no necesariamente tienen un conocimiento profundo de la operaci\u00f3n y funcionamiento del sistema el\u00e9ctrico en Chile.[\/vc_column_text][vc_row_inner][vc_column_inner width=\u00bb1\/2&#8243;][vc_btn title=\u00bbAnterior\u00bb color=\u00bbgreen\u00bb align=\u00bbleft\u00bb i_icon_fontawesome=\u00bbfa fa-chevron-left\u00bb add_icon=\u00bbtrue\u00bb link=\u00bburl:http%3A%2F%2Fmercadoernc.minenergia.cl%2F%3Fpage_id%3D36|||\u00bb][\/vc_column_inner][vc_column_inner width=\u00bb1\/2&#8243;][vc_btn title=\u00bbSiguiente\u00bb color=\u00bbgreen\u00bb align=\u00bbright\u00bb i_align=\u00bbright\u00bb i_icon_fontawesome=\u00bbfa fa-chevron-right\u00bb add_icon=\u00bbtrue\u00bb link=\u00bburl:http%3A%2F%2Fmercadoernc.minenergia.cl%2F%3Fpage_id%3D75|||\u00bb][\/vc_column_inner][\/vc_row_inner][\/vc_column][\/vc_row]<\/p>\n","protected":false},"excerpt":{"rendered":"<p>[vc_row][vc_column width=\u00bb1\/4&#8243;][vc_tta_accordion][vc_tta_section i_icon_fontawesome=\u00bbfa fa-plus\u00bb add_icon=\u00bbtrue\u00bb title=\u00bbIntroducci\u00f3n\u00bb tab_id=\u00bb1637174034273-2e567d40-b842&#8243;][vc_column_text] 1.1 Motivaci\u00f3n y justificaci\u00f3n 1.2 Objetivo y alcance 1.3 Estructura del documento [\/vc_column_text][\/vc_tta_section][\/vc_tta_accordion][vc_widget_sidebar sidebar_id=\u00bbcs-1&#8243;][\/vc_column][vc_column width=\u00bb3\/4&#8243;][vc_column_text] 1.2 Objetivo y alcance Debido a las caracter\u00edsticas propias del modelo de mercado el\u00e9ctrico chileno y de los cambios regulatorios asociados al sector el\u00e9ctrico y las ERNC, se reconoce la necesidad de contar [&hellip;]<\/p>\n","protected":false},"author":3,"featured_media":0,"parent":20,"menu_order":0,"comment_status":"closed","ping_status":"closed","template":"","meta":{"_acf_changed":false,"footnotes":""},"class_list":["post-42","page","type-page","status-publish","hentry"],"acf":[],"_links":{"self":[{"href":"https:\/\/mercadoernc.minenergia.cl\/index.php?rest_route=\/wp\/v2\/pages\/42","targetHints":{"allow":["GET"]}}],"collection":[{"href":"https:\/\/mercadoernc.minenergia.cl\/index.php?rest_route=\/wp\/v2\/pages"}],"about":[{"href":"https:\/\/mercadoernc.minenergia.cl\/index.php?rest_route=\/wp\/v2\/types\/page"}],"author":[{"embeddable":true,"href":"https:\/\/mercadoernc.minenergia.cl\/index.php?rest_route=\/wp\/v2\/users\/3"}],"replies":[{"embeddable":true,"href":"https:\/\/mercadoernc.minenergia.cl\/index.php?rest_route=%2Fwp%2Fv2%2Fcomments&post=42"}],"version-history":[{"count":3,"href":"https:\/\/mercadoernc.minenergia.cl\/index.php?rest_route=\/wp\/v2\/pages\/42\/revisions"}],"predecessor-version":[{"id":3954,"href":"https:\/\/mercadoernc.minenergia.cl\/index.php?rest_route=\/wp\/v2\/pages\/42\/revisions\/3954"}],"up":[{"embeddable":true,"href":"https:\/\/mercadoernc.minenergia.cl\/index.php?rest_route=\/wp\/v2\/pages\/20"}],"wp:attachment":[{"href":"https:\/\/mercadoernc.minenergia.cl\/index.php?rest_route=%2Fwp%2Fv2%2Fmedia&parent=42"}],"curies":[{"name":"wp","href":"https:\/\/api.w.org\/{rel}","templated":true}]}}