{"id":127,"date":"2018-05-22T16:48:38","date_gmt":"2018-05-22T16:48:38","guid":{"rendered":"https:\/\/mercadoernc.minenergia.cl\/?page_id=127"},"modified":"2021-12-01T18:26:29","modified_gmt":"2021-12-01T18:26:29","slug":"oferta-de-energia-electrica","status":"publish","type":"page","link":"https:\/\/mercadoernc.minenergia.cl\/?page_id=127","title":{"rendered":"2.2 Oferta de energ\u00eda el\u00e9ctrica"},"content":{"rendered":"<p>[vc_row][vc_column width=\u00bb1\/4&#8243;][vc_tta_accordion active_section=\u00bb1&#8243; collapsible_all=\u00bbtrue\u00bb][vc_tta_section i_icon_fontawesome=\u00bbfa fa-plus\u00bb add_icon=\u00bbtrue\u00bb title=\u00bbSector El\u00e9ctrico\u00bb tab_id=\u00bb1638300498825-23ff1eae-f3df\u00bb][vc_column_text]<\/p>\n<ul>\n<li style=\"text-align: left;\"><span class=\"outer\"><span class=\"inner\"><a href=\"https:\/\/mercadoernc.minenergia.cl\/?page_id=117\" rel=\"noopener\">2. Descripci\u00f3n general del sector el\u00e9ctrico chileno<\/a><\/span><\/span><\/li>\n<li style=\"text-align: left;\"><span class=\"outer\"><span class=\"inner\"><a href=\"https:\/\/mercadoernc.minenergia.cl\/?page_id=121\" rel=\"noopener\">2.1 Sistemas el\u00e9ctricos<\/a><\/span><\/span><span class=\"outer\"><span class=\"inner\"><br \/>\n<\/span><\/span><\/li>\n<li style=\"text-align: left;\"><a href=\"https:\/\/mercadoernc.minenergia.cl\/?page_id=127\" rel=\"noopener\">2.2 Oferta de energ\u00eda el\u00e9ctrica<\/a><\/li>\n<li style=\"text-align: left;\"><a href=\"https:\/\/mercadoernc.minenergia.cl\/?page_id=361\" rel=\"noopener\">2.3 Consumo y clientes<\/a><\/li>\n<li style=\"text-align: left;\"><a href=\"https:\/\/mercadoernc.minenergia.cl\/?page_id=387\" rel=\"noopener\">2.4 Sistemas de transmisi\u00f3n y distribuci\u00f3n<\/a><\/li>\n<li style=\"text-align: left;\"><span class=\"outer\"><span class=\"inner\"><a href=\"https:\/\/mercadoernc.minenergia.cl\/?page_id=628\" rel=\"noopener\">2.5 Sistemas de almacenamiento<\/a><\/span><\/span><\/li>\n<li style=\"text-align: left;\"><a href=\"https:\/\/mercadoernc.minenergia.cl\/?page_id=632\" rel=\"noopener\">2.6 Marco institucional del sector el\u00e9ctrico<\/a><\/li>\n<\/ul>\n<p>[\/vc_column_text][\/vc_tta_section][\/vc_tta_accordion][\/vc_column][vc_column width=\u00bb3\/4&#8243;][vc_column_text]<\/p>\n<h1>2.2 Oferta de energ\u00eda el\u00e9ctrica<\/h1>\n<p>La Tabla 1 resume la capacidad instalada a diciembre de 2020 en cada uno de los sistemas se\u00f1alados arriba, desagregada en fuentes convencionales y energ\u00edas renovables no convencionales. A su vez, la Figura 2 muestra las capacidades instaladas de los sistemas a diciembre de 2020. Informaci\u00f3n actualizada sobre las estad\u00edsticas del sector el\u00e9ctrico nacional se puede encontrar en el sitio web de Energ\u00eda Abierta<span class=\"tooltips \" style=\"\" title=\"Fuente: &lt;a href=&quot;http:\/\/energiaabierta.cne.cl\/&quot; target=&quot;_blank&quot; rel=&quot;noopener&quot;&gt;Energia abierta&lt;\/a&gt;. CNE\"><span style=\"color: #3366ff; cursor: pointer;\">[4]<\/span><\/span>.<\/p>\n<p style=\"text-align: center;\"><strong><a name=\"tabla1\"><\/a><img loading=\"lazy\" decoding=\"async\" class=\"alignnone wp-image-3353 \" src=\"https:\/\/mercadoernc.minenergia.cl\/wp-content\/uploads\/2021\/08\/Tabla-1-300x186.png\" alt=\"\" width=\"452\" height=\"280\" srcset=\"https:\/\/mercadoernc.minenergia.cl\/wp-content\/uploads\/2021\/08\/Tabla-1-300x186.png 300w, https:\/\/mercadoernc.minenergia.cl\/wp-content\/uploads\/2021\/08\/Tabla-1-660x408.png 660w, https:\/\/mercadoernc.minenergia.cl\/wp-content\/uploads\/2021\/08\/Tabla-1.png 750w\" sizes=\"auto, (max-width: 452px) 100vw, 452px\" \/><\/strong><\/p>\n<p style=\"text-align: center;\"><strong><img loading=\"lazy\" decoding=\"async\" class=\"alignnone wp-image-3354 \" src=\"https:\/\/mercadoernc.minenergia.cl\/wp-content\/uploads\/2021\/08\/Figura-2-257x300.png\" alt=\"\" width=\"483\" height=\"564\" srcset=\"https:\/\/mercadoernc.minenergia.cl\/wp-content\/uploads\/2021\/08\/Figura-2-257x300.png 257w, https:\/\/mercadoernc.minenergia.cl\/wp-content\/uploads\/2021\/08\/Figura-2-660x771.png 660w, https:\/\/mercadoernc.minenergia.cl\/wp-content\/uploads\/2021\/08\/Figura-2.png 680w\" sizes=\"auto, (max-width: 483px) 100vw, 483px\" \/><\/strong><\/p>\n<p style=\"text-align: center;\">Fuente: Reporte mensual CNE. Enero 2021. CNE<\/p>\n<p>La oferta de generaci\u00f3n, expresada tanto en t\u00e9rminos de capacidad instalada como de aporte de energ\u00eda en el sector el\u00e9ctrico chileno se presenta en esta secci\u00f3n y est\u00e1 dada fundamentalmente por las inversiones que realizan los agentes y empresas privadas. \u00daltimamente, esta oferta se ha ido expandiendo aceleradamente de la mano de proyectos ERNC. Desde el a\u00f1o 2014, la tecnolog\u00eda solar fotovoltaica ha aumentado considerablemente su capacidad instalada, principalmente debido al gran recurso solar presente en el norte del pa\u00eds, los bajos costos de esta tecnolog\u00eda, los cambios regulatorios realizados para poder integrar estos nuevos recursos al sistema el\u00e9ctrico y la gesti\u00f3n de los terrenos fiscales para facilitar su instalaci\u00f3n<span class=\"tooltips \" style=\"\" title=\"Nota: Por ejemplo, durante el 2019 se entregaron 6.537 hect\u00e1reas para desarrollar proyectos de ERNC, lo que representa un aumento de 244,2% respecto de las 1.898 dispuestas el a\u00f1o anterior. El 67% de dichas concesiones vigentes para esos fines corresponde a iniciativas de generaci\u00f3n solar fotovoltaica. La facilitaci\u00f3n de los terrenos fiscales para el desarrollo de proyectos de energ\u00eda renovable se ha producido principalmente en el norte del pa\u00eds (Atacama hacia el norte). Adem\u00e1s, se reservar\u00e1 11.986 hect\u00e1reas en Diego de Almagro (Atacama) e incorporar\u00e1 nuevas \u00e1reas de reserva para proyectos de hidr\u00f3geno verde.\"><em><strong><span style=\"color: #3366ff; cursor: pointer;\">1<\/span><\/strong><\/em><\/span>. Por otro lado, se espera que las inversiones en generaci\u00f3n e\u00f3lica y solar contin\u00faen aumentando en los pr\u00f3ximos a\u00f1os.[\/vc_column_text][vc_tta_accordion active_section=\u00bb9&#8243; collapsible_all=\u00bbtrue\u00bb][vc_tta_section i_icon_fontawesome=\u00bbfa fa-compress\u00bb add_icon=\u00bbtrue\u00bb title=\u00bb2.2.1 Capacidad instalada\u00bb tab_id=\u00bbcapacidadinstalada\u00bb][vc_column_text]La expansi\u00f3n del parque de generaci\u00f3n el\u00e9ctrica nacional se presenta en la Figura 3 en t\u00e9rminos de capacidad instalada por sistema. El SEN representa aproximadamente un 99,3% y los sistemas medianos representan menos de un 0,7% del total de capacidad instalada del pa\u00eds. En promedio, la capacidad instalada el\u00e9ctrica nacional se ha incrementado en un 6,6% anual durante los \u00faltimos 15 a\u00f1os.<\/p>\n<h3 style=\"text-align: center;\">Figura 3: Evoluci\u00f3n de la capacidad instalada de generaci\u00f3n en Chile<\/h3>\n<h3 id=\"container\" style=\"width: 100%; height: 400px;\"><\/h3>\n<p style=\"text-align: center;\"><span style=\"color: #999999;\">Fuentes: Elaboraci\u00f3n propia a partir Anuario Estad\u00edstico de Energ\u00eda. CNE.<\/span><\/p>\n<p>Durante los \u00faltimos a\u00f1os se ha experimentado un importante aumento de la capacidad instalada ERNC, en especial solar y e\u00f3lica, desplazando a la biomasa y mini-hidr\u00e1ulica como principales fuentes ERNC del pa\u00eds. Es en especial la tecnolog\u00eda solar fotovoltaica la que ha visto el m\u00e1s r\u00e1pido ascenso, pues ha pasado de 230 MW instalados en el 2014 a&nbsp; 3205 MW a diciembre de 2020. Similarmente, existen 2149 MW e\u00f3licos instalados (v\u00e9ase Figura 4). &nbsp;Por otro lado, se espera que se incorporen 7557 MW solares y &nbsp;3422 MW e\u00f3licos en proyectos en pruebas y declarados en construcci\u00f3n durante 2021.<\/p>\n<p>El vertiginoso desarrollo solar se debe en parte a las muy buenas condiciones de este recurso que presenta el norte del pa\u00eds, con la radiaci\u00f3n m\u00e1s alta del mundo, disponibilidad de terrenos fiscales para su desarrollo, el bajo de costo de esta tecnolog\u00eda adem\u00e1s de las favorables condiciones econ\u00f3micas-sociales del pa\u00eds.<\/p>\n<h3 style=\"text-align: center;\"><strong>Figura 4: Evoluci\u00f3n de la capacidad instalada solar y e\u00f3lica&nbsp;<\/strong><\/h3>\n<h3 id=\"container2\" style=\"width: 100%; height: 400px;\"><\/h3>\n<p style=\"text-align: center;\"><span style=\"color: #999999;\">Fuente: Elaboraci\u00f3n propia a partir de informe de Capacidad instalada de Generaci\u00f3n y el Reporte Mensual ERNC. Enero 2021. CNE.<\/span><\/p>\n<p>[\/vc_column_text][\/vc_tta_section][vc_tta_section i_icon_fontawesome=\u00bbfa fa-compress\u00bb add_icon=\u00bbtrue\u00bb title=\u00bb2.2.2 Energ\u00eda generada\u00bb tab_id=\u00bbenergiagenerada\u00bb][vc_column_text]A pesar del crecimiento explosivo de las tecnolog\u00edas renovables no convencionales del \u00faltimo tiempo, la oferta de energ\u00eda el\u00e9ctrica en Chile todav\u00eda se compone fundamentalmente de fuentes de tipo convencional (v\u00e9ase la Figura 5). En t\u00e9rminos generales, en Chile una central se llama convencional cuando emplea tecnolog\u00edas tradicionales y que normalmente corresponden a soluciones t\u00e9cnicas y comercialmente muy maduras. En el caso de Chile, estas consideran las centrales termoel\u00e9ctricas a carb\u00f3n, ciclo combinado, motores di\u00e9sel, turbinas a gas\/petr\u00f3leo e hidroel\u00e9ctricas de embalse y pasada mayores a 20 MW. S\u00f3lo considerando las centrales t\u00e9rmicas (carb\u00f3n, gas natural y petr\u00f3leo di\u00e9sel, sumando 24%) y las hidr\u00e1ulicas (de embalse y de pasada, sumando 54%), la generaci\u00f3n convencional aporta con el 78% de la generaci\u00f3n nacional. Por otro lado, los medios de generaci\u00f3n renovables no convencionales corresponden a los que utilizan las siguientes fuentes de energ\u00eda primaria: biomasa, hidr\u00e1ulica menor a 20 MW, geot\u00e9rmica, solar, e\u00f3lica y del mar. Mayor detalle sobre estas tecnolog\u00edas y estad\u00edsticas de generaci\u00f3n se describen en la <a href=\"https:\/\/mercadoernc.minenergia.cl\/?page_id=704\" target=\"_blank\" rel=\"noopener\">secci\u00f3n 4<\/a>.<\/p>\n<h3 style=\"text-align: center;\"><strong>Figura 5: Generaci\u00f3n el\u00e9ctrica por tipo de tecnolog\u00eda<\/strong><\/h3>\n<div class=\"col-xs-12 col-md-12\">\n<div id=\"container5\"><\/div>\n<\/div>\n<div class=\"col-xs-12 col-md-12\">\n<div id=\"container4\"><\/div>\n<\/div>\n<div class=\"col-xs-12 col-md-12\">\n<div id=\"container3\"><\/div>\n<\/div>\n<p style=\"text-align: center;\"><span style=\"color: #999999;\">Fuente: Elaboraci\u00f3n propia a partir de Anuario Estad\u00edstico de Energ\u00eda. CNE.<\/span><\/p>\n<p>[\/vc_column_text][\/vc_tta_section][\/vc_tta_accordion][vc_row_inner][vc_column_inner width=\u00bb1\/2&#8243;][vc_btn title=\u00bbAnterior\u00bb color=\u00bbgreen\u00bb align=\u00bbleft\u00bb i_icon_fontawesome=\u00bbfa fa-chevron-left\u00bb add_icon=\u00bbtrue\u00bb link=\u00bburl:https%3A%2F%2Fmercadoernc.minenergia.cl%2F%3Fpage_id%3D121|||\u00bb][\/vc_column_inner][vc_column_inner width=\u00bb1\/2&#8243;][vc_btn title=\u00bbSiguiente\u00bb color=\u00bbgreen\u00bb align=\u00bbright\u00bb i_align=\u00bbright\u00bb i_icon_fontawesome=\u00bbfa fa-chevron-right\u00bb add_icon=\u00bbtrue\u00bb link=\u00bburl:https%3A%2F%2Fmercadoernc.minenergia.cl%2F%3Fpage_id%3D361|||\u00bb][\/vc_column_inner][\/vc_row_inner][\/vc_column][\/vc_row]<\/p>\n","protected":false},"excerpt":{"rendered":"<p>[vc_row][vc_column width=\u00bb1\/4&#8243;][vc_tta_accordion active_section=\u00bb1&#8243; collapsible_all=\u00bbtrue\u00bb][vc_tta_section i_icon_fontawesome=\u00bbfa fa-plus\u00bb add_icon=\u00bbtrue\u00bb title=\u00bbSector El\u00e9ctrico\u00bb tab_id=\u00bb1638300498825-23ff1eae-f3df\u00bb][vc_column_text] 2. Descripci\u00f3n general del sector el\u00e9ctrico chileno 2.1 Sistemas el\u00e9ctricos 2.2 Oferta de energ\u00eda el\u00e9ctrica 2.3 Consumo y clientes 2.4 Sistemas de transmisi\u00f3n y distribuci\u00f3n 2.5 Sistemas de almacenamiento 2.6 Marco institucional del sector el\u00e9ctrico [\/vc_column_text][\/vc_tta_section][\/vc_tta_accordion][\/vc_column][vc_column width=\u00bb3\/4&#8243;][vc_column_text] 2.2 Oferta de energ\u00eda el\u00e9ctrica La Tabla 1 [&hellip;]<\/p>\n","protected":false},"author":3,"featured_media":0,"parent":117,"menu_order":0,"comment_status":"closed","ping_status":"closed","template":"","meta":{"_acf_changed":false,"footnotes":""},"class_list":["post-127","page","type-page","status-publish","hentry"],"acf":[],"_links":{"self":[{"href":"https:\/\/mercadoernc.minenergia.cl\/index.php?rest_route=\/wp\/v2\/pages\/127","targetHints":{"allow":["GET"]}}],"collection":[{"href":"https:\/\/mercadoernc.minenergia.cl\/index.php?rest_route=\/wp\/v2\/pages"}],"about":[{"href":"https:\/\/mercadoernc.minenergia.cl\/index.php?rest_route=\/wp\/v2\/types\/page"}],"author":[{"embeddable":true,"href":"https:\/\/mercadoernc.minenergia.cl\/index.php?rest_route=\/wp\/v2\/users\/3"}],"replies":[{"embeddable":true,"href":"https:\/\/mercadoernc.minenergia.cl\/index.php?rest_route=%2Fwp%2Fv2%2Fcomments&post=127"}],"version-history":[{"count":65,"href":"https:\/\/mercadoernc.minenergia.cl\/index.php?rest_route=\/wp\/v2\/pages\/127\/revisions"}],"predecessor-version":[{"id":4255,"href":"https:\/\/mercadoernc.minenergia.cl\/index.php?rest_route=\/wp\/v2\/pages\/127\/revisions\/4255"}],"up":[{"embeddable":true,"href":"https:\/\/mercadoernc.minenergia.cl\/index.php?rest_route=\/wp\/v2\/pages\/117"}],"wp:attachment":[{"href":"https:\/\/mercadoernc.minenergia.cl\/index.php?rest_route=%2Fwp%2Fv2%2Fmedia&parent=127"}],"curies":[{"name":"wp","href":"https:\/\/api.w.org\/{rel}","templated":true}]}}