{"id":121,"date":"2018-05-22T16:35:57","date_gmt":"2018-05-22T16:35:57","guid":{"rendered":"https:\/\/mercadoernc.minenergia.cl\/?page_id=121"},"modified":"2021-11-30T19:26:50","modified_gmt":"2021-11-30T19:26:50","slug":"sistemas-electricos","status":"publish","type":"page","link":"https:\/\/mercadoernc.minenergia.cl\/?page_id=121","title":{"rendered":"2.1 Sistemas el\u00e9ctricos"},"content":{"rendered":"<p>[vc_row][vc_column width=\u00bb1\/4&#8243;][vc_tta_accordion active_section=\u00bb1&#8243; collapsible_all=\u00bbtrue\u00bb][vc_tta_section i_icon_fontawesome=\u00bbfa fa-plus\u00bb add_icon=\u00bbtrue\u00bb title=\u00bbSector El\u00e9ctrico\u00bb tab_id=\u00bb1638300137066-d825808a-e229&#8243;][vc_column_text]<\/p>\n<ul>\n<li style=\"text-align: left;\"><span class=\"outer\"><span class=\"inner\"><a href=\"https:\/\/mercadoernc.minenergia.cl\/?page_id=117\" rel=\"noopener\">2. Descripci\u00f3n general del sector el\u00e9ctrico chileno<\/a><\/span><\/span><\/li>\n<li style=\"text-align: left;\"><span class=\"outer\"><span class=\"inner\"><a href=\"https:\/\/mercadoernc.minenergia.cl\/?page_id=121\" rel=\"noopener\">2.1 Sistemas el\u00e9ctricos<\/a><\/span><\/span><span class=\"outer\"><span class=\"inner\"><br \/>\n<\/span><\/span><\/li>\n<li style=\"text-align: left;\"><a href=\"https:\/\/mercadoernc.minenergia.cl\/?page_id=127\" rel=\"noopener\">2.2 Oferta de energ\u00eda el\u00e9ctrica<\/a><\/li>\n<li style=\"text-align: left;\"><a href=\"https:\/\/mercadoernc.minenergia.cl\/?page_id=361\" rel=\"noopener\">2.3 Consumo y clientes<\/a><\/li>\n<li style=\"text-align: left;\"><a href=\"https:\/\/mercadoernc.minenergia.cl\/?page_id=387\" rel=\"noopener\">2.4 Sistemas de transmisi\u00f3n y distribuci\u00f3n<\/a><\/li>\n<li style=\"text-align: left;\"><span class=\"outer\"><span class=\"inner\"><a href=\"https:\/\/mercadoernc.minenergia.cl\/?page_id=628\" rel=\"noopener\">2.5 Sistemas de almacenamiento<\/a><\/span><\/span><\/li>\n<li style=\"text-align: left;\"><a href=\"https:\/\/mercadoernc.minenergia.cl\/?page_id=632\" rel=\"noopener\">2.6 Marco institucional del sector el\u00e9ctrico<\/a><\/li>\n<\/ul>\n<p>[\/vc_column_text][\/vc_tta_section][\/vc_tta_accordion][\/vc_column][vc_column width=\u00bb3\/4&#8243;][vc_column_text]<\/p>\n<h1>2.1 Sistemas el\u00e9ctricos<\/h1>\n<p>En la industria el\u00e9ctrica nacional participan empresas privadas tanto en el sector de generaci\u00f3n como de transmisi\u00f3n y distribuci\u00f3n. En la generaci\u00f3n, al igual como sucede en la mayor\u00eda de los sistemas a nivel internacional, el sector el\u00e9ctrico chileno tiene un alto nivel de concentraci\u00f3n de mercado. Es decir, pocas empresas tienen una participaci\u00f3n importante y liderazgo en el sector generaci\u00f3n. Sin embargo, los \u00faltimos cambios legales han sido especialmente relevantes para mitigar esta realidad. Los cambios regulatorios, descritos a lo largo de este libro y que se pueden encontrar cronol\u00f3gicamente ordenados en el Anexo 1, est\u00e1n permitiendo derribar una serie de barreras de entrada al sector generaci\u00f3n, sobre todo para la generaci\u00f3n renovable no convencional. Con ello, nuevas empresas han podido entrar al mercado y formar parte del SEN, ampliando la oferta, aumentando la competencia y reduciendo los precios del suministro.<\/p>\n<p>Un sistema el\u00e9ctrico es el conjunto de instalaciones de centrales el\u00e9ctricas generadoras, l\u00edneas de transporte, subestaciones el\u00e9ctricas y l\u00edneas de distribuci\u00f3n, interconectadas entre s\u00ed, que permite generar, transportar y distribuir energ\u00eda el\u00e9ctrica<span class=\"tooltips \" style=\"\" title=\"Fuente: Art\u00edculo 225\u00b0 Letra a), &lt;a href=&quot;https:\/\/www.bcn.cl\/leychile\/navegar?idNorma=258171&quot; target=&quot;_blank&quot; rel=&quot;noopener&quot;&gt;DFL N\u00b04&lt;\/a&gt;.\"><span style=\"color: #3366ff; cursor: pointer;\"><span style=\"color: #3366ff;\">[1<\/span><span style=\"color: #3366ff;\">]<\/span><\/span><\/span>. En Chile, estos sistemas interconectados se clasifican seg\u00fan su tama\u00f1o, por lo tanto, un sistema interconectado ser\u00e1 clasificado como Sistema El\u00e9ctrico Nacional si tiene una capacidad instalada de generaci\u00f3n igual o superior a 200 MW<span class=\"tooltips \" style=\"\" title=\"Fuente: Art\u00edculo 225\u00b0 , Letra b), &lt;a href=&quot;https:\/\/www.bcn.cl\/leychile\/navegar?idNorma=258171&quot; target=&quot;_blank&quot; rel=&quot;noopener&quot;&gt;DFL N\u00b04&lt;\/a&gt;.\"><span style=\"color: #3366ff; cursor: pointer;\"><span style=\"color: #3366ff;\">[2<\/span><span style=\"color: #3366ff;\">]<\/span><\/span><\/span>. Los sistemas medianos tienen una capacidad instalada superior a 1,5 MW e inferior a 200 MW<span class=\"tooltips \" style=\"\" title=\"Fuente: Art\u00edculo 173\u00b0, &lt;a href=&quot;https:\/\/www.bcn.cl\/leychile\/navegar?idNorma=258171&quot; target=&quot;_blank&quot; rel=&quot;noopener&quot;&gt;DFL N\u00b04&lt;\/a&gt;.\"><span style=\"color: #3366ff; cursor: pointer;\"><span style=\"color: #3366ff;\">[3<\/span><span style=\"color: #3366ff;\">]<\/span><\/span><\/span> y los peque\u00f1os, una capacidad instalada igual o inferior a 1,5 MW. Los principales sistemas el\u00e9ctricos chilenos son los siguientes: el Sistema El\u00e9ctrico Nacional (SEN), el Sistema El\u00e9ctrico de Ays\u00e9n y el Sistema El\u00e9ctrico de Magallanes. Estos sistemas se describen brevemente a continuaci\u00f3n:<\/p>\n<ul>\n<li>El Sistema El\u00e9ctrico Nacional (SEN): es el sistema nacional que abastece la zona norte y centro del pa\u00eds, desde Arica por el norte hasta la localidad de Quell\u00f3n por el sur. Este sistema se conform\u00f3 por la interconexi\u00f3n de dos sistemas realizada en noviembre de 2017: \u00a0el Sistema Interconectado del Norte Grande (SING) y el Sistema Interconectado Central (SIC). El SEN constituye el 99.31% de la capacidad total instalada del pa\u00eds.<\/li>\n<li>El Sistema El\u00e9ctrico de Ays\u00e9n (SEA): en la pr\u00e1ctica corresponde a cinco sub sistemas medianos ubicados en la zona sur del pa\u00eds: Palena, Hornopir\u00e9n, Carrera, Cocham\u00f3 y Ays\u00e9n. Su capacidad conjunta corresponde a s\u00f3lo 0,26% de la capacidad instalada nacional.<\/li>\n<li>El Sistema El\u00e9ctrico de Magallanes (SEM): corresponde a cuatro subsistemas medianos: Punta Arenas, Puerto Natales, Porvenir y Puerto Williams, que abastecen a las ciudades del mismo nombre. Se localiza en el extremo m\u00e1s austral del pa\u00eds. Su capacidad instalada conjunta corresponde al 0,5% de la capacidad instalada nacional.<\/li>\n<\/ul>\n<p>Si bien el enfoque de este libro se centra en el SEN, cabe mencionar que en los sistemas de menor escala, como los sistemas medianos de Ays\u00e9n y Magallanes, la estructura de tarifas se basa en la determinaci\u00f3n de costos medios por cada segmento (generaci\u00f3n, transmisi\u00f3n, distribuci\u00f3n) y el suministro se realiza principalmente mediante un monopolio regulado, por lo que las oportunidades para proyectos ERNC son fundamentalmente distintas a las presentadas en este libro.[\/vc_column_text][vc_row_inner][vc_column_inner width=\u00bb1\/2&#8243;][vc_btn title=\u00bbAnterior\u00bb color=\u00bbgreen\u00bb align=\u00bbleft\u00bb i_icon_fontawesome=\u00bbfa fa-chevron-left\u00bb add_icon=\u00bbtrue\u00bb link=\u00bburl:https%3A%2F%2Fmercadoernc.minenergia.cl%2F%3Fpage_id%3D117|||\u00bb][\/vc_column_inner][vc_column_inner width=\u00bb1\/2&#8243;][vc_btn title=\u00bbSiguiente\u00bb color=\u00bbgreen\u00bb align=\u00bbright\u00bb i_icon_fontawesome=\u00bbfa fa-chevron-right\u00bb add_icon=\u00bbtrue\u00bb link=\u00bburl:https%3A%2F%2Fmercadoernc.minenergia.cl%2F%3Fpage_id%3D127|||\u00bb][\/vc_column_inner][\/vc_row_inner][\/vc_column][\/vc_row]<\/p>\n","protected":false},"excerpt":{"rendered":"<p>[vc_row][vc_column width=\u00bb1\/4&#8243;][vc_tta_accordion active_section=\u00bb1&#8243; collapsible_all=\u00bbtrue\u00bb][vc_tta_section i_icon_fontawesome=\u00bbfa fa-plus\u00bb add_icon=\u00bbtrue\u00bb title=\u00bbSector El\u00e9ctrico\u00bb tab_id=\u00bb1638300137066-d825808a-e229&#8243;][vc_column_text] 2. Descripci\u00f3n general del sector el\u00e9ctrico chileno 2.1 Sistemas el\u00e9ctricos 2.2 Oferta de energ\u00eda el\u00e9ctrica 2.3 Consumo y clientes 2.4 Sistemas de transmisi\u00f3n y distribuci\u00f3n 2.5 Sistemas de almacenamiento 2.6 Marco institucional del sector el\u00e9ctrico [\/vc_column_text][\/vc_tta_section][\/vc_tta_accordion][\/vc_column][vc_column width=\u00bb3\/4&#8243;][vc_column_text] 2.1 Sistemas el\u00e9ctricos En la industria el\u00e9ctrica nacional [&hellip;]<\/p>\n","protected":false},"author":3,"featured_media":0,"parent":117,"menu_order":0,"comment_status":"closed","ping_status":"closed","template":"","meta":{"_acf_changed":false,"footnotes":""},"class_list":["post-121","page","type-page","status-publish","hentry"],"acf":[],"_links":{"self":[{"href":"https:\/\/mercadoernc.minenergia.cl\/index.php?rest_route=\/wp\/v2\/pages\/121","targetHints":{"allow":["GET"]}}],"collection":[{"href":"https:\/\/mercadoernc.minenergia.cl\/index.php?rest_route=\/wp\/v2\/pages"}],"about":[{"href":"https:\/\/mercadoernc.minenergia.cl\/index.php?rest_route=\/wp\/v2\/types\/page"}],"author":[{"embeddable":true,"href":"https:\/\/mercadoernc.minenergia.cl\/index.php?rest_route=\/wp\/v2\/users\/3"}],"replies":[{"embeddable":true,"href":"https:\/\/mercadoernc.minenergia.cl\/index.php?rest_route=%2Fwp%2Fv2%2Fcomments&post=121"}],"version-history":[{"count":11,"href":"https:\/\/mercadoernc.minenergia.cl\/index.php?rest_route=\/wp\/v2\/pages\/121\/revisions"}],"predecessor-version":[{"id":4160,"href":"https:\/\/mercadoernc.minenergia.cl\/index.php?rest_route=\/wp\/v2\/pages\/121\/revisions\/4160"}],"up":[{"embeddable":true,"href":"https:\/\/mercadoernc.minenergia.cl\/index.php?rest_route=\/wp\/v2\/pages\/117"}],"wp:attachment":[{"href":"https:\/\/mercadoernc.minenergia.cl\/index.php?rest_route=%2Fwp%2Fv2%2Fmedia&parent=121"}],"curies":[{"name":"wp","href":"https:\/\/api.w.org\/{rel}","templated":true}]}}