{"id":117,"date":"2018-05-22T16:28:39","date_gmt":"2018-05-22T16:28:39","guid":{"rendered":"https:\/\/mercadoernc.minenergia.cl\/?page_id=117"},"modified":"2021-12-07T15:25:57","modified_gmt":"2021-12-07T15:25:57","slug":"descripcion-general-del-sector-electrico-chileno","status":"publish","type":"page","link":"https:\/\/mercadoernc.minenergia.cl\/?page_id=117","title":{"rendered":"2. Descripci\u00f3n general del sector el\u00e9ctrico chileno"},"content":{"rendered":"<p>[vc_row][vc_column width=\u00bb1\/4&#8243;][vc_widget_sidebar sidebar_id=\u00bbcs-2&#8243;][vc_tta_accordion active_section=\u00bb1&#8243; collapsible_all=\u00bbtrue\u00bb][vc_tta_section i_icon_fontawesome=\u00bbfa fa-plus\u00bb add_icon=\u00bbtrue\u00bb title=\u00bbSector El\u00e9ctrico\u00bb tab_id=\u00bb1638299369970-10902fd9-cc43&#8243;][vc_column_text]<\/p>\n<ul>\n<li style=\"text-align: left;\"><span class=\"outer\"><span class=\"inner\"><a href=\"https:\/\/mercadoernc.minenergia.cl\/?page_id=117\" rel=\"noopener\">2. Descripci\u00f3n general del sector el\u00e9ctrico chileno<\/a><\/span><\/span><\/li>\n<li style=\"text-align: left;\"><span class=\"outer\"><span class=\"inner\"><a href=\"https:\/\/mercadoernc.minenergia.cl\/?page_id=121\" rel=\"noopener\">2.1 Sistemas el\u00e9ctricos<\/a><\/span><\/span><span class=\"outer\"><span class=\"inner\"><br \/>\n<\/span><\/span><\/li>\n<li style=\"text-align: left;\"><a href=\"https:\/\/mercadoernc.minenergia.cl\/?page_id=127\" rel=\"noopener\">2.2 Oferta de energ\u00eda el\u00e9ctrica<\/a><\/li>\n<li style=\"text-align: left;\"><a href=\"https:\/\/mercadoernc.minenergia.cl\/?page_id=361\" rel=\"noopener\">2.3 Consumo y clientes<\/a><\/li>\n<li style=\"text-align: left;\"><a href=\"https:\/\/mercadoernc.minenergia.cl\/?page_id=387\" rel=\"noopener\">2.4 Sistemas de transmisi\u00f3n y distribuci\u00f3n<\/a><\/li>\n<li style=\"text-align: left;\"><span class=\"outer\"><span class=\"inner\"><a href=\"https:\/\/mercadoernc.minenergia.cl\/?page_id=628\" rel=\"noopener\">2.5 Sistemas de almacenamiento<\/a><\/span><\/span><\/li>\n<li style=\"text-align: left;\"><a href=\"https:\/\/mercadoernc.minenergia.cl\/?page_id=632\" rel=\"noopener\">2.6 Marco institucional del sector el\u00e9ctrico<\/a><\/li>\n<\/ul>\n<p>[\/vc_column_text][\/vc_tta_section][\/vc_tta_accordion][\/vc_column][vc_column width=\u00bb3\/4&#8243;][vc_single_image image=\u00bb1892&#8243; img_size=\u00bbfull\u00bb alignment=\u00bbcenter\u00bb style=\u00bbvc_box_rounded\u00bb][vc_column_text]<\/p>\n<h1>2. Descripci\u00f3n general del sector el\u00e9ctrico chileno<\/h1>\n<p>En este cap\u00edtulo se detallan aspectos espec\u00edficos del sector el\u00e9ctrico chileno, partiendo por la descripci\u00f3n general de los sistemas el\u00e9ctricos del pa\u00eds. Luego, se describe la oferta actual de energ\u00eda y potencia el\u00e9ctrica, adem\u00e1s de su composici\u00f3n tecnol\u00f3gica. Posteriormente, se detalla la clasificaci\u00f3n de los tipos de clientes establecida en la regulaci\u00f3n vigente. En seguida, se presenta una descripci\u00f3n de los sistemas de transmisi\u00f3n (con especial \u00e9nfasis en el acceso, remuneraci\u00f3n y planificaci\u00f3n, todos aspectos modificados en el a\u00f1o 2016) y de los sistemas de distribuci\u00f3n. Finalmente, se describe la institucionalidad del sector el\u00e9ctrico en Chile. [\/vc_column_text][vc_row_inner][vc_column_inner width=\u00bb1\/2&#8243;][vc_btn title=\u00bbAnterior\u00bb color=\u00bbgreen\u00bb align=\u00bbleft\u00bb i_icon_fontawesome=\u00bbfa fa-chevron-left\u00bb add_icon=\u00bbtrue\u00bb link=\u00bburl:https%3A%2F%2Fmercadoernc.minenergia.cl%2F%3Fpage_id%3D75|||\u00bb][\/vc_column_inner][vc_column_inner width=\u00bb1\/2&#8243;][vc_btn title=\u00bbSiguiente\u00bb color=\u00bbgreen\u00bb align=\u00bbright\u00bb i_icon_fontawesome=\u00bbfa fa-chevron-right\u00bb add_icon=\u00bbtrue\u00bb link=\u00bburl:https%3A%2F%2Fmercadoernc.minenergia.cl%2F%3Fpage_id%3D121|||\u00bb][\/vc_column_inner][\/vc_row_inner][\/vc_column][\/vc_row]<\/p>\n","protected":false},"excerpt":{"rendered":"<p>[vc_row][vc_column width=\u00bb1\/4&#8243;][vc_widget_sidebar sidebar_id=\u00bbcs-2&#8243;][vc_tta_accordion active_section=\u00bb1&#8243; collapsible_all=\u00bbtrue\u00bb][vc_tta_section i_icon_fontawesome=\u00bbfa fa-plus\u00bb add_icon=\u00bbtrue\u00bb title=\u00bbSector El\u00e9ctrico\u00bb tab_id=\u00bb1638299369970-10902fd9-cc43&#8243;][vc_column_text] 2. Descripci\u00f3n general del sector el\u00e9ctrico chileno 2.1 Sistemas el\u00e9ctricos 2.2 Oferta de energ\u00eda el\u00e9ctrica 2.3 Consumo y clientes 2.4 Sistemas de transmisi\u00f3n y distribuci\u00f3n 2.5 Sistemas de almacenamiento 2.6 Marco institucional del sector el\u00e9ctrico [\/vc_column_text][\/vc_tta_section][\/vc_tta_accordion][\/vc_column][vc_column width=\u00bb3\/4&#8243;][vc_single_image image=\u00bb1892&#8243; img_size=\u00bbfull\u00bb alignment=\u00bbcenter\u00bb style=\u00bbvc_box_rounded\u00bb][vc_column_text] 2. Descripci\u00f3n general [&hellip;]<\/p>\n","protected":false},"author":3,"featured_media":0,"parent":0,"menu_order":0,"comment_status":"closed","ping_status":"closed","template":"","meta":{"_acf_changed":false,"footnotes":""},"class_list":["post-117","page","type-page","status-publish","hentry"],"acf":[],"_links":{"self":[{"href":"https:\/\/mercadoernc.minenergia.cl\/index.php?rest_route=\/wp\/v2\/pages\/117","targetHints":{"allow":["GET"]}}],"collection":[{"href":"https:\/\/mercadoernc.minenergia.cl\/index.php?rest_route=\/wp\/v2\/pages"}],"about":[{"href":"https:\/\/mercadoernc.minenergia.cl\/index.php?rest_route=\/wp\/v2\/types\/page"}],"author":[{"embeddable":true,"href":"https:\/\/mercadoernc.minenergia.cl\/index.php?rest_route=\/wp\/v2\/users\/3"}],"replies":[{"embeddable":true,"href":"https:\/\/mercadoernc.minenergia.cl\/index.php?rest_route=%2Fwp%2Fv2%2Fcomments&post=117"}],"version-history":[{"count":11,"href":"https:\/\/mercadoernc.minenergia.cl\/index.php?rest_route=\/wp\/v2\/pages\/117\/revisions"}],"predecessor-version":[{"id":4159,"href":"https:\/\/mercadoernc.minenergia.cl\/index.php?rest_route=\/wp\/v2\/pages\/117\/revisions\/4159"}],"wp:attachment":[{"href":"https:\/\/mercadoernc.minenergia.cl\/index.php?rest_route=%2Fwp%2Fv2%2Fmedia&parent=117"}],"curies":[{"name":"wp","href":"https:\/\/api.w.org\/{rel}","templated":true}]}}