{"id":1140,"date":"2018-07-20T13:59:28","date_gmt":"2018-07-20T13:59:28","guid":{"rendered":"https:\/\/mercadoernc.minenergia.cl\/?page_id=1140"},"modified":"2021-12-01T19:19:09","modified_gmt":"2021-12-01T19:19:09","slug":"anexo-4-proyectos-autoabastecimiento-integrados","status":"publish","type":"page","link":"https:\/\/mercadoernc.minenergia.cl\/?page_id=1140","title":{"rendered":"Anexo 4: Generaci\u00f3n distribuida"},"content":{"rendered":"<p>[vc_row][vc_column width=\u00bb1\/4&#8243;][vc_tta_accordion active_section=\u00bb1&#8243; collapsible_all=\u00bbtrue\u00bb][vc_tta_section i_icon_fontawesome=\u00bbfa fa-plus\u00bb add_icon=\u00bbtrue\u00bb title=\u00bbAnexos\u00bb tab_id=\u00bb1638363913700-bbef7312-2501&#8243;][vc_column_text]<\/p>\n<ul>\n<li style=\"text-align: left;\"><span class=\"outer\"><span class=\"inner\"><a href=\"https:\/\/mercadoernc.minenergia.cl\/?page_id=1072\" rel=\"noopener\">Anexo 1: Marco regulatorio<\/a><\/span><\/span><\/li>\n<li style=\"text-align: left;\"><span class=\"outer\"><span class=\"inner\"><a href=\"https:\/\/mercadoernc.minenergia.cl\/?page_id=1109\" rel=\"noopener\">Anexo 2: Aspectos de funcionamiento del mercado<\/a><\/span><\/span><\/li>\n<li style=\"text-align: left;\"><span class=\"outer\"><span class=\"inner\"><a href=\"https:\/\/mercadoernc.minenergia.cl\/?page_id=1130\" rel=\"noopener\">Anexo 3: Potencia de suficiencia<\/a><\/span><\/span><\/li>\n<li style=\"text-align: left;\"><span class=\"outer\"><span class=\"inner\"><a href=\"https:\/\/mercadoernc.minenergia.cl\/?page_id=1140\" rel=\"noopener\">Anexo 4: Generaci\u00f3n Distribuida<\/a><\/span><\/span><\/li>\n<li style=\"text-align: left;\"><span class=\"outer\"><span class=\"inner\"><a href=\"https:\/\/mercadoernc.minenergia.cl\/?page_id=1187\" rel=\"noopener\">Anexo 5: Plataformas de informaci\u00f3n<\/a><\/span><\/span><\/li>\n<li style=\"text-align: left;\"><span class=\"outer\"><span class=\"inner\"><a href=\"https:\/\/mercadoernc.minenergia.cl\/?page_id=1208\" rel=\"noopener\">Anexo 6: Glosario de t\u00e9rminos<\/a><\/span><\/span><\/li>\n<li style=\"text-align: left;\"><span class=\"outer\"><span class=\"inner\"><a href=\"https:\/\/mercadoernc.minenergia.cl\/?page_id=1217\" rel=\"noopener\">Anexo 7: Links a las principales leyes, reglamentos y normas<\/a><\/span><\/span><\/li>\n<\/ul>\n<p>[\/vc_column_text][\/vc_tta_section][\/vc_tta_accordion][\/vc_column][vc_column width=\u00bb3\/4&#8243;][vc_column_text]<\/p>\n<h1>Anexo 4: Generaci\u00f3n distribuida<\/h1>\n<p>En la red de distribuci\u00f3n existe un importante n\u00famero de proyectos de generaci\u00f3n distribuida cuya vocaci\u00f3n principal es la venta de energ\u00eda a trav\u00e9s de la red de distribuci\u00f3n (conocidos como PMGD). Sin embargo, existe tambi\u00e9n un creciente desarrollo de proyectos de generaci\u00f3n distribuida cuya vocaci\u00f3n principal es el autoabastecimiento, es decir, proyectos que se desarrollan en las instalaciones de un cliente o consumidor de la red distribuci\u00f3n para auto-proveerse de electricidad parcial o totalmente y eventualmente inyectar sus excedentes a la red. Los proyectos de autoabastecimiento se pueden agrupar en tres familias, de acuerdo al tipo de regulaci\u00f3n que le aplica:<\/p>\n<ol>\n<li>Proyectos de autoconsumo sin inyecci\u00f3n a la red<\/li>\n<li>Proyectos de autoconsumo con inyecci\u00f3n a la red con fines comerciales<\/li>\n<li>Proyectos de autoconsumo menores o iguales a 300 kW con inyecci\u00f3n a la red<\/li>\n<\/ol>\n<p>Estos tipos de proyectos han sido ordenados de acuerdo a un orden hist\u00f3rico de su regulaci\u00f3n y por ello, la madurez y difusi\u00f3n de los pasos necesarios para su tramitaci\u00f3n.<\/p>\n<p>En Chile la regulaci\u00f3n intenta realizar un traspaso eficiente de los costos del sistema a los clientes de distribuci\u00f3n, lo que genera incentivos al autoabastecimiento, pues al reducir el consumo desde la red, sustituy\u00e9ndolo por generaci\u00f3n local se evitan pagos a la empresa distribuidora.<\/p>\n<p>Este Anexo primero presenta los 3 tipos de proyectos de autoconsumo mencionados anteriormente, pero luego se centra en los proyectos con posibilidad de inyecci\u00f3n a la red, es decir, proyectos asociados a Ley de Facturaci\u00f3n Neta (<em>Netbilling)<\/em> y proyectos PMGD, para los cuales se presenta el estado actual en cuanto a n\u00famero de proyectos y capacidad instalada, se describe c\u00f3mo se valorizan las inyecciones, el procedimiento de conexi\u00f3n a la red de distribuci\u00f3n y finalmente los modelos de negocios disponibles.<\/p>\n<p><strong>Proyectos de autoconsumo sin inyecci\u00f3n de excedentes\u00a0<\/strong><br \/>\nLos proyectos de autoconsumo sin inyecci\u00f3n de excedentes son muy comunes desde hace d\u00e9cadas, pues su uso es obligatorio como sistemas de emergencia en algunos edificios, hospitales y otras instalaciones. La regulaci\u00f3n de este segmento contempla sistemas de autogeneraci\u00f3n que est\u00e1n imposibilitados de inyectar energ\u00eda a la red por lo que no valorizan excedentes (no tienen excedentes).<\/p>\n<p>El Decreto 8\/2020 aprueba el reglamento de Seguridad de las Instalaciones de Consumo de Energ\u00eda El\u00e9ctrica, el cual establece el pliego t\u00e9cnico normativo RIC N\u00aa9: Sistemas de Autogeneraci\u00f3n. Dicha normativa establece los requisitos de seguridad que deben cumplir las instalaciones que dispongan de sistemas de autogeneraci\u00f3n que entregan la energ\u00eda generada a la instalaci\u00f3n de consumo de forma simult\u00e1nea a la suministrada por la empresa distribuidora y que no inyectan esta energ\u00eda a la red el\u00e9ctrica de distribuci\u00f3n.<\/p>\n<p><strong>Proyectos de autoconsumo con comercializaci\u00f3n de excedentes\u00a0<\/strong><br \/>\nProyectos de generaci\u00f3n de potencia menor o igual a 9 MW conectados a la red de distribuci\u00f3n corresponden a PMGD y se regulan mediante el D.S. N\u00b0244 de 2006 y la norma t\u00e9cnica de conexi\u00f3n y operaci\u00f3n en media tensi\u00f3n (NTCO). Esta regulaci\u00f3n aplica con cualquier fuente de energ\u00eda (no s\u00f3lo renovables) aunque algunos de los beneficios son exclusivos para fuentes renovables. El reglamento D.S. N\u00b088 de 2020, reemplazando los D.S. N\u00b0244 de 2006 y D.S. N\u00b0101 de 2015, define las etapas, procedimientos y plazos para conectarse a la red as\u00ed como la valorizaci\u00f3n de las inyecciones. La norma que define aspectos t\u00e9cnicos es la NTCO de PMGD en instalaciones de media tensi\u00f3n. Este marco normativo est\u00e1 orientado a proyectos que si bien tienen primariamente el objetivo de autoabastecer la demanda local del inmueble donde se encuentran instalados, tambi\u00e9n tienen inter\u00e9s de entrar en el negocio de la comercializaci\u00f3n de energ\u00eda en el mercado el\u00e9ctrico.<\/p>\n<p><strong>Proyectos renovables o cogeneraci\u00f3n de autoconsumo menores o iguales a 300 kW con inyecci\u00f3n de excedentes<\/strong><\/p>\n<p>Los proyectos renovables o de cogeneraci\u00f3n menores a 300 kW, t\u00edpicamente correspondientes a un proyecto de generaci\u00f3n residencial, comercial o industrial, se regulan mediante la Ley 20.571 de 2012 (modificada el 2018 con la Ley 21.118) y su reglamento, D.S. N\u00b0 57 de 2020, reemplazando el D.S. 71 de 2014.\u00a0 Esta Ley habilita a los consumidores que se encuentren bajo un esquema de <strong>tarifas reguladas<\/strong> a inyectar sus excedentes de energ\u00eda a la red y valorizarlos para reducir su cuenta de consumo el\u00e9ctrico o eventualmente liquidar los excedentes. La generaci\u00f3n puede provenir s\u00f3lo de energ\u00edas renovables o cogeneraci\u00f3n eficiente. La norma que define aspectos t\u00e9cnicos es la NTCO de equipamiento de generaci\u00f3n en baja tensi\u00f3n. Este modelo regulatorio provee simplificaciones y condiciones especiales para proyectos de autoconsumo que no tienen en su giro la comercializaci\u00f3n de energ\u00eda. Si bien pudiendo inyectar sus excedentes y siendo estos valorizados al promedio de los contratos de distribuci\u00f3n, dichos excedentes son utilizados para realizar descuento en la facturaci\u00f3n del cliente y no para comercializar energ\u00eda a la red.[\/vc_column_text][vc_row_inner][vc_column_inner width=\u00bb1\/2&#8243;][vc_btn title=\u00bbAnterior\u00bb color=\u00bbgreen\u00bb align=\u00bbleft\u00bb i_icon_fontawesome=\u00bbfa fa-chevron-left\u00bb add_icon=\u00bbtrue\u00bb link=\u00bburl:https%3A%2F%2Fmercadoernc.minenergia.cl%2F%3Fpage_id%3D1130|||\u00bb][\/vc_column_inner][vc_column_inner width=\u00bb1\/2&#8243;][vc_btn title=\u00bbSiguiente\u00bb color=\u00bbgreen\u00bb align=\u00bbright\u00bb i_icon_fontawesome=\u00bbfa fa-chevron-right\u00bb add_icon=\u00bbtrue\u00bb link=\u00bburl:https%3A%2F%2Fmercadoernc.minenergia.cl%2F%3Fpage_id%3D1148|||\u00bb][\/vc_column_inner][\/vc_row_inner][\/vc_column][\/vc_row]<\/p>\n","protected":false},"excerpt":{"rendered":"<p>[vc_row][vc_column width=\u00bb1\/4&#8243;][vc_tta_accordion active_section=\u00bb1&#8243; collapsible_all=\u00bbtrue\u00bb][vc_tta_section i_icon_fontawesome=\u00bbfa fa-plus\u00bb add_icon=\u00bbtrue\u00bb title=\u00bbAnexos\u00bb tab_id=\u00bb1638363913700-bbef7312-2501&#8243;][vc_column_text] Anexo 1: Marco regulatorio Anexo 2: Aspectos de funcionamiento del mercado Anexo 3: Potencia de suficiencia Anexo 4: Generaci\u00f3n Distribuida Anexo 5: Plataformas de informaci\u00f3n Anexo 6: Glosario de t\u00e9rminos Anexo 7: Links a las principales leyes, reglamentos y normas [\/vc_column_text][\/vc_tta_section][\/vc_tta_accordion][\/vc_column][vc_column width=\u00bb3\/4&#8243;][vc_column_text] Anexo 4: Generaci\u00f3n distribuida [&hellip;]<\/p>\n","protected":false},"author":3,"featured_media":0,"parent":0,"menu_order":0,"comment_status":"closed","ping_status":"closed","template":"","meta":{"_acf_changed":false,"footnotes":""},"class_list":["post-1140","page","type-page","status-publish","hentry"],"acf":[],"_links":{"self":[{"href":"https:\/\/mercadoernc.minenergia.cl\/index.php?rest_route=\/wp\/v2\/pages\/1140","targetHints":{"allow":["GET"]}}],"collection":[{"href":"https:\/\/mercadoernc.minenergia.cl\/index.php?rest_route=\/wp\/v2\/pages"}],"about":[{"href":"https:\/\/mercadoernc.minenergia.cl\/index.php?rest_route=\/wp\/v2\/types\/page"}],"author":[{"embeddable":true,"href":"https:\/\/mercadoernc.minenergia.cl\/index.php?rest_route=\/wp\/v2\/users\/3"}],"replies":[{"embeddable":true,"href":"https:\/\/mercadoernc.minenergia.cl\/index.php?rest_route=%2Fwp%2Fv2%2Fcomments&post=1140"}],"version-history":[{"count":9,"href":"https:\/\/mercadoernc.minenergia.cl\/index.php?rest_route=\/wp\/v2\/pages\/1140\/revisions"}],"predecessor-version":[{"id":4266,"href":"https:\/\/mercadoernc.minenergia.cl\/index.php?rest_route=\/wp\/v2\/pages\/1140\/revisions\/4266"}],"wp:attachment":[{"href":"https:\/\/mercadoernc.minenergia.cl\/index.php?rest_route=%2Fwp%2Fv2%2Fmedia&parent=1140"}],"curies":[{"name":"wp","href":"https:\/\/api.w.org\/{rel}","templated":true}]}}