{"id":1109,"date":"2018-07-20T13:15:35","date_gmt":"2018-07-20T13:15:35","guid":{"rendered":"https:\/\/mercadoernc.minenergia.cl\/?page_id=1109"},"modified":"2021-12-01T19:18:29","modified_gmt":"2021-12-01T19:18:29","slug":"2-1-despacho","status":"publish","type":"page","link":"https:\/\/mercadoernc.minenergia.cl\/?page_id=1109","title":{"rendered":"2.1 Despacho"},"content":{"rendered":"<p>[vc_row][vc_column width=\u00bb1\/4&#8243;][vc_tta_accordion active_section=\u00bb1&#8243; collapsible_all=\u00bbtrue\u00bb][vc_tta_section i_icon_fontawesome=\u00bbfa fa-plus\u00bb add_icon=\u00bbtrue\u00bb title=\u00bbAnexos\u00bb tab_id=\u00bb1638363591824-2fae67cc-7219&#8243;][vc_column_text]<\/p>\n<ul>\n<li style=\"text-align: left;\"><span class=\"outer\"><span class=\"inner\"><a href=\"https:\/\/mercadoernc.minenergia.cl\/?page_id=1072\" rel=\"noopener\">Anexo 1: Marco regulatorio<\/a><\/span><\/span><\/li>\n<li style=\"text-align: left;\"><span class=\"outer\"><span class=\"inner\"><a href=\"https:\/\/mercadoernc.minenergia.cl\/?page_id=1109\" rel=\"noopener\">Anexo 2: Aspectos de funcionamiento del mercado<\/a><\/span><\/span><\/li>\n<li style=\"text-align: left;\"><span class=\"outer\"><span class=\"inner\"><a href=\"https:\/\/mercadoernc.minenergia.cl\/?page_id=1130\" rel=\"noopener\">Anexo 3: Potencia de suficiencia<\/a><\/span><\/span><\/li>\n<li style=\"text-align: left;\"><span class=\"outer\"><span class=\"inner\"><a href=\"https:\/\/mercadoernc.minenergia.cl\/?page_id=1140\" rel=\"noopener\">Anexo 4: Generaci\u00f3n Distribuida<\/a><\/span><\/span><\/li>\n<li style=\"text-align: left;\"><span class=\"outer\"><span class=\"inner\"><a href=\"https:\/\/mercadoernc.minenergia.cl\/?page_id=1187\" rel=\"noopener\">Anexo 5: Plataformas de informaci\u00f3n<\/a><\/span><\/span><\/li>\n<li style=\"text-align: left;\"><span class=\"outer\"><span class=\"inner\"><a href=\"https:\/\/mercadoernc.minenergia.cl\/?page_id=1208\" rel=\"noopener\">Anexo 6: Glosario de t\u00e9rminos<\/a><\/span><\/span><\/li>\n<li style=\"text-align: left;\"><span class=\"outer\"><span class=\"inner\"><a href=\"https:\/\/mercadoernc.minenergia.cl\/?page_id=1217\" rel=\"noopener\">Anexo 7: Links a las principales leyes, reglamentos y normas<\/a><\/span><\/span><\/li>\n<\/ul>\n<p>[\/vc_column_text][\/vc_tta_section][\/vc_tta_accordion][\/vc_column][vc_column width=\u00bb3\/4&#8243;][vc_column_text]<\/p>\n<h1>Anexo 2.1 Despacho<\/h1>\n<p>El despacho de unidades en el sistema es realizado por el Coordinador, quien a trav\u00e9s de herramientas de optimizaci\u00f3n (despachos econ\u00f3micos, predespacho, coordinaci\u00f3n hidrot\u00e9rmica) determina la operaci\u00f3n a m\u00ednimo costo del sistema. De esta optimizaci\u00f3n se determina asimismo el costo marginal por hora (precio <em>spot<\/em>) para cada barra del sistema.<\/p>\n<p>La Figura 2 muestra el esquema general del mercado mayorista de electricidad en Chile.<\/p>\n<p style=\"text-align: center;\"><img loading=\"lazy\" decoding=\"async\" class=\"wp-image-2558 aligncenter\" src=\"https:\/\/mercadoernc.minenergia.cl\/wp-content\/uploads\/2018\/10\/Figura2-1-300x234.png\" alt=\"\" width=\"646\" height=\"504\" srcset=\"https:\/\/mercadoernc.minenergia.cl\/wp-content\/uploads\/2018\/10\/Figura2-1-300x234.png 300w, https:\/\/mercadoernc.minenergia.cl\/wp-content\/uploads\/2018\/10\/Figura2-1-660x514.png 660w, https:\/\/mercadoernc.minenergia.cl\/wp-content\/uploads\/2018\/10\/Figura2-1.png 718w\" sizes=\"auto, (max-width: 646px) 100vw, 646px\" \/><\/p>\n<p>Para una hora h determinada, el coordinador establece una operaci\u00f3n econ\u00f3mica del sistema, que da lugar a costos marginales en las barras de inyecci\u00f3n y retiro del sistema (SpotG y SpotL). En su versi\u00f3n m\u00e1s simple, la operaci\u00f3n econ\u00f3mica del sistema se alcanza despachando las unidades de generaci\u00f3n en orden creciente de costo de generaci\u00f3n, hasta poder cubrir el consumo requerido en una hora determinada. De esta forma, las unidades de costo variable nulo o bajo son despachadas primero. A este tipo de generaci\u00f3n, com\u00fan entre las ERNC, se le denomina unidades de generaci\u00f3n en base.<\/p>\n<p>Bajo el supuesto de que todos los consumos se encuentran previamente contratados a trav\u00e9s de contratos financieros del tipo CBFij (Contratos Bilaterales Financieros), cada empresa realiza su balance tomando en cuenta los ingresos por inyecciones en el punto de inyecci\u00f3n, los retiros de energ\u00eda para sus clientes y el pago de los clientes por concepto del contrato bilateral existente. Asimismo, la empresa generadora considera sus costos variables de generaci\u00f3n en el balance.<\/p>\n<p>La siguiente ecuaci\u00f3n sintetiza la situaci\u00f3n para la empresa de generaci\u00f3n G2 que posee contratos bilaterales con los consumos C1 y C2. En la hora h el generador inyecta al sistema PG2 [MWh], mientras que sus consumos contratados retiran PL1 [MWh] y PL2 [MWh], respectivamente.<\/p>\n<p><a href=\"https:\/\/mercadoernc.minenergia.cl\/wp-content\/uploads\/2018\/08\/balance1.png\"><img loading=\"lazy\" decoding=\"async\" class=\"aligncenter wp-image-2000 size-full\" src=\"https:\/\/mercadoernc.minenergia.cl\/wp-content\/uploads\/2018\/08\/balance1.png\" alt=\"\" width=\"560\" height=\"78\" srcset=\"https:\/\/mercadoernc.minenergia.cl\/wp-content\/uploads\/2018\/08\/balance1.png 560w, https:\/\/mercadoernc.minenergia.cl\/wp-content\/uploads\/2018\/08\/balance1-300x42.png 300w\" sizes=\"auto, (max-width: 560px) 100vw, 560px\" \/><\/a><\/p>\n<p>Para ejemplificar lo descrito con anterioridad, sup\u00f3ngase que G2 es un generador t\u00e9rmico a carb\u00f3n y en una determinada hora (h) inyecta al sistema 100 MW a un costo marginal en su barra de inyecci\u00f3n de 85 US$\/MW. El generador tiene acordados contratos de venta de electricidad con C1 y C2 por 62 US$\/MW y 70 US$\/MW, respectivamente. El coordinador del sistema determina que los costos en las barras de retiro L1 y L2 son de 75 US$\/MW y 68 US$\/MW, y los consumos son de 35 y 40 MW, respectivamente. Finalmente, el costo variable del generador es de 72 US$\/MW. Por lo tanto, el balance de G2 es igual a:<\/p>\n<p><a href=\"https:\/\/mercadoernc.minenergia.cl\/wp-content\/uploads\/2018\/08\/balance2.png\"><img loading=\"lazy\" decoding=\"async\" class=\"aligncenter wp-image-2001 size-full\" src=\"https:\/\/mercadoernc.minenergia.cl\/wp-content\/uploads\/2018\/08\/balance2.png\" alt=\"\" width=\"467\" height=\"59\" srcset=\"https:\/\/mercadoernc.minenergia.cl\/wp-content\/uploads\/2018\/08\/balance2.png 467w, https:\/\/mercadoernc.minenergia.cl\/wp-content\/uploads\/2018\/08\/balance2-300x38.png 300w\" sizes=\"auto, (max-width: 467px) 100vw, 467px\" \/><\/a><\/p>\n<p>El resultado del balance es US$ 925, se entiende que para la condici\u00f3n de operaci\u00f3n descrita en el ejemplo G2 es excedentario. Sin embargo, pueden existir otras condiciones en las que no lo sea, como el caso en que sus inyecciones al sistema sean menores que sus compromisos contractuales.[\/vc_column_text][vc_row_inner][vc_column_inner width=\u00bb1\/2&#8243;][vc_btn title=\u00bbAnterior\u00bb color=\u00bbgreen\u00bb align=\u00bbleft\u00bb i_icon_fontawesome=\u00bbfa fa-chevron-left\u00bb add_icon=\u00bbtrue\u00bb link=\u00bburl:https%3A%2F%2Fmercadoernc.minenergia.cl%2F%3Fpage_id%3D1098|||\u00bb][\/vc_column_inner][vc_column_inner width=\u00bb1\/2&#8243;][vc_btn title=\u00bbSiguiente\u00bb color=\u00bbgreen\u00bb align=\u00bbright\u00bb i_icon_fontawesome=\u00bbfa fa-chevron-right\u00bb add_icon=\u00bbtrue\u00bb link=\u00bburl:https%3A%2F%2Fmercadoernc.minenergia.cl%2F%3Fpage_id%3D1126|||\u00bb][\/vc_column_inner][\/vc_row_inner][\/vc_column][\/vc_row]<\/p>\n","protected":false},"excerpt":{"rendered":"<p>[vc_row][vc_column width=\u00bb1\/4&#8243;][vc_tta_accordion active_section=\u00bb1&#8243; collapsible_all=\u00bbtrue\u00bb][vc_tta_section i_icon_fontawesome=\u00bbfa fa-plus\u00bb add_icon=\u00bbtrue\u00bb title=\u00bbAnexos\u00bb tab_id=\u00bb1638363591824-2fae67cc-7219&#8243;][vc_column_text] Anexo 1: Marco regulatorio Anexo 2: Aspectos de funcionamiento del mercado Anexo 3: Potencia de suficiencia Anexo 4: Generaci\u00f3n Distribuida Anexo 5: Plataformas de informaci\u00f3n Anexo 6: Glosario de t\u00e9rminos Anexo 7: Links a las principales leyes, reglamentos y normas [\/vc_column_text][\/vc_tta_section][\/vc_tta_accordion][\/vc_column][vc_column width=\u00bb3\/4&#8243;][vc_column_text] Anexo 2.1 Despacho El [&hellip;]<\/p>\n","protected":false},"author":3,"featured_media":0,"parent":1104,"menu_order":0,"comment_status":"closed","ping_status":"closed","template":"","meta":{"_acf_changed":false,"footnotes":""},"class_list":["post-1109","page","type-page","status-publish","hentry"],"acf":[],"_links":{"self":[{"href":"https:\/\/mercadoernc.minenergia.cl\/index.php?rest_route=\/wp\/v2\/pages\/1109","targetHints":{"allow":["GET"]}}],"collection":[{"href":"https:\/\/mercadoernc.minenergia.cl\/index.php?rest_route=\/wp\/v2\/pages"}],"about":[{"href":"https:\/\/mercadoernc.minenergia.cl\/index.php?rest_route=\/wp\/v2\/types\/page"}],"author":[{"embeddable":true,"href":"https:\/\/mercadoernc.minenergia.cl\/index.php?rest_route=\/wp\/v2\/users\/3"}],"replies":[{"embeddable":true,"href":"https:\/\/mercadoernc.minenergia.cl\/index.php?rest_route=%2Fwp%2Fv2%2Fcomments&post=1109"}],"version-history":[{"count":6,"href":"https:\/\/mercadoernc.minenergia.cl\/index.php?rest_route=\/wp\/v2\/pages\/1109\/revisions"}],"predecessor-version":[{"id":4264,"href":"https:\/\/mercadoernc.minenergia.cl\/index.php?rest_route=\/wp\/v2\/pages\/1109\/revisions\/4264"}],"up":[{"embeddable":true,"href":"https:\/\/mercadoernc.minenergia.cl\/index.php?rest_route=\/wp\/v2\/pages\/1104"}],"wp:attachment":[{"href":"https:\/\/mercadoernc.minenergia.cl\/index.php?rest_route=%2Fwp%2Fv2%2Fmedia&parent=1109"}],"curies":[{"name":"wp","href":"https:\/\/api.w.org\/{rel}","templated":true}]}}