{"id":1077,"date":"2018-07-19T22:35:46","date_gmt":"2018-07-19T22:35:46","guid":{"rendered":"https:\/\/mercadoernc.minenergia.cl\/?page_id=1077"},"modified":"2022-01-24T22:52:08","modified_gmt":"2022-01-24T22:52:08","slug":"1-1-leyes","status":"publish","type":"page","link":"https:\/\/mercadoernc.minenergia.cl\/?page_id=1077","title":{"rendered":"1.1 Leyes"},"content":{"rendered":"<p>[vc_row][vc_column width=\u00bb1\/4&#8243;][vc_tta_accordion active_section=\u00bb1&#8243; collapsible_all=\u00bbtrue\u00bb][vc_tta_section i_icon_fontawesome=\u00bbfa fa-plus\u00bb add_icon=\u00bbtrue\u00bb title=\u00bbAnexos\u00bb tab_id=\u00bb1643064696119-42097ac7-2629&#8243;][vc_column_text]<\/p>\n<ul>\n<li style=\"text-align: left;\"><span class=\"outer\"><span class=\"inner\"><a href=\"https:\/\/mercadoernc.minenergia.cl\/?page_id=1072\" rel=\"noopener\">Anexo 1: Marco regulatorio<\/a><\/span><\/span><\/li>\n<li style=\"text-align: left;\"><span class=\"outer\"><span class=\"inner\"><a href=\"https:\/\/mercadoernc.minenergia.cl\/?page_id=1109\" rel=\"noopener\">Anexo 2: Aspectos de funcionamiento del mercado<\/a><\/span><\/span><\/li>\n<li style=\"text-align: left;\"><span class=\"outer\"><span class=\"inner\"><a href=\"https:\/\/mercadoernc.minenergia.cl\/?page_id=1130\" rel=\"noopener\">Anexo 3: Potencia de suficiencia<\/a><\/span><\/span><\/li>\n<li style=\"text-align: left;\"><span class=\"outer\"><span class=\"inner\"><a href=\"https:\/\/mercadoernc.minenergia.cl\/?page_id=1140\" rel=\"noopener\">Anexo 4: Generaci\u00f3n Distribuida<\/a><\/span><\/span><\/li>\n<li style=\"text-align: left;\"><span class=\"outer\"><span class=\"inner\"><a href=\"https:\/\/mercadoernc.minenergia.cl\/?page_id=1187\" rel=\"noopener\">Anexo 5: Plataformas de informaci\u00f3n<\/a><\/span><\/span><\/li>\n<li style=\"text-align: left;\"><span class=\"outer\"><span class=\"inner\"><a href=\"https:\/\/mercadoernc.minenergia.cl\/?page_id=1208\" rel=\"noopener\">Anexo 6: Glosario de t\u00e9rminos<\/a><\/span><\/span><\/li>\n<li style=\"text-align: left;\"><span class=\"outer\"><span class=\"inner\"><a href=\"https:\/\/mercadoernc.minenergia.cl\/?page_id=1217\" rel=\"noopener\">Anexo 7: Links a las principales leyes, reglamentos y normas<\/a><\/span><\/span><\/li>\n<\/ul>\n<p>[\/vc_column_text][\/vc_tta_section][\/vc_tta_accordion][\/vc_column][vc_column width=\u00bb3\/4&#8243;][vc_column_text]<\/p>\n<h1>Anexo 1.1 Leyes<\/h1>\n<p>[\/vc_column_text][vc_tta_accordion active_section=\u00bb99&#8243; collapsible_all=\u00bbtrue\u00bb][vc_tta_section i_icon_fontawesome=\u00bbfa fa-compress\u00bb add_icon=\u00bbtrue\u00bb title=\u00bb1.1.1 Decreto con Fuerza de Ley N\u00b04, Ley General de Servicios El\u00e9ctricos (LGSE)\u00bb tab_id=\u00bbdecreto4&#8243;][vc_column_text]El cuerpo legal que regula la actividad del sector el\u00e9ctrico es actualmente el DFL N\u00b0 4, promulgado el 12 de mayo de 2006 por el Ministerio de Econom\u00eda, Fomento y Reconstrucci\u00f3n, el que fija texto refundido, coordinado y sistematizado del DFL N\u00b0 1 de 1982, Ley General de Servicios El\u00e9ctricos (LGSE), en materia de energ\u00eda el\u00e9ctrica. El DFL N\u00b0 1 fue modificado en el a\u00f1o 2004 y posteriormente en el a\u00f1o 2005 con la promulgaci\u00f3n de las Leyes 19.940 y 20.018, denominadas Ley Corta I y Ley Corta II, respectivamente. Luego, se han sucedido m\u00faltiples cambios a la Ley siendo el de mayor relevancia en el a\u00f1o 2016 con la Ley 20.936. La Tabla 1 enumera y describe de forma general cada una de las modificaciones. Luego, en la siguiente secci\u00f3n se describen con algo m\u00e1s de detalle cada una de ellas.<\/p>\n<p><span style=\"font-size: revert; color: initial;\"><img loading=\"lazy\" decoding=\"async\" class=\"aligncenter size-large wp-image-3699\" src=\"https:\/\/mercadoernc.minenergia.cl\/wp-content\/uploads\/2021\/10\/Table-1-802x1024.png\" alt=\"\" width=\"802\" height=\"1024\" srcset=\"https:\/\/mercadoernc.minenergia.cl\/wp-content\/uploads\/2021\/10\/Table-1-802x1024.png 802w, https:\/\/mercadoernc.minenergia.cl\/wp-content\/uploads\/2021\/10\/Table-1-235x300.png 235w, https:\/\/mercadoernc.minenergia.cl\/wp-content\/uploads\/2021\/10\/Table-1-768x980.png 768w, https:\/\/mercadoernc.minenergia.cl\/wp-content\/uploads\/2021\/10\/Table-1-660x842.png 660w, https:\/\/mercadoernc.minenergia.cl\/wp-content\/uploads\/2021\/10\/Table-1.png 1093w\" sizes=\"auto, (max-width: 802px) 100vw, 802px\" \/>El DFL N\u00b0 4 regula la producci\u00f3n, transporte, distribuci\u00f3n, concesiones y tarifas de energ\u00eda el\u00e9ctrica. Este cuerpo legal incluye el r\u00e9gimen de concesiones, servidumbres, precios, condiciones de calidad y seguridad de instalaciones, maquinarias e instrumentos y las relaciones de las empresas con el Estado y los particulares.<\/span><\/p>\n<p style=\"text-align: left;\">La Ley General de Servicios El\u00e9ctricos y su reglamentaci\u00f3n complementaria, determinan las normas t\u00e9cnicas y de seguridad por las cuales debe regirse cualquier instalaci\u00f3n el\u00e9ctrica en el pa\u00eds.<\/p>\n<p>[\/vc_column_text][\/vc_tta_section][vc_tta_section i_icon_fontawesome=\u00bbfa fa-compress\u00bb add_icon=\u00bbtrue\u00bb title=\u00bb1.1.2 Ley 19.940 de 2004 (Ley Corta I)\u00bb tab_id=\u00bbley19940&#8243;][vc_column_text]La Ley Corta I fue promulgada por el Ministerio de Econom\u00eda, Fomento y Reconstrucci\u00f3n y fue publicada en el Diario Oficial del 13 de marzo de 2004. Los objetivos centrales de la iniciativa estuvieron orientados a brindar a los consumidores mayores niveles de seguridad y calidad de suministro a precios razonables y dotar al sector el\u00e9ctrico de un marco reglamentario moderno y eficiente que otorgue la certidumbre y estabilidad necesaria en las reglas del juego a un sector estrat\u00e9gico para el desarrollo del pa\u00eds. A continuaci\u00f3n, vienen aspectos centrales de la Ley 19.940:<\/p>\n<ul>\n<li>Se establecen reformas relevantes a la regulaci\u00f3n que condiciona la operaci\u00f3n y desarrollo de los sistemas de transmisi\u00f3n, permitiendo mejorar los criterios de asignaci\u00f3n de recursos por uso del sistema por parte de los diferentes agentes, y se precisa el procedimiento de determinaci\u00f3n de peajes de transmisi\u00f3n, lo que debiera permitir el desarrollo y remuneraci\u00f3n del 100% del sistema de transmisi\u00f3n en la medida que \u00e9ste sea eficiente.<\/li>\n<li>El c\u00e1lculo de los precios de nudo (PN) tiende a entregar valores estabilizados por la v\u00eda de disminuir la banda de variaci\u00f3n del PN respecto a lo observado en el segmento de los contratos con clientes libres. Anteriormente se admit\u00eda que el PN se ubicar\u00e1 en torno al 10% del precio libre, quedando la banda modificada por la nueva Ley en torno al 5%.<\/li>\n<li>Se ampl\u00eda el mercado no regulado rebajando el l\u00edmite de caracterizaci\u00f3n de clientes libres desde 2000 kW a 500 kW.<\/li>\n<li>Se precisan las normas de peajes que permiten a oferentes distintos de las distribuidoras el acceso a clientes libres ubicados en las zonas de concesi\u00f3n de \u00e9stas \u00faltimas.<\/li>\n<li>Se introduce el mercado de servicios complementarios, estableciendo la transacci\u00f3n y valoraci\u00f3n de recursos t\u00e9cnicos que permiten mejorar la calidad y seguridad de los servicios.<\/li>\n<li>Se reform\u00f3 el mecanismo de c\u00e1lculo de tarifas en sistemas de tama\u00f1o mediano (entre 1500 kW y 200 MW de capacidad instalada). Espec\u00edficamente, esto ata\u00f1e a los sistemas del sur del pa\u00eds, Ays\u00e9n y Magallanes.<\/li>\n<li>Se mejoran considerablemente las condiciones para el desarrollo de proyectos de peque\u00f1as centrales de energ\u00eda no convencional, principalmente energ\u00edas renovables, por medio de la apertura de los mercados el\u00e9ctricos a este tipo de centrales, del establecimiento del derecho a evacuar su energ\u00eda a trav\u00e9s de los sistemas de distribuci\u00f3n y de la posible exenci\u00f3n del pago de peajes por el uso del sistema de transmisi\u00f3n troncal.<\/li>\n<li>Se establece un mecanismo de soluci\u00f3n de controversias en el sector el\u00e9ctrico, tanto entre las empresas y la autoridad, como entre empresas, a trav\u00e9s del establecimiento del Panel de Expertos.<\/li>\n<li>Se introduce la posibilidad de reconocer, tanto en el sistema de precios como en las transacciones, la existencia de subsistemas dentro de un sistema el\u00e9ctrico para efecto de establecer los requerimientos de nueva capacidad de generaci\u00f3n en forma separada.<\/li>\n<\/ul>\n<p>[\/vc_column_text][\/vc_tta_section][vc_tta_section i_icon_fontawesome=\u00bbfa fa-compress\u00bb add_icon=\u00bbtrue\u00bb title=\u00bb1.1.3 Ley 20.018 de 2005 (Ley Corta II)\u00bb tab_id=\u00bbley20018&#8243;][vc_column_text]Promulgada el 19 de mayo de 2005 por el Ministerio de Econom\u00eda, Fomento y Reconstrucci\u00f3n, surge debido a la incertidumbre respecto a la disponibilidad del gas natural argentino, lo que dificultar\u00eda estimar niveles de precios futuros y niveles de ingresos por ventas de energ\u00eda. A continuaci\u00f3n, siguen los aspectos centrales de la Ley 20.018:<\/p>\n<ul>\n<li>Permite la licitaci\u00f3n de contratos a largo plazo por parte de las empresas distribuidoras y precios superiores al precio de nudo y no sujetos a la variaci\u00f3n de \u00e9ste.<\/li>\n<li>Ampl\u00eda la banda de ajuste de precios regulados con respecto a precios libres.<\/li>\n<li>Creaci\u00f3n de un mercado que permita a las generadoras dar incentivos para que los clientes que consumen menos de 2 MW regulen su consumo.<\/li>\n<li>La falta de suministro de gas argentino no constituye causa de fuerza mayor.<\/li>\n<\/ul>\n<p>[\/vc_column_text][\/vc_tta_section][vc_tta_section i_icon_fontawesome=\u00bbfa fa-compress\u00bb add_icon=\u00bbtrue\u00bb title=\u00bb1.1.4 Ley 20.220 de 2007 Para Resguardar la Seguridad del Suministro a los Clientes Regulados y la Suficiencia de los Sistemas El\u00e9ctricos (Ley de Administraci\u00f3n Provisional)\u00bb tab_id=\u00bbley20220&#8243;][vc_column_text]Promulgada el 14 de septiembre de 2007, modifica la LGSE respecto del resguardo de la seguridad de suministro a los clientes regulados y la suficiencia de los sistemas el\u00e9ctricos. Considera situaciones de juicios por t\u00e9rmino de contratos y quiebra de empresas. De esta forma, protege a los consumidores regulados ante la falta de viabilidad econ\u00f3mica de las empresas el\u00e9ctricas, ordenando la etapa de transici\u00f3n de una empresa de quiebra, mediante la administraci\u00f3n provisional de los activos que deber\u00e1n mantenerse disponibles para limitar los efectos de la insolvencia de la empresa sobre la poblaci\u00f3n.[\/vc_column_text][\/vc_tta_section][vc_tta_section i_icon_fontawesome=\u00bbfa fa-compress\u00bb add_icon=\u00bbtrue\u00bb title=\u00bb1.1.5 Ley 20.257 de 2008 (Ley ERNC I)\u00bb tab_id=\u00bbley20257&#8243;][vc_column_text]La Ley 20.257 fue promulgada el 1 de abril de 2008, modifica la LGSE respecto de la generaci\u00f3n de energ\u00eda el\u00e9ctrica con fuentes de ERNC. Establece cuotas anuales de generaci\u00f3n ERNC con aumentos progresivos hasta llegar a un 10% el a\u00f1o 2024.[\/vc_column_text][\/vc_tta_section][vc_tta_section i_icon_fontawesome=\u00bbfa fa-compress\u00bb add_icon=\u00bbtrue\u00bb title=\u00bb1.1.6 Ley 20.402 de 2009 (Crea el Ministerio de Energ\u00eda)\u00bb tab_id=\u00bbley20402&#8243;][vc_column_text]La Ley 20.402 que fue promulgada el 25 de noviembre de 2009 crea la principal entidad pol\u00edtica que representa al Estado de Chile en el sector energ\u00eda. De esta forma, todas las competencias en materias de formulaci\u00f3n de pol\u00edticas, normas legales y reglamentarias, planes y\u00a0 programas son encomendadas al Ministerio que pasa tener a su cargo la rector\u00eda del sector energ\u00eda en el pa\u00eds. Las funciones relativas a regulaci\u00f3n t\u00e9cnica \u2013 econ\u00f3mica del sector se mantienen en la competencia de la Comisi\u00f3n Nacional de Energ\u00eda.[\/vc_column_text][\/vc_tta_section][vc_tta_section i_icon_fontawesome=\u00bbfa fa-compress\u00bb add_icon=\u00bbtrue\u00bb title=\u00bb1.1.7 Ley 20.571 de 2012 y Ley 21.118 de 2018 (Ley de Facturaci\u00f3n Neta)\u00bb tab_id=\u00bbley20571&#8243;][vc_column_text]La ley 20.571 promulgada el 20 de febrero de 2012, pero con entrada en vigencia en septiembre de 2014 y que recientemente fue modificada el 2018 con la Ley 21.118, permiti\u00f3 a los generadores de muy baja escala (menores a 300 kW) inyectar energ\u00eda a la red de distribuci\u00f3n, valorizando dichas inyecciones\u00a0 regulando la compensaci\u00f3n econ\u00f3mica por estas y facilitando su conexi\u00f3n. Con ello, se habilita la generaci\u00f3n residencial, en locales comerciales y en peque\u00f1as industrias, pues permite a estos generadores adem\u00e1s de autoabastecerse vender sus excedentes a la red.[\/vc_column_text][\/vc_tta_section][vc_tta_section i_icon_fontawesome=\u00bbfa fa-compress\u00bb add_icon=\u00bbtrue\u00bb title=\u00bb1.1.8 Ley 20.701 de 2013 (Agiliza el otorgamiento de Concesiones El\u00e9ctricas)\u00bb tab_id=\u00bbley20701&#8243;][vc_column_text]Promulgada el 10 de septiembre de 2013, la Ley 20.701 redujo los tiempos de tramitaci\u00f3n de las concesiones el\u00e9ctricas estableciendo un nuevo procedimiento de otorgamiento de servidumbres, simplificando requisitos, reduciendo los tiempos de reclamaci\u00f3n y oposici\u00f3n y mejorando el proceso de notificaciones. Adem\u00e1s introduce la posibilidad de dividir la concesi\u00f3n, modifica el procedimiento de tasaci\u00f3n de los inmuebles y establece un procedimiento arbitral para solucionar conflictos. Asimismo, esta Ley permiti\u00f3 el alzamiento de la medida precautoria de suspensi\u00f3n de obras ante denuncias sobre obras nuevas de los concesionarios el\u00e9ctricos.[\/vc_column_text][\/vc_tta_section][vc_tta_section i_icon_fontawesome=\u00bbfa fa-compress\u00bb add_icon=\u00bbtrue\u00bb title=\u00bb1.1.9 Ley 20.698 de 2013 (Ley ERNC II)\u00bb tab_id=\u00bbley20698&#8243;][vc_column_text]La Ley 20.698 fue promulgada el 14 de octubre de 2013, modifica la LGSE respecto de la generaci\u00f3n de energ\u00eda el\u00e9ctrica con fuentes de ERNC. Establece nuevas cuotas anuales de generaci\u00f3n ERNC con aumentos progresivos hasta llegar a un 20% el a\u00f1o 2025.[\/vc_column_text][\/vc_tta_section][vc_tta_section i_icon_fontawesome=\u00bbfa fa-compress\u00bb add_icon=\u00bbtrue\u00bb title=\u00bb1.1.10 Ley 20.720 de 2013 (Ley de quiebras)\u00bb tab_id=\u00bbley20720&#8243;][vc_column_text]La Ley 20.720, promulgada el 30 de diciembre de 2013, es una Ley general de insolvencia y reemprendimiento que establece l\u00edmites de tiempo a los procedimientos, promueve juzgados especializados, crea procedimientos efectivos de reorganizaci\u00f3n, mejora las transparencia, entre otros. En cuanto a Ley el\u00e9ctrica, la modifica en relaci\u00f3n el procedimiento concursal de liquidaci\u00f3n de una empresa generadora, transmisora o distribuidora.[\/vc_column_text][\/vc_tta_section][vc_tta_section i_icon_fontawesome=\u00bbfa fa-compress\u00bb add_icon=\u00bbtrue\u00bb title=\u00bb1.1.11 Ley 20.726 de 2014 (Interconexi\u00f3n de sistemas el\u00e9ctricos)\u00bb tab_id=\u00bbley20726&#8243;][vc_column_text]La Ley 20.726, promulgada el 30 de enero de 2014, habilit\u00f3 a la Comisi\u00f3n Nacional de Energ\u00eda para poder incorporar en el plan de expansi\u00f3n de la red la interconexi\u00f3n como una obra nacional. De esta forma, el Estado pudo impulsar la interconexi\u00f3n de los sistemas SIC y SING que se materializar\u00e1 a fines de 2017[\/vc_column_text][\/vc_tta_section][vc_tta_section i_icon_fontawesome=\u00bbfa fa-compress\u00bb add_icon=\u00bbtrue\u00bb title=\u00bb1.1.12 Ley 20.805 de 2015 (Perfecciona el sistema de licitaciones reguladas)\u00bb tab_id=\u00bbley20805&#8243;][vc_column_text]La Ley 20.805 fue promulgada el 22 de enero de 2015 y estableci\u00f3 una serie de modificaciones al sistema de licitaciones reguladas para hacerlas m\u00e1s competitivas. Entre los cambios se encuentran los siguientes: incorpora mayor plazo a licitaciones de largo plazo acorde a los tiempos requeridos de nuevos oferentes aumentando el plazo m\u00e1ximo de contratos a 20 a\u00f1os (antes eran 15 a\u00f1os), permiten licitaciones de corto plazo para satisfacer necesidades inmediatas que no hayan sido previstas en las proyecciones de demanda, establece precios m\u00e1ximos diferenciados por plazos. Con esta Ley la autoridad regulatoria (en este caso la CNE) pasa a tener un rol m\u00e1s protag\u00f3nico en el proceso y con ello se facilita la coordinaci\u00f3n de procesos y estandarizaci\u00f3n de contratos. Adem\u00e1s, la proyecci\u00f3n de demanda pasa a realizarla la misma autoridad, en vez de las distribuidoras, eliminando algunos potenciales sesgos de estimaci\u00f3n.[\/vc_column_text][\/vc_tta_section][vc_tta_section i_icon_fontawesome=\u00bbfa fa-compress\u00bb add_icon=\u00bbtrue\u00bb title=\u00bb1.1.13 Ley 20.897 de 2016 (Franquicia tributaria respecto de sistemas solares t\u00e9rmicos y beneficio de alzamiento de suspensi\u00f3n de obras para proyectos ERNC)\u00bb tab_id=\u00bbley20897&#8243;][vc_column_text]Ley promulgada el 1 de febrero de 2016 cuyo principal fin es entregar un beneficio tributario a las empresas constructoras que consiste en que pueden descontar el pago de IVA del monto gastado en los paneles, tambi\u00e9n modific\u00f3 la Ley el\u00e9ctrica, permitiendo que los proyectos ERNC puedan alzar la medida precautoria de suspensi\u00f3n de obras que originalmente s\u00f3lo pod\u00edan realizar los concesionarios el\u00e9ctricos. As\u00ed, se evita el entorpecimiento de las obras, principalmente por concesionarios mineros.[\/vc_column_text][\/vc_tta_section][vc_tta_section i_icon_fontawesome=\u00bbfa fa-compress\u00bb add_icon=\u00bbtrue\u00bb title=\u00bb1.1.14 Ley 20.928 de 2016 (Ley de Equidad Tarifaria)\u00bb tab_id=\u00bbley20928&#8243;][vc_column_text]Ley promulgada en junio de 2016 que busca eliminar las grandes diferencias en los precios de distribuci\u00f3n de energ\u00eda a lo largo de Chile. Una de las modificaciones que incorpora esta Ley es que ecualiza las tarifas residenciales entre empresas de distribuci\u00f3n impidiendo diferencias para un consumo tipo de mas de un 10%. La absorci\u00f3n de las diferencias las financian los usuarios residenciales con consumos promedio mayores a 200 kWh\/mes. Adicionalmente, otras de las modificaciones que incorpora esta nueva Ley es un descuento en el precio de energ\u00eda el\u00e9ctrica que las distribuidoras traspasan a sus clientes en las comunas intensivas en generaci\u00f3n. El descuento aplicado ser\u00e1 determinado en funci\u00f3n de un factor de intensidad de acuerdo a los kW de generaci\u00f3n por cada cliente regulado.<\/p>\n<p>Asimismo en aquellas comunas en que se emplacen centrales cuya energ\u00eda el\u00e9ctrica generada, en su conjunto, sea mayor al 5% de la energ\u00eda el\u00e9ctrica generada por todas las centrales interconectadas, se aplica un descuento adicional.[\/vc_column_text][\/vc_tta_section][vc_tta_section i_icon_fontawesome=\u00bbfa fa-compress\u00bb add_icon=\u00bbtrue\u00bb title=\u00bb1.1.15 Ley 20.936 de 2016 (Ley de Transmisi\u00f3n y Coordinador Independiente del Sistema El\u00e9ctrico Nacional)\u00bb tab_id=\u00bbley20936&#8243;][vc_column_text]Esta Ley, promulgada el 11 de julio de 2016, es una reforma significativa al mercado el\u00e9ctrico en Chile. Esta Ley introduce cambios muy profundos a la remuneraci\u00f3n y planificaci\u00f3n de la red de transmisi\u00f3n y adem\u00e1s crea un nuevo organismo Coordinador Independiente del SEN reemplazando a los antiguos Centros de Despacho Econ\u00f3mico de Carga (CDECs). En cuanto a la remuneraci\u00f3n de la transmisi\u00f3n, esta pasa de un complejo sistema de asignaciones de costos entre generadores y consumidores a un sistema de \u201cestampillado\u201d, en donde los clientes finales pagan completamente el sistema de transmisi\u00f3n a trav\u00e9s de un cargo fijo predeterminado para lo cual se establece un per\u00edodo de transici\u00f3n hasta 2034. El principio es hacer m\u00e1s simple y transparente la remuneraci\u00f3n de la transmisi\u00f3n para todos los actores.<\/p>\n<p>En cuanto a la planificaci\u00f3n de la red, esta Ley crea un nuevo proceso de planificaci\u00f3n de largo plazo, a cargo del Ministerio de Energ\u00eda con un horizonte de 30 a\u00f1os que debe ser realizado cada 5 a\u00f1os. Adem\u00e1s, a cargo de la Comisi\u00f3n queda la planificaci\u00f3n anual que mirar\u00e1 a un horizonte de 20 a\u00f1os y que terminar\u00e1 con la fijaci\u00f3n de nuevas obras a licitar por el Coordinador. La Ley cambia la los segmentos de transmisi\u00f3n pasando a una definici\u00f3n m\u00e1s funcional de la transmisi\u00f3n. La transmisi\u00f3n troncal pasa a transmisi\u00f3n nacional, la subtransmisi\u00f3n a transmisi\u00f3n zonal, la transmisi\u00f3n adicional a transmisi\u00f3n dedicada y se crean nuevos segmentos de transmisi\u00f3n orientado a polos de desarrollo de generaci\u00f3n y a exportaci\u00f3n\/importaci\u00f3n de energ\u00eda el\u00e9ctrica con pa\u00edses vecinos. La Ley conlleva el desarrollo de m\u00faltiples reglamentos que se encuentran en proceso de definici\u00f3n.[\/vc_column_text][\/vc_tta_section][vc_tta_section i_icon_fontawesome=\u00bbfa fa-compress\u00bb add_icon=\u00bbtrue\u00bb title=\u00bb1.1.16 Ley 21.185 de 2019 (Ley de Precio Estabilizado a Cliente Regulado)\u00bb tab_id=\u00bbley2185&#8243;][vc_column_text]Ley promulgada en octubre de 2019, cre\u00f3 un mecanismo transitorio de estabilizaci\u00f3n de precios de la energ\u00eda el\u00e9ctrica para clientes regulados fijando un Precio Estabilizado a Cliente Regulado (PEC) hasta diciembre de 2027, considerando como base los precios fijados por el Decreto 20T\/2019. De esta forma, durante la vigencia del mecanismo, no se recalcular\u00e1n los descuentos por el mecanismo de reconocimiento de generaci\u00f3n local de la Ley de Equidad Tarifaria.[\/vc_column_text][\/vc_tta_section][vc_tta_section i_icon_fontawesome=\u00bbfa fa-compress\u00bb add_icon=\u00bbtrue\u00bb title=\u00bb1.1.17 Ley 21.194 de 2019 (Ley Corta de Distribuci\u00f3n El\u00e9ctrica)\u00bb tab_id=\u00bbley21194&#8243;][vc_column_text]Ley promulgada en octubre de 2019 rebaja la rentabilidad de las empresas de distribuci\u00f3n y perfecciona el proceso tarifario de distribuci\u00f3n el\u00e9ctrica. La Ley fija una nueva tasa de actualizaci\u00f3n, representativa de los riesgos actuales que enfrentan las empresas que prestan el servicio de distribuci\u00f3n el\u00e9ctrica, a fin de determinar adecuadamente los costos eficientes de prestar el servicio de distribuci\u00f3n, evitando asimetr\u00edas de informaci\u00f3n y permitiendo la participaci\u00f3n de los agentes interesados de forma transparente y contestable, basado en argumentos t\u00e9cnicos, jur\u00eddicos y econ\u00f3micos.<\/p>\n<p>El principal cambio de la normativa consiste en pasar desde el actual 10% antes de impuestos de la rentabilidad, a una tasa de mercado calculada por la autoridad con un piso de 6% y un techo de 8% despu\u00e9s de impuestos. Exige publicitar parte del procedimiento que ten\u00eda actualmente la ley, y hace modificaciones sustanciales a los procedimientos que actualmente realiza la CNE.[\/vc_column_text][\/vc_tta_section][\/vc_tta_accordion][vc_row_inner][vc_column_inner width=\u00bb1\/2&#8243;][vc_btn title=\u00bbAnterior\u00bb color=\u00bbgreen\u00bb align=\u00bbleft\u00bb i_icon_fontawesome=\u00bbfa fa-chevron-left\u00bb add_icon=\u00bbtrue\u00bb link=\u00bburl:https%3A%2F%2Fmercadoernc.minenergia.cl%2F%3Fpage_id%3D1072|||\u00bb][\/vc_column_inner][vc_column_inner width=\u00bb1\/2&#8243;][vc_btn title=\u00bbSiguiente\u00bb color=\u00bbgreen\u00bb align=\u00bbright\u00bb i_icon_fontawesome=\u00bbfa fa-chevron-right\u00bb add_icon=\u00bbtrue\u00bb link=\u00bburl:https%3A%2F%2Fmercadoernc.minenergia.cl%2F%3Fpage_id%3D1093|||\u00bb][\/vc_column_inner][\/vc_row_inner][\/vc_column][\/vc_row]<\/p>\n","protected":false},"excerpt":{"rendered":"<p>[vc_row][vc_column width=\u00bb1\/4&#8243;][vc_tta_accordion active_section=\u00bb1&#8243; collapsible_all=\u00bbtrue\u00bb][vc_tta_section i_icon_fontawesome=\u00bbfa fa-plus\u00bb add_icon=\u00bbtrue\u00bb title=\u00bbAnexos\u00bb tab_id=\u00bb1643064696119-42097ac7-2629&#8243;][vc_column_text] Anexo 1: Marco regulatorio Anexo 2: Aspectos de funcionamiento del mercado Anexo 3: Potencia de suficiencia Anexo 4: Generaci\u00f3n Distribuida Anexo 5: Plataformas de informaci\u00f3n Anexo 6: Glosario de t\u00e9rminos Anexo 7: Links a las principales leyes, reglamentos y normas [\/vc_column_text][\/vc_tta_section][\/vc_tta_accordion][\/vc_column][vc_column width=\u00bb3\/4&#8243;][vc_column_text] Anexo 1.1 Leyes [\/vc_column_text][vc_tta_accordion [&hellip;]<\/p>\n","protected":false},"author":3,"featured_media":0,"parent":1072,"menu_order":0,"comment_status":"closed","ping_status":"closed","template":"","meta":{"_acf_changed":false,"footnotes":""},"class_list":["post-1077","page","type-page","status-publish","hentry"],"acf":[],"_links":{"self":[{"href":"https:\/\/mercadoernc.minenergia.cl\/index.php?rest_route=\/wp\/v2\/pages\/1077","targetHints":{"allow":["GET"]}}],"collection":[{"href":"https:\/\/mercadoernc.minenergia.cl\/index.php?rest_route=\/wp\/v2\/pages"}],"about":[{"href":"https:\/\/mercadoernc.minenergia.cl\/index.php?rest_route=\/wp\/v2\/types\/page"}],"author":[{"embeddable":true,"href":"https:\/\/mercadoernc.minenergia.cl\/index.php?rest_route=\/wp\/v2\/users\/3"}],"replies":[{"embeddable":true,"href":"https:\/\/mercadoernc.minenergia.cl\/index.php?rest_route=%2Fwp%2Fv2%2Fcomments&post=1077"}],"version-history":[{"count":22,"href":"https:\/\/mercadoernc.minenergia.cl\/index.php?rest_route=\/wp\/v2\/pages\/1077\/revisions"}],"predecessor-version":[{"id":4391,"href":"https:\/\/mercadoernc.minenergia.cl\/index.php?rest_route=\/wp\/v2\/pages\/1077\/revisions\/4391"}],"up":[{"embeddable":true,"href":"https:\/\/mercadoernc.minenergia.cl\/index.php?rest_route=\/wp\/v2\/pages\/1072"}],"wp:attachment":[{"href":"https:\/\/mercadoernc.minenergia.cl\/index.php?rest_route=%2Fwp%2Fv2%2Fmedia&parent=1077"}],"curies":[{"name":"wp","href":"https:\/\/api.w.org\/{rel}","templated":true}]}}