{"id":1072,"date":"2018-07-19T22:12:53","date_gmt":"2018-07-19T22:12:53","guid":{"rendered":"https:\/\/mercadoernc.minenergia.cl\/?page_id=1072"},"modified":"2021-12-01T19:18:20","modified_gmt":"2021-12-01T19:18:20","slug":"anexo-1-marco-regulatorio-del-sector-electrico","status":"publish","type":"page","link":"https:\/\/mercadoernc.minenergia.cl\/?page_id=1072","title":{"rendered":"Anexo 1: Marco regulatorio del sector el\u00e9ctrico (\u00e9nfasis en ERNC)"},"content":{"rendered":"<p>[vc_row][vc_column width=\u00bb1\/4&#8243;][vc_tta_accordion active_section=\u00bb1&#8243; collapsible_all=\u00bbtrue\u00bb][vc_tta_section i_icon_fontawesome=\u00bbfa fa-plus\u00bb add_icon=\u00bbtrue\u00bb title=\u00bbAnexos\u00bb tab_id=\u00bb1638363227075-235e22ca-27b6&#8243;][vc_column_text]<\/p>\n<ul>\n<li style=\"text-align: left;\"><span class=\"outer\"><span class=\"inner\"><a href=\"https:\/\/mercadoernc.minenergia.cl\/?page_id=1072\" rel=\"noopener\">Anexo 1: Marco regulatorio<\/a><\/span><\/span><\/li>\n<li style=\"text-align: left;\"><span class=\"outer\"><span class=\"inner\"><a href=\"https:\/\/mercadoernc.minenergia.cl\/?page_id=1109\" rel=\"noopener\">Anexo 2: Aspectos de funcionamiento del mercado<\/a><\/span><\/span><\/li>\n<li style=\"text-align: left;\"><span class=\"outer\"><span class=\"inner\"><a href=\"https:\/\/mercadoernc.minenergia.cl\/?page_id=1130\" rel=\"noopener\">Anexo 3: Potencia de suficiencia<\/a><\/span><\/span><\/li>\n<li style=\"text-align: left;\"><span class=\"outer\"><span class=\"inner\"><a href=\"https:\/\/mercadoernc.minenergia.cl\/?page_id=1140\" rel=\"noopener\">Anexo 4: Generaci\u00f3n Distribuida<\/a><\/span><\/span><\/li>\n<li style=\"text-align: left;\"><span class=\"outer\"><span class=\"inner\"><a href=\"https:\/\/mercadoernc.minenergia.cl\/?page_id=1187\" rel=\"noopener\">Anexo 5: Plataformas de informaci\u00f3n<\/a><\/span><\/span><\/li>\n<li style=\"text-align: left;\"><span class=\"outer\"><span class=\"inner\"><a href=\"https:\/\/mercadoernc.minenergia.cl\/?page_id=1208\" rel=\"noopener\">Anexo 6: Glosario de t\u00e9rminos<\/a><\/span><\/span><\/li>\n<li style=\"text-align: left;\"><span class=\"outer\"><span class=\"inner\"><a href=\"https:\/\/mercadoernc.minenergia.cl\/?page_id=1217\" rel=\"noopener\">Anexo 7: Links a las principales leyes, reglamentos y normas<\/a><\/span><\/span><\/li>\n<\/ul>\n<p>[\/vc_column_text][\/vc_tta_section][\/vc_tta_accordion][\/vc_column][vc_column width=\u00bb3\/4&#8243;][vc_column_text]<\/p>\n<h1>Anexo 1: Marco regulatorio del sector el\u00e9ctrico (\u00e9nfasis en ERNC)<\/h1>\n<p>A continuaci\u00f3n se realiza una descripci\u00f3n de los elementos centrales del marco normativo del sector el\u00e9ctrico chileno. En la Figura 1 se muestra en mayor detalle la evoluci\u00f3n del marco legal chileno, con los principales cambios legales que ha sufrido el sector.<\/p>\n<p style=\"text-align: center;\"><img loading=\"lazy\" decoding=\"async\" class=\"alignnone wp-image-3467 \" src=\"https:\/\/mercadoernc.minenergia.cl\/wp-content\/uploads\/2021\/08\/A-Figura-1-1024x457.png\" alt=\"\" width=\"905\" height=\"404\" srcset=\"https:\/\/mercadoernc.minenergia.cl\/wp-content\/uploads\/2021\/08\/A-Figura-1-1024x457.png 1024w, https:\/\/mercadoernc.minenergia.cl\/wp-content\/uploads\/2021\/08\/A-Figura-1-300x134.png 300w, https:\/\/mercadoernc.minenergia.cl\/wp-content\/uploads\/2021\/08\/A-Figura-1-768x343.png 768w, https:\/\/mercadoernc.minenergia.cl\/wp-content\/uploads\/2021\/08\/A-Figura-1-660x294.png 660w, https:\/\/mercadoernc.minenergia.cl\/wp-content\/uploads\/2021\/08\/A-Figura-1.png 1500w\" sizes=\"auto, (max-width: 905px) 100vw, 905px\" \/><\/p>\n<p>[\/vc_column_text][vc_row_inner][vc_column_inner width=\u00bb1\/2&#8243;][\/vc_column_inner][vc_column_inner width=\u00bb1\/2&#8243;][vc_btn title=\u00bbSiguiente\u00bb color=\u00bbgreen\u00bb align=\u00bbright\u00bb i_icon_fontawesome=\u00bbfa fa-chevron-right\u00bb add_icon=\u00bbtrue\u00bb link=\u00bburl:https%3A%2F%2Fmercadoernc.minenergia.cl%2F%3Fpage_id%3D1077|||\u00bb][\/vc_column_inner][\/vc_row_inner][\/vc_column][\/vc_row]<\/p>\n","protected":false},"excerpt":{"rendered":"<p>[vc_row][vc_column width=\u00bb1\/4&#8243;][vc_tta_accordion active_section=\u00bb1&#8243; collapsible_all=\u00bbtrue\u00bb][vc_tta_section i_icon_fontawesome=\u00bbfa fa-plus\u00bb add_icon=\u00bbtrue\u00bb title=\u00bbAnexos\u00bb tab_id=\u00bb1638363227075-235e22ca-27b6&#8243;][vc_column_text] Anexo 1: Marco regulatorio Anexo 2: Aspectos de funcionamiento del mercado Anexo 3: Potencia de suficiencia Anexo 4: Generaci\u00f3n Distribuida Anexo 5: Plataformas de informaci\u00f3n Anexo 6: Glosario de t\u00e9rminos Anexo 7: Links a las principales leyes, reglamentos y normas [\/vc_column_text][\/vc_tta_section][\/vc_tta_accordion][\/vc_column][vc_column width=\u00bb3\/4&#8243;][vc_column_text] Anexo 1: Marco regulatorio [&hellip;]<\/p>\n","protected":false},"author":3,"featured_media":0,"parent":0,"menu_order":0,"comment_status":"closed","ping_status":"closed","template":"","meta":{"_acf_changed":false,"footnotes":""},"class_list":["post-1072","page","type-page","status-publish","hentry"],"acf":[],"_links":{"self":[{"href":"https:\/\/mercadoernc.minenergia.cl\/index.php?rest_route=\/wp\/v2\/pages\/1072","targetHints":{"allow":["GET"]}}],"collection":[{"href":"https:\/\/mercadoernc.minenergia.cl\/index.php?rest_route=\/wp\/v2\/pages"}],"about":[{"href":"https:\/\/mercadoernc.minenergia.cl\/index.php?rest_route=\/wp\/v2\/types\/page"}],"author":[{"embeddable":true,"href":"https:\/\/mercadoernc.minenergia.cl\/index.php?rest_route=\/wp\/v2\/users\/3"}],"replies":[{"embeddable":true,"href":"https:\/\/mercadoernc.minenergia.cl\/index.php?rest_route=%2Fwp%2Fv2%2Fcomments&post=1072"}],"version-history":[{"count":8,"href":"https:\/\/mercadoernc.minenergia.cl\/index.php?rest_route=\/wp\/v2\/pages\/1072\/revisions"}],"predecessor-version":[{"id":4263,"href":"https:\/\/mercadoernc.minenergia.cl\/index.php?rest_route=\/wp\/v2\/pages\/1072\/revisions\/4263"}],"wp:attachment":[{"href":"https:\/\/mercadoernc.minenergia.cl\/index.php?rest_route=%2Fwp%2Fv2%2Fmedia&parent=1072"}],"curies":[{"name":"wp","href":"https:\/\/api.w.org\/{rel}","templated":true}]}}